{"id":5780,"date":"2025-12-10T15:24:17","date_gmt":"2025-12-10T12:24:17","guid":{"rendered":"https:\/\/wristbandfactory.eu\/?post_type=product&#038;p=5780"},"modified":"2026-04-01T21:52:35","modified_gmt":"2026-04-01T18:52:35","slug":"custom-neoprene-lanyards-ultra-soft-cushioned","status":"publish","type":"product","link":"https:\/\/displayproducts.eu\/lv\/p\/custom-neoprene-lanyards-ultra-soft-cushioned\/","title":{"rendered":"Neopreno kaklajuost\u0117s"},"content":{"rendered":"<p data-path-to-node=\"11\">Izbaudiet izcilu komfortu ar m\u016bsu <b>Piel\u0101gotas neopr\u0113na aukli\u0146as<\/b>. Ja j\u016bsu darbinieki vai apmekl\u0113t\u0101ji s\u016bdzas par pl\u0101n\u0101m siksni\u0146\u0101m, kas berz\u0113 kaklu, \u0161is ir jums nepiecie\u0161amais augst\u0101k\u0101s klases uzlabojums.<\/p>\n<p data-path-to-node=\"12\"><b>Veidots k\u0101 hidrot\u0113rps<\/b> \u0160\u012bs kakla lentas ir izgatavotas no augstas kvalit\u0101tes neopr\u0113na, t\u0101s ir m\u012bkstas, elast\u012bgas un iztur\u012bgas pret sviedriem. Materi\u0101lam ir dabisks biezums (s\u016bk\u013cains kodols), kas darbojas k\u0101 amortizators, padarot to par iecien\u012btu izv\u0113li sporta z\u0101\u013cu treneriem, piedz\u012bvojumu gidiem br\u012bv\u0101 dab\u0101 un apkopes person\u0101lam, kas nes smagas atsl\u0113gas.<\/p>\n<p data-path-to-node=\"13\"><b>Sportisks un profesion\u0101ls<\/b> Izskats ir izteikti sportisks, tom\u0113r profesion\u0101ls. Malas ir apdarin\u0101tas ar pieska\u0146ot\u0101m vai kontrast\u0113jo\u0161\u0101m \u0161uv\u0113m, pie\u0161\u0137irot kakla siksni\u0146ai augstas klases, piel\u0101gotu izskatu. Neatkar\u012bgi no t\u0101, vai izv\u0113laties drosm\u012bgu rakstu vai elegantu uz\u0146\u0113muma logotipu, rezult\u0101ts vienm\u0113r piesaista uzman\u012bbu.<\/p>\n<p data-path-to-node=\"14\"><b>Galven\u0101s iez\u012bmes:<\/b><\/p>\n<ul data-path-to-node=\"15\">\n<li>\n<p data-path-to-node=\"15,0,0\"><b>Materi\u0101ls:<\/b> M\u012bksts neopr\u0113ns ar auduma p\u0101rkl\u0101jumu.<\/p>\n<\/li>\n<li>\n<p data-path-to-node=\"15,1,0\"><b>B\u016bvniec\u012bba:<\/b> Cauru\u013cveida vai plakana ar sa\u0161\u016bt\u0101m mal\u0101m.<\/p>\n<\/li>\n<li>\n<p data-path-to-node=\"15,2,0\"><b>Pielikumi:<\/b> Iztur\u012bgi met\u0101la \u0101\u0137i, O veida gredzeni un no\u0146emamas spr\u0101dzes.<\/p>\n<\/li>\n<li>\n<p data-path-to-node=\"15,3,0\"><b>Dro\u0161\u012bba:<\/b> Pieejamas plastmasas atdal\u0101mas spr\u0101dzes.<\/p>\n<\/li>\n<\/ul>","protected":false},"excerpt":{"rendered":"<ul>\n<li>\n<p data-path-to-node=\"9,0,0\"><b>Maksim\u0101ls komforts:<\/b> Izgatavots no poraina neopr\u0113na (hidrot\u0113rpa materi\u0101la), kas nodro\u0161ina amortiz\u0101cijas saj\u016btu, nov\u0113r\u0161ot kakla kairin\u0101jumu pat pie lielas slodzes.<\/p>\n<\/li>\n<li>\n<p data-path-to-node=\"9,1,0\"><b>Iztur\u012bga apdare:<\/b> Ar pastiprin\u0101t\u0101m \u0161uv\u0113m mal\u0101m (overloks), lai nov\u0113rstu nodil\u0161anu un pagarin\u0101tu izstr\u0101d\u0101juma kalpo\u0161anas laiku.<\/p>\n<\/li>\n<li>\n<p data-path-to-node=\"9,2,0\"><b>Lieljaudas:<\/b> Biezais profils padara to ide\u0101li piem\u0113rotu smagu atsl\u0113gu komplektu, instrumentu vai lielu elektronisko ier\u012b\u010du p\u0101rn\u0113s\u0101\u0161anai, neiegrie\u017eot \u0101d\u0101.<\/p>\n<\/li>\n<li>\n<p data-path-to-node=\"9,3,0\"><b>Spilgts z\u012bmols:<\/b> Pieejams ar krauk\u0161\u0137\u012bgu sietspiedi vai pilnkr\u0101su sublim\u0101ciju, piem\u0113ram, leoparda rakstam.<\/p>\n<\/li>\n<\/ul>","protected":false},"featured_media":5797,"comment_status":"closed","ping_status":"closed","template":"","meta":[],"product_brand":[],"product_cat":[104,108,118],"product_tag":[],"class_list":{"0":"post-5780","1":"product","2":"type-product","3":"status-publish","4":"has-post-thumbnail","6":"product_cat-custom-printed-lanyards","7":"product_cat-multifunctional-lanyards","8":"product_cat-sports-fitness","10":"first","11":"instock","12":"shipping-taxable","13":"purchasable","14":"product-type-simple"},"_links":{"self":[{"href":"https:\/\/displayproducts.eu\/lv\/wp-json\/wp\/v2\/product\/5780","targetHints":{"allow":["GET"]}}],"collection":[{"href":"https:\/\/displayproducts.eu\/lv\/wp-json\/wp\/v2\/product"}],"about":[{"href":"https:\/\/displayproducts.eu\/lv\/wp-json\/wp\/v2\/types\/product"}],"replies":[{"embeddable":true,"href":"https:\/\/displayproducts.eu\/lv\/wp-json\/wp\/v2\/comments?post=5780"}],"wp:featuredmedia":[{"embeddable":true,"href":"https:\/\/displayproducts.eu\/lv\/wp-json\/wp\/v2\/media\/5797"}],"wp:attachment":[{"href":"https:\/\/displayproducts.eu\/lv\/wp-json\/wp\/v2\/media?parent=5780"}],"wp:term":[{"taxonomy":"product_brand","embeddable":true,"href":"https:\/\/displayproducts.eu\/lv\/wp-json\/wp\/v2\/product_brand?post=5780"},{"taxonomy":"product_cat","embeddable":true,"href":"https:\/\/displayproducts.eu\/lv\/wp-json\/wp\/v2\/product_cat?post=5780"},{"taxonomy":"product_tag","embeddable":true,"href":"https:\/\/displayproducts.eu\/lv\/wp-json\/wp\/v2\/product_tag?post=5780"}],"curies":[{"name":"wp","href":"https:\/\/api.w.org\/{rel}","templated":true}]}}