{"id":5765,"date":"2025-12-10T15:10:44","date_gmt":"2025-12-10T12:10:44","guid":{"rendered":"https:\/\/wristbandfactory.eu\/?post_type=product&#038;p=5765"},"modified":"2026-04-01T21:52:35","modified_gmt":"2026-04-01T18:52:35","slug":"custom-printed-shoelaces-flat-round-sneaker-laces","status":"publish","type":"product","link":"https:\/\/displayproducts.eu\/lv\/p\/custom-printed-shoelaces-flat-round-sneaker-laces\/","title":{"rendered":"Kurpju auklas ar druku \u2013 Plakanas un apa\u013cas"},"content":{"rendered":"<p data-path-to-node=\"12\">P\u0101rv\u0113rtiet katru soli par z\u012bmola veido\u0161anas iesp\u0113ju ar m\u016bsu pal\u012bdz\u012bbu <b>Piel\u0101gotas apdruk\u0101tas kurpju \u0161\u0146ores<\/b>. Neatkar\u012bgi no t\u0101, vai t\u0101 ir korporat\u012bv\u0101 maratona komanda, sporta apavu z\u012bmola lai\u0161ana klaj\u0101 vai unik\u0101las universit\u0101tes preces, \u0161\u012bs kurpju \u0161\u0146ores pied\u0101v\u0101 jautru un funkcion\u0101lu veidu, k\u0101 att\u0113lot j\u016bsu logotipu.<\/p>\n<p data-path-to-node=\"13\"><b>Stili, kas atbilst j\u016bsu apaviem:<\/b><\/p>\n<ol start=\"1\" data-path-to-node=\"14\">\n<li>\n<p data-path-to-node=\"14,0,0\"><b>Plakan\u0101s \u0161\u0146ores:<\/b> Standarts sporta apaviem un skritu\u013cd\u0113\u013ciem. Tie pied\u0101v\u0101 platu audeklu (8\u201315 mm), kas ir ide\u0101li piem\u0113rots teksta un logotipu skaidrai las\u012b\u0161anai no att\u0101luma.<\/p>\n<\/li>\n<li>\n<p data-path-to-node=\"14,1,0\"><b>Apa\u013cas me\u017e\u0123\u012bnes:<\/b> Ide\u0101li piem\u0113rots skrie\u0161anas apaviem, z\u0101bakiem un kapu\u010djak\u0101m. Z\u012bmola uzraksts parasti tiek ieausts vai iespiests uz apavu galiem, lai ieg\u016btu neuzkr\u012bto\u0161u, mazumtirdzniec\u012bbas kvalit\u0101tes apdari.<\/p>\n<\/li>\n<\/ol>\n<p data-path-to-node=\"15\"><b>Piel\u0101goti uzga\u013ci (uzga\u013ci)<\/b> Paceliet to n\u0101kamaj\u0101 l\u012bmen\u012b, uzdruk\u0101jot sava z\u012bmola nosaukumu vai t\u012bmek\u013ca vietnes nosaukumu tie\u0161i uz \u0161\u0146oru plastmasas vai met\u0101la galiem. \u0160\u012b deta\u013ca pie\u0161\u0137ir produktam iev\u0113rojamu uztveramo v\u0113rt\u012bbu.<\/p>\n<p data-path-to-node=\"16\"><b>Ieteicamie lieto\u0161anas gad\u012bjumi:<\/b><\/p>\n<ul data-path-to-node=\"17\">\n<li>\n<p data-path-to-node=\"17,0,0\"><b>Maratoni un 5 km skr\u0113jieni:<\/b> Iek\u013caujiet tos dal\u012bbnieka \u201cd\u0101vanu maisi\u0146\u0101\u201d.\u201d<\/p>\n<\/li>\n<li>\n<p data-path-to-node=\"17,1,0\"><b>Darbinieku labsaj\u016bta:<\/b> Lieliski piem\u0113rots \u201cso\u013cu skait\u012b\u0161anas izaicin\u0101jumiem\u201d.\u201d<\/p>\n<\/li>\n<li>\n<p data-path-to-node=\"17,2,0\"><b>Mode un mazumtirdzniec\u012bba:<\/b> P\u0101rdodiet tos k\u0101 atsevi\u0161\u0137u aksesu\u0101ru vai d\u0101vanu, veicot pirkumu.<\/p>\n<\/li>\n<\/ul>\n<p data-path-to-node=\"18\"><b>Galven\u0101s iez\u012bmes:<\/b><\/p>\n<ul data-path-to-node=\"19\">\n<li>\n<p data-path-to-node=\"19,0,0\"><b>Materi\u0101ls:<\/b> Iztur\u012bgs poliesters.<\/p>\n<\/li>\n<li>\n<p data-path-to-node=\"19,1,0\"><b>Garums:<\/b> Standarta izm\u0113ri (90 cm, 120 cm, 140 cm) vai p\u0113c pas\u016bt\u012bjuma.<\/p>\n<\/li>\n<li>\n<p data-path-to-node=\"19,2,0\"><b>Druk\u0101t:<\/b> Siltuma p\u0101rnese (sublim\u0101cija) vai sietspiede.<\/p>\n<\/li>\n<li>\n<p data-path-to-node=\"19,3,0\"><b>Iepakojums:<\/b> P\u0101ri parasti tiek iepakoti caursp\u012bd\u012bg\u0101 polietil\u0113na maisi\u0146\u0101 vai piel\u0101got\u0101 kartes galven\u0113.<\/p>\n<\/li>\n<\/ul>","protected":false},"excerpt":{"rendered":"<ul>\n<li>\n<p data-path-to-node=\"10,0,0\"><b>Piln\u012bb\u0101 piel\u0101gojams:<\/b> Pieejams klasisk\u0101 plakan\u0101 stil\u0101 ar ko\u0161iem pilnkr\u0101su rakstiem vai apa\u013cas auklas stil\u0101 sportiskam izskatam.<\/p>\n<\/li>\n<li>\n<p data-path-to-node=\"10,1,0\"><b>Piln\u012bga z\u012bmola veido\u0161ana:<\/b> M\u0113s varam uzdruk\u0101t j\u016bsu logotipu vis\u0101 me\u017e\u0123\u012b\u0146u garum\u0101 un pat piel\u0101got plastmasas vai met\u0101la uzga\u013cus (agletus).<\/p>\n<\/li>\n<li>\n<p data-path-to-node=\"10,2,0\"><b>Spilgti dizaini:<\/b> Izmantojot sublim\u0101cijas druku, m\u0113s varam ieg\u016bt detaliz\u0113tu grafiku, piem\u0113ram, sirsni\u0146as, multfilmas vai sare\u017e\u0123\u012btus gradientus.<\/p>\n<\/li>\n<li>\n<p data-path-to-node=\"10,3,0\"><b>Gatavs pas\u0101kumam:<\/b> V\u0113rt\u012bga d\u0101vana labdar\u012bbas skr\u0113jieniem, sporta komand\u0101m un sporta apavu svin\u012bb\u0101m, ko sa\u0146\u0113m\u0113ji patie\u0161\u0101m izmanto.<\/p>\n<\/li>\n<\/ul>","protected":false},"featured_media":5839,"comment_status":"closed","ping_status":"closed","template":"","meta":[],"product_brand":[],"product_cat":[127],"product_tag":[],"class_list":{"0":"post-5765","1":"product","2":"type-product","3":"status-publish","4":"has-post-thumbnail","6":"product_cat-custom-straps-belts","8":"first","9":"instock","10":"shipping-taxable","11":"product-type-simple"},"_links":{"self":[{"href":"https:\/\/displayproducts.eu\/lv\/wp-json\/wp\/v2\/product\/5765","targetHints":{"allow":["GET"]}}],"collection":[{"href":"https:\/\/displayproducts.eu\/lv\/wp-json\/wp\/v2\/product"}],"about":[{"href":"https:\/\/displayproducts.eu\/lv\/wp-json\/wp\/v2\/types\/product"}],"replies":[{"embeddable":true,"href":"https:\/\/displayproducts.eu\/lv\/wp-json\/wp\/v2\/comments?post=5765"}],"wp:featuredmedia":[{"embeddable":true,"href":"https:\/\/displayproducts.eu\/lv\/wp-json\/wp\/v2\/media\/5839"}],"wp:attachment":[{"href":"https:\/\/displayproducts.eu\/lv\/wp-json\/wp\/v2\/media?parent=5765"}],"wp:term":[{"taxonomy":"product_brand","embeddable":true,"href":"https:\/\/displayproducts.eu\/lv\/wp-json\/wp\/v2\/product_brand?post=5765"},{"taxonomy":"product_cat","embeddable":true,"href":"https:\/\/displayproducts.eu\/lv\/wp-json\/wp\/v2\/product_cat?post=5765"},{"taxonomy":"product_tag","embeddable":true,"href":"https:\/\/displayproducts.eu\/lv\/wp-json\/wp\/v2\/product_tag?post=5765"}],"curies":[{"name":"wp","href":"https:\/\/api.w.org\/{rel}","templated":true}]}}