{"id":5760,"date":"2025-12-10T15:00:54","date_gmt":"2025-12-10T12:00:54","guid":{"rendered":"https:\/\/wristbandfactory.eu\/?post_type=product&#038;p=5760"},"modified":"2026-04-01T21:52:35","modified_gmt":"2026-04-01T18:52:35","slug":"custom-faux-fur-lanyards-fluffy-fashion-strap","status":"publish","type":"product","link":"https:\/\/displayproducts.eu\/lv\/p\/custom-faux-fur-lanyards-fluffy-fashion-strap\/","title":{"rendered":"P\u016bkainas kakla lentas \u2013 M\u0101ksl\u012bg\u0101 ka\u017eok\u0101da"},"content":{"rendered":"<p data-path-to-node=\"11\">Izsakiet drosm\u012bgu viedokli ar m\u016bsu <b>Piel\u0101gotas m\u0101ksl\u012bg\u0101s ka\u017eok\u0101das kakla lentass<\/b>. \u0160\u012bs kakla lentas ne tikai kalpos k\u0101 praktiskas lietas, bet ar\u012b ir \u012bsti modes aksesu\u0101ri, kas paredz\u0113ti, lai j\u016bsu z\u012bmols b\u016btu redzams p\u0113c iesp\u0113jas stil\u012bg\u0101kaj\u0101 veid\u0101.<\/p>\n<p data-path-to-node=\"12\"><b>&quot;P\u016bkains&quot; faktors<\/b> At\u0161\u0137ir\u012bb\u0101 no plakan\u0101m poliestera lent\u012bt\u0113m, \u0161\u012bs kakla lentas ir izgatavotas no m\u012bksta, cauru\u013cveida m\u0101ksl\u012bg\u0101s ka\u017eok\u0101das auduma. T\u0101s j\u016btas k\u0101 \u0161alle pret kaklu, padarot t\u0101s neticami \u0113rtas valk\u0101\u0161anai visas dienas garum\u0101 ziemas festiv\u0101los vai VIP pas\u0101kumos.<\/p>\n<p data-path-to-node=\"13\"><b>Viedie z\u012bmola risin\u0101jumi<\/b> T\u0101 k\u0101 gar\u0101 ka\u017eok\u0101da sl\u0113pj tinti, m\u0113s to izmantojam <b>pievienot\u0101s z\u012bmola uzl\u012bmes<\/b>.<\/p>\n<ul data-path-to-node=\"14\">\n<li>\n<p data-path-to-node=\"14,0,0\"><b>Austas eti\u0137etes:<\/b> Augstas kvalit\u0101tes auduma birka, kas pie\u0161\u016bta pie ka\u017eok\u0101das (t\u0101pat k\u0101 uz ap\u0123\u0113rba).<\/p>\n<\/li>\n<li>\n<p data-path-to-node=\"14,1,0\"><b>PVC\/gumijas iel\u0101pi:<\/b> Lai ieg\u016btu modernu 3D izskatu. \u0160\u012b metode nodro\u0161ina, ka j\u016bsu logotips paliek salas\u0101ms un ass, vienlaikus saglab\u0101jot produkta augst\u0101k\u0101s kvalit\u0101tes p\u016bkaino est\u0113tiku.<\/p>\n<\/li>\n<\/ul>\n<p data-path-to-node=\"15\"><b>Ieteicamie lieto\u0161anas gad\u012bjumi:<\/b><\/p>\n<ul data-path-to-node=\"16\">\n<li>\n<p data-path-to-node=\"16,0,0\"><b>Ielas ap\u0123\u0113rba preces:<\/b> Augstas v\u0113rt\u012bbas preces mazumtirdzniec\u012bbai.<\/p>\n<\/li>\n<li>\n<p data-path-to-node=\"16,1,0\"><b>Sl\u0113po\u0161anas un snovborda pas\u0101kumi:<\/b> Ide\u0101li piem\u0113rots aukst\u0101m vid\u0113m.<\/p>\n<\/li>\n<li>\n<p data-path-to-node=\"16,2,0\"><b>Rado\u0161\u0101s a\u0123ent\u016bras:<\/b> Unik\u0101la d\u0101vana, kas izce\u013cas starp garlaic\u012bgiem biroja piederumiem.<\/p>\n<\/li>\n<\/ul>\n<p data-path-to-node=\"17\"><b>Galven\u0101s iez\u012bmes:<\/b><\/p>\n<ul data-path-to-node=\"18\">\n<li>\n<p data-path-to-node=\"18,0,0\"><b>Materi\u0101ls:<\/b> 100% sint\u0113tisk\u0101 m\u0101ksl\u012bg\u0101 ka\u017eok\u0101da (poliesters).<\/p>\n<\/li>\n<li>\n<p data-path-to-node=\"18,1,0\"><b>Stils:<\/b> Cauru\u013cveida\/apa\u013c\u0161 profils.<\/p>\n<\/li>\n<li>\n<p data-path-to-node=\"18,2,0\"><b>Logotipa metode:<\/b> Austa eti\u0137ete vai iel\u0101ps.<\/p>\n<\/li>\n<li>\n<p data-path-to-node=\"18,3,0\"><b>Pielikumi:<\/b> Met\u0101la om\u0101ra \u0101\u0137is vai sadal\u012bts gredzens.<\/p>\n<\/li>\n<\/ul>","protected":false},"excerpt":{"rendered":"<ul>\n<li>\n<p data-path-to-node=\"9,0,0\"><b>\u012apa\u0161i p\u016bkaina tekst\u016bra:<\/b> Izgatavots no pl\u012b\u0161a sint\u0113tisk\u0101s ka\u017eok\u0101das caurules, kas pied\u0101v\u0101 unik\u0101lu, greznu taustes pieredzi.<\/p>\n<\/li>\n<li>\n<p data-path-to-node=\"9,1,0\"><b>Austas eti\u0137etes z\u012bmols:<\/b> T\u0101 k\u0101 ka\u017eok\u0101du nevar apdruk\u0101t tie\u0161i, j\u016bsu logotips tiek pie\u0161\u016bts uz augstas kvalit\u0101tes austas eti\u0137etes vai uz\u0161uves, kas piestiprin\u0101ta pie lentass.<\/p>\n<\/li>\n<li>\n<p data-path-to-node=\"9,2,0\"><b>Modes virz\u012bt\u0101jsp\u0113ks:<\/b> Iecien\u012bta izv\u0113le ielu ap\u0123\u0113rbu z\u012bmoliem, sl\u0113po\u0161anas k\u016brortiem un influenceriem, kas mekl\u0113 izcilas preces.<\/p>\n<\/li>\n<li>\n<p data-path-to-node=\"9,3,0\"><b>Spilgtas kr\u0101sas:<\/b> Pieejams klasisk\u0101 balt\u0101\/meln\u0101 kr\u0101s\u0101 vai p\u0113c pas\u016bt\u012bjuma kr\u0101sotos rakstos (piem\u0113ram, \u201cMonster\u201d zil\u0101\/violet\u0101 kr\u0101s\u0101), lai atbilstu konkr\u0113t\u0101m t\u0113m\u0101m.<\/p>\n<\/li>\n<\/ul>","protected":false},"featured_media":5845,"comment_status":"closed","ping_status":"closed","template":"","meta":[],"product_brand":[],"product_cat":[104,108,121],"product_tag":[],"class_list":{"0":"post-5760","1":"product","2":"type-product","3":"status-publish","4":"has-post-thumbnail","6":"product_cat-custom-printed-lanyards","7":"product_cat-multifunctional-lanyards","8":"product_cat-promotional-merchandise","10":"first","11":"instock","12":"shipping-taxable","13":"product-type-simple"},"_links":{"self":[{"href":"https:\/\/displayproducts.eu\/lv\/wp-json\/wp\/v2\/product\/5760","targetHints":{"allow":["GET"]}}],"collection":[{"href":"https:\/\/displayproducts.eu\/lv\/wp-json\/wp\/v2\/product"}],"about":[{"href":"https:\/\/displayproducts.eu\/lv\/wp-json\/wp\/v2\/types\/product"}],"replies":[{"embeddable":true,"href":"https:\/\/displayproducts.eu\/lv\/wp-json\/wp\/v2\/comments?post=5760"}],"wp:featuredmedia":[{"embeddable":true,"href":"https:\/\/displayproducts.eu\/lv\/wp-json\/wp\/v2\/media\/5845"}],"wp:attachment":[{"href":"https:\/\/displayproducts.eu\/lv\/wp-json\/wp\/v2\/media?parent=5760"}],"wp:term":[{"taxonomy":"product_brand","embeddable":true,"href":"https:\/\/displayproducts.eu\/lv\/wp-json\/wp\/v2\/product_brand?post=5760"},{"taxonomy":"product_cat","embeddable":true,"href":"https:\/\/displayproducts.eu\/lv\/wp-json\/wp\/v2\/product_cat?post=5760"},{"taxonomy":"product_tag","embeddable":true,"href":"https:\/\/displayproducts.eu\/lv\/wp-json\/wp\/v2\/product_tag?post=5760"}],"curies":[{"name":"wp","href":"https:\/\/api.w.org\/{rel}","templated":true}]}}