{"id":5753,"date":"2025-12-10T14:54:23","date_gmt":"2025-12-10T11:54:23","guid":{"rendered":"https:\/\/wristbandfactory.eu\/?post_type=product&#038;p=5753"},"modified":"2026-04-01T21:52:35","modified_gmt":"2026-04-01T18:52:35","slug":"high-visibility-reflective-strip-lanyards-safety-wear","status":"publish","type":"product","link":"https:\/\/displayproducts.eu\/lv\/p\/high-visibility-reflective-strip-lanyards-safety-wear\/","title":{"rendered":"Atstarojo\u0161as dro\u0161\u012bbas kakla lentas \u2013 Augstas redzam\u012bbas"},"content":{"rendered":"<p data-path-to-node=\"14\">Priorit\u0101ti pie\u0161\u0137iriet dro\u0161\u012bbai, neupur\u0113jot z\u012bmola t\u0113lu ar m\u016bsu <b>Augstas redzam\u012bbas atstarojo\u0161\u0101s lentes kakla lentas<\/b>. At\u0161\u0137ir\u012bb\u0101 no standarta kakla siksni\u0146\u0101m ar smalkiem atstarojo\u0161iem diegiem, \u0161im iztur\u012bgajam modelim ir izteikts sudraba atstarojo\u0161s sl\u0101nis, kas pieliets audumam, nodro\u0161inot maksim\u0101lu atstaro\u0161anu, l\u012bdz\u012bgi k\u0101 profesion\u0101lam dro\u0161\u012bbas apr\u012bkojumam.<\/p>\n<p data-path-to-node=\"15\"><b>Izstr\u0101d\u0101ts r\u016bpnieciskai lieto\u0161anai un lieto\u0161anai nakt\u012b<\/b> \u0160is ir nozares standarts <b>b\u016bvlaukumi, lidostas person\u0101ls uz zemes un apsardzes person\u0101ls<\/b>. Kad centr\u0101l\u0101 josla apsp\u012bd automa\u0161\u012bnu lukturi vai luktur\u012b\u0161i, t\u0101 spilgti izgaismojas, nodro\u0161inot, ka j\u016bsu darbinieki vai pas\u0101kuma dal\u012bbnieki ir redzami no att\u0101luma.<\/p>\n<p data-path-to-node=\"16\"><b>Iztur\u012bga konstrukcija<\/b> Atstarojo\u0161ais materi\u0101ls ir savienots ar iztur\u012bgu poliestera pamatsl\u0101ni. \u0160is divto\u0146u dizains (kr\u0101sa + sudrabs) ne tikai izskat\u0101s profesion\u0101li, bet ar\u012b nodro\u0161ina iztur\u012bbu. M\u0113s stingri iesak\u0101m pievienot <b>Dro\u0161\u012bbas atdal\u0101m\u0101 spr\u0101dze<\/b> \u0161im produktam, lai nodro\u0161in\u0101tu atbilst\u012bbu darba dro\u0161\u012bbas noteikumiem.<\/p>\n<p data-path-to-node=\"17\"><b>Ieteicamie lieto\u0161anas gad\u012bjumi:<\/b><\/p>\n<ul data-path-to-node=\"18\">\n<li>\n<p data-path-to-node=\"18,0,0\"><b>B\u016bvniec\u012bba un lo\u0123istika:<\/b> Oblig\u0101ta personu apliecino\u0161a dokumenta uzr\u0101d\u012b\u0161ana darbiniekiem objekt\u0101.<\/p>\n<\/li>\n<li>\n<p data-path-to-node=\"18,1,0\"><b>Nakts festiv\u0101li:<\/b> Nodro\u0161in\u0101t apmekl\u0113t\u0101ju dro\u0161\u012bbu un redzam\u012bbu tum\u0161\u0101s p\u016bl\u0113s.<\/p>\n<\/li>\n<li>\n<p data-path-to-node=\"18,2,0\"><b>Skolas:<\/b> Redzam\u012bba b\u0113rniem ekskursij\u0101s ziemas m\u0113ne\u0161os.<\/p>\n<\/li>\n<\/ul>\n<p data-path-to-node=\"19\"><b>Galven\u0101s iez\u012bmes:<\/b><\/p>\n<ul data-path-to-node=\"20\">\n<li>\n<p data-path-to-node=\"20,0,0\"><b>Materi\u0101ls:<\/b> Poliestera lentas + lamin\u0113ta atstarojo\u0161a lente.<\/p>\n<\/li>\n<li>\n<p data-path-to-node=\"20,1,0\"><b>Efekts:<\/b> Sp\u0113c\u012bga zibspuldzes atstaro\u0161an\u0101s (sudraba\/pel\u0113ka pamatne).<\/p>\n<\/li>\n<li>\n<p data-path-to-node=\"20,2,0\"><b>Platums:<\/b> Parasti 15 mm vai 20 mm.<\/p>\n<\/li>\n<li>\n<p data-path-to-node=\"20,3,0\"><b>Druk\u0101t:<\/b> Sietspiede virs atstarojo\u0161\u0101 sl\u0101\u0146a.<\/p>\n<\/li>\n<\/ul>","protected":false},"excerpt":{"rendered":"<ul>\n<li>\n<p data-path-to-node=\"12,0,0\"><b>Augsta redzam\u012bba:<\/b> Apr\u012bkota ar platu, lamin\u0113tu pel\u0113ku atstarojo\u0161u joslu, kas stiepjas centr\u0101, l\u012bdz\u012bgi k\u0101 dro\u0161\u012bbas vest\u0113m, intens\u012bvi atstarojot gaismu tums\u0101.<\/p>\n<\/li>\n<li>\n<p data-path-to-node=\"12,1,0\"><b>Dienas un nakts dro\u0161\u012bba:<\/b> Spilgtas kr\u0101sas pamatnes lentas (dzeltena, oran\u017ea, zila) nodro\u0161ina redzam\u012bbu dien\u0101, savuk\u0101rt sudraba josla aizsarg\u0101 nakt\u012b.<\/p>\n<\/li>\n<li>\n<p data-path-to-node=\"12,2,0\"><b>Dro\u0161\u012bbas atvieno\u0161an\u0101s:<\/b> B\u016btiski r\u016bpnieciskai lieto\u0161anai; parasti apr\u012bkots ar dro\u0161\u012bbas spr\u0101dzi, lai nov\u0113rstu aizr\u012b\u0161an\u0101s negad\u012bjumus.<\/p>\n<\/li>\n<li>\n<p data-path-to-node=\"12,3,0\"><b>Piel\u0101gots z\u012bmols:<\/b> J\u016bsu logotipu var sietspied\u0113 uzdruk\u0101t tie\u0161i uz atstarojo\u0161\u0101s joslas vai kr\u0101sainaj\u0101m mal\u0101m, lai nodro\u0161in\u0101tu z\u012bmola atpaz\u012bstam\u012bbu.<\/p>\n<\/li>\n<\/ul>","protected":false},"featured_media":5758,"comment_status":"closed","ping_status":"closed","template":"","meta":[],"product_brand":[],"product_cat":[109],"product_tag":[],"class_list":{"0":"post-5753","1":"product","2":"type-product","3":"status-publish","4":"has-post-thumbnail","6":"product_cat-reflective-lanyards","8":"first","9":"instock","10":"shipping-taxable","11":"product-type-simple"},"_links":{"self":[{"href":"https:\/\/displayproducts.eu\/lv\/wp-json\/wp\/v2\/product\/5753","targetHints":{"allow":["GET"]}}],"collection":[{"href":"https:\/\/displayproducts.eu\/lv\/wp-json\/wp\/v2\/product"}],"about":[{"href":"https:\/\/displayproducts.eu\/lv\/wp-json\/wp\/v2\/types\/product"}],"replies":[{"embeddable":true,"href":"https:\/\/displayproducts.eu\/lv\/wp-json\/wp\/v2\/comments?post=5753"}],"wp:featuredmedia":[{"embeddable":true,"href":"https:\/\/displayproducts.eu\/lv\/wp-json\/wp\/v2\/media\/5758"}],"wp:attachment":[{"href":"https:\/\/displayproducts.eu\/lv\/wp-json\/wp\/v2\/media?parent=5753"}],"wp:term":[{"taxonomy":"product_brand","embeddable":true,"href":"https:\/\/displayproducts.eu\/lv\/wp-json\/wp\/v2\/product_brand?post=5753"},{"taxonomy":"product_cat","embeddable":true,"href":"https:\/\/displayproducts.eu\/lv\/wp-json\/wp\/v2\/product_cat?post=5753"},{"taxonomy":"product_tag","embeddable":true,"href":"https:\/\/displayproducts.eu\/lv\/wp-json\/wp\/v2\/product_tag?post=5753"}],"curies":[{"name":"wp","href":"https:\/\/api.w.org\/{rel}","templated":true}]}}