{"id":5736,"date":"2025-12-10T13:50:58","date_gmt":"2025-12-10T10:50:58","guid":{"rendered":"https:\/\/wristbandfactory.eu\/?post_type=product&#038;p=5736"},"modified":"2026-04-01T21:52:03","modified_gmt":"2026-04-01T18:52:03","slug":"custom-dog-collars-leashes-branded-pet-sets","status":"publish","type":"product","link":"https:\/\/displayproducts.eu\/lv\/p\/custom-dog-collars-leashes-branded-pet-sets\/","title":{"rendered":"Su\u0146u pavadas un kakla lentass ar logo"},"content":{"rendered":"<p data-path-to-node=\"12\">Ieg\u016bstiet piek\u013cuvi strauji augo\u0161ajai m\u0101jdz\u012bvnieku nozarei ar m\u016bsu pal\u012bdz\u012bbu <b>Piel\u0101gotas su\u0146u kakla lentass un pavadas<\/b>. Neatkar\u012bgi no t\u0101, vai esat veterin\u0101r\u0101 kl\u012bnika, su\u0146u bar\u012bbas z\u012bmols vai butikveida mazumtirgot\u0101js, \u0161ie augstas kvalit\u0101tes aksesu\u0101ri nodro\u0161ina ilgtermi\u0146a z\u012bmola atpaz\u012bstam\u012bbu katr\u0101 ikdienas pastaig\u0101.<\/p>\n<p data-path-to-node=\"13\"><b>Mazumtirdzniec\u012bbas kvalit\u0101te un piel\u0101go\u0161ana<\/b> At\u0161\u0137ir\u012bb\u0101 no l\u0113t\u0101m rekl\u0101mas prec\u0113m, m\u016bsu m\u0101jdz\u012bvnieku apr\u012bkojums ir paredz\u0113ts ikdienas lieto\u0161anai. J\u016bs varat izv\u0113l\u0113ties no:<\/p>\n<ol start=\"1\" data-path-to-node=\"14\">\n<li>\n<p data-path-to-node=\"14,0,0\"><b>\u017dakarda austs:<\/b> Raksti, kas ieausti tie\u0161i sieti\u0146\u0101, nodro\u0161ina \u0101rk\u0101rt\u0113ju iztur\u012bbu.<\/p>\n<\/li>\n<li>\n<p data-path-to-node=\"14,1,0\"><b>Sublim\u0101cijas druka:<\/b> Spilgti, pilnkr\u0101su dizaini (piem\u0113ram, \u201cZe\u0137u zag\u013ca\u201d piem\u0113rs), kas ir lieliski piem\u0113roti jautriem, ilustrat\u012bviem z\u012bmoliem.<\/p>\n<\/li>\n<li>\n<p data-path-to-node=\"14,2,0\"><b>P\u0101rkl\u0101juma lente:<\/b> Apdruk\u0101ts sat\u012bna sl\u0101nis, kas pie\u0161\u016bts uz iztur\u012bga neilona pamatnes.<\/p>\n<\/li>\n<\/ol>\n<p data-path-to-node=\"15\"><b>Funkcion\u0101lie uzlabojumi<\/b> Jauniniet savu produktu ar <b>neopr\u0113na odere<\/b> komforta labad vai <b>atstarojo\u0161ie diegi<\/b> dro\u0161\u012bbai. M\u0113s pied\u0101v\u0101jam ar\u012b specializ\u0113tas \u201cBungee\u201d pavadas, kas samazina slodzi gan sunim, gan saimniekam p\u0113k\u0161\u0146as vilk\u0161anas laik\u0101.<\/p>\n<p data-path-to-node=\"16\"><b>Ieteicamie lieto\u0161anas gad\u012bjumi:<\/b><\/p>\n<ul data-path-to-node=\"17\">\n<li>\n<p data-path-to-node=\"17,0,0\"><b>M\u0101jdz\u012bvnieku bar\u012bbas z\u012bmoli:<\/b> Iepakojum\u0101 iek\u013cautas pr\u0113mijas vai lojalit\u0101tes d\u0101vanas.<\/p>\n<\/li>\n<li>\n<p data-path-to-node=\"17,1,0\"><b>Veterin\u0101r\u0101rstu kl\u012bnikas:<\/b> Firmas apkakles pacientiem.<\/p>\n<\/li>\n<li>\n<p data-path-to-node=\"17,2,0\"><b>Su\u0146u apm\u0101c\u012bbas skolas:<\/b> Augstas iztur\u012bbas apr\u012bkojums studentiem.<\/p>\n<\/li>\n<\/ul>\n<p data-path-to-node=\"18\"><b>Galven\u0101s iez\u012bmes:<\/b><\/p>\n<ul data-path-to-node=\"19\">\n<li>\n<p data-path-to-node=\"19,0,0\"><b>Materi\u0101ls:<\/b> Iztur\u012bgs neilons vai poliesters.<\/p>\n<\/li>\n<li>\n<p data-path-to-node=\"19,1,0\"><b>Aparat\u016bra:<\/b> Cinka sakaus\u0113juma \u0101\u0137i + plastmasas atbr\u012bvo\u0161anas spr\u0101dzes.<\/p>\n<\/li>\n<li>\n<p data-path-to-node=\"19,2,0\"><b>Izm\u0113ri:<\/b> S, M, L, XL (regul\u0113jams garums).<\/p>\n<\/li>\n<li>\n<p data-path-to-node=\"19,3,0\"><b>Papildin\u0101jumi:<\/b> Gumijas logotipi, austas eti\u0137etes.<\/p>\n<\/li>\n<\/ul>","protected":false},"excerpt":{"rendered":"<ul>\n<li>\n<p data-path-to-node=\"10,0,0\"><b>Pilni komplekti:<\/b> M\u0113s ra\u017eojam atbilsto\u0161as kakla lentass, pavadas un iemauktus, lai izveidotu mazumtirdzniec\u012bbai gatavas produktu l\u012bnijas.<\/p>\n<\/li>\n<li>\n<p data-path-to-node=\"10,1,0\"><b>Dro\u0161\u012bbas funkcijas:<\/b> Papildapr\u012bkojum\u0101 ietilpst atstarojo\u0161as \u0161uves nakts redzam\u012bbai un \u201cbungee\u201d amortizatori akt\u012bviem su\u0146iem.<\/p>\n<\/li>\n<li>\n<p data-path-to-node=\"10,2,0\"><b>Augst\u0101k\u0101s klases komforts:<\/b> Kaklalentass var b\u016bt oder\u0113tas ar m\u012bkstu neopr\u0113na polster\u0113jumu, lai nov\u0113rstu berzi su\u0146a kakl\u0101.<\/p>\n<\/li>\n<li>\n<p data-path-to-node=\"10,3,0\"><b>Lieljaudas:<\/b> Izgatavots ar pastiprin\u0101t\u0101m \u0161uv\u0113m un iztur\u012bgiem met\u0101la \u0101\u0137iem, lai tiktu gal\u0101 ar sp\u0113c\u012bg\u0101m \u0161\u0137irn\u0113m.<\/p>\n<\/li>\n<\/ul>","protected":false},"featured_media":5860,"comment_status":"closed","ping_status":"closed","template":"","meta":[],"product_brand":[],"product_cat":[127],"product_tag":[],"class_list":{"0":"post-5736","1":"product","2":"type-product","3":"status-publish","4":"has-post-thumbnail","6":"product_cat-custom-straps-belts","8":"first","9":"instock","10":"shipping-taxable","11":"product-type-simple"},"_links":{"self":[{"href":"https:\/\/displayproducts.eu\/lv\/wp-json\/wp\/v2\/product\/5736","targetHints":{"allow":["GET"]}}],"collection":[{"href":"https:\/\/displayproducts.eu\/lv\/wp-json\/wp\/v2\/product"}],"about":[{"href":"https:\/\/displayproducts.eu\/lv\/wp-json\/wp\/v2\/types\/product"}],"replies":[{"embeddable":true,"href":"https:\/\/displayproducts.eu\/lv\/wp-json\/wp\/v2\/comments?post=5736"}],"wp:featuredmedia":[{"embeddable":true,"href":"https:\/\/displayproducts.eu\/lv\/wp-json\/wp\/v2\/media\/5860"}],"wp:attachment":[{"href":"https:\/\/displayproducts.eu\/lv\/wp-json\/wp\/v2\/media?parent=5736"}],"wp:term":[{"taxonomy":"product_brand","embeddable":true,"href":"https:\/\/displayproducts.eu\/lv\/wp-json\/wp\/v2\/product_brand?post=5736"},{"taxonomy":"product_cat","embeddable":true,"href":"https:\/\/displayproducts.eu\/lv\/wp-json\/wp\/v2\/product_cat?post=5736"},{"taxonomy":"product_tag","embeddable":true,"href":"https:\/\/displayproducts.eu\/lv\/wp-json\/wp\/v2\/product_tag?post=5736"}],"curies":[{"name":"wp","href":"https:\/\/api.w.org\/{rel}","templated":true}]}}