{"id":5700,"date":"2025-12-10T13:06:29","date_gmt":"2025-12-10T10:06:29","guid":{"rendered":"https:\/\/wristbandfactory.eu\/?post_type=product&#038;p=5700"},"modified":"2026-04-01T21:52:03","modified_gmt":"2026-04-01T18:52:03","slug":"custom-baby-pacifier-clips-safe-dummy-holders","status":"publish","type":"product","link":"https:\/\/displayproducts.eu\/lv\/p\/custom-baby-pacifier-clips-safe-dummy-holders\/","title":{"rendered":"Knup\u012b\u0161u tur\u0113t\u0101ji ar logo \u2013 Dro\u0161a plastmasa"},"content":{"rendered":"<p data-path-to-node=\"12\">Reklam\u0113jiet savu mazu\u013ca z\u012bmolu vai dzemd\u012bbu kl\u012bniku ar m\u016bsu pal\u012bdz\u012bbu <b>Piel\u0101goti b\u0113rnu knup\u012b\u0161u klip\u0161i<\/b>. \u0160ie praktiskie aksesu\u0101ri ir oblig\u0101ti nepiecie\u0161ami vec\u0101kiem, nodro\u0161inot, ka knup\u012b\u0161i (knup\u012b\u0161i) paliek t\u012bri un nepaz\u016bd uz gr\u012bdas.<\/p>\n<p data-path-to-node=\"13\"><b>Dro\u0161\u012bba un kvalit\u0101te pirmaj\u0101 viet\u0101<\/b> \u0160ie tur\u0113t\u0101ji, kas \u012bpa\u0161i izstr\u0101d\u0101ti z\u012bdai\u0146iem, aizst\u0101j met\u0101la da\u013cas ar <b>augstas kvalit\u0101tes plastmasas klip\u0161i<\/b>. Tas nov\u0113r\u0161 r\u016bsas (no siekalo\u0161an\u0101s vai mazg\u0101\u0161anas) un asu malu risku. Lentas ir izgatavota no m\u012bksta, netoksiska poliestera, kas ir iztur\u012bgs, bet maigs.<\/p>\n<p data-path-to-node=\"14\"><b>Daudzpus\u012bgs stiprin\u0101jums<\/b> K\u0101 redzams produkta att\u0113l\u0101, katram klipsim ir pievienots <b>silikona gredzena adapteris<\/b>. Tas \u013cauj tur\u0113t\u0101jam darboties ar gandr\u012bz jebkuru tirg\u016b pieejamo knup\u012b\u0161u z\u012bmolu (ar\u012b tiem, kuriem nav rokturi).<\/p>\n<p data-path-to-node=\"15\"><b>Ieteicamie lieto\u0161anas gad\u012bjumi:<\/b><\/p>\n<ul data-path-to-node=\"16\">\n<li>\n<p data-path-to-node=\"16,0,0\"><b>Dzemd\u012bbu noda\u013cas:<\/b> Firmas sagaid\u012b\u0161anas d\u0101vana jaundzimu\u0161ajiem.<\/p>\n<\/li>\n<li>\n<p data-path-to-node=\"16,1,0\"><b>B\u0113rnu pre\u010du veikali:<\/b> Augstas pe\u013c\u0146as mazumtirdzniec\u012bbas preces ar jaukiem rakstiem.<\/p>\n<\/li>\n<li>\n<p data-path-to-node=\"16,2,0\"><b>B\u0113rnud\u0101rzi:<\/b> Personaliz\u0113tas lentass, lai nov\u0113rstu b\u0113rnu sajauk\u0161anos.<\/p>\n<\/li>\n<\/ul>\n<p data-path-to-node=\"17\"><b>Galven\u0101s iez\u012bmes:<\/b><\/p>\n<ul data-path-to-node=\"18\">\n<li>\n<p data-path-to-node=\"18,0,0\"><b>Klips:<\/b> Plastmasas dro\u0161\u012bbas aizdare (balta).<\/p>\n<\/li>\n<li>\n<p data-path-to-node=\"18,1,0\"><b>Adapteris:<\/b> Komplekt\u0101 ietilpst caursp\u012bd\u012bgs silikona gredzens.<\/p>\n<\/li>\n<li>\n<p data-path-to-node=\"18,2,0\"><b>Druk\u0101t:<\/b> Pilnkr\u0101su sublim\u0101cija vai sietspiede.<\/p>\n<\/li>\n<li>\n<p data-path-to-node=\"18,3,0\"><b>Izm\u0113rs:<\/b> Standarta dro\u0161\u012bbas garums (aptuveni 20\u201325 cm).<\/p>\n<\/li>\n<\/ul>","protected":false},"excerpt":{"rendered":"<ul data-path-to-node=\"10\">\n<li>\n<p data-path-to-node=\"10,0,0\"><b>Mazu\u013ciem dro\u0161a aparat\u016bra:<\/b> Apr\u012bkots ar iztur\u012bgu baltu plastmasas aligatora klipsi, kas dro\u0161i piestiprin\u0101s pie ap\u0123\u0113rba, neboj\u0101jot audumu un ner\u016bs\u0113jot.<\/p>\n<\/li>\n<li>\n<p data-path-to-node=\"10,1,0\"><b>Univers\u0101ls piegulums:<\/b> Iek\u013cauts m\u012bksts silikona gredzena adapteris (MAM stila), lai piel\u0101gotos knup\u012b\u0161iem ar pog\u0101m, vai ar\u012b cilpi\u0146u var izmantot knup\u012b\u0161iem ar gredzena rokturi.<\/p>\n<\/li>\n<li>\n<p data-path-to-node=\"10,2,0\"><b>M\u012bksts materi\u0101ls:<\/b> Izgatavots no gludas sat\u012bna vai poliestera lentes, kas ir maiga mazu\u013ca \u0101dai un viegli t\u012br\u0101ma.<\/p>\n<\/li>\n<li>\n<p data-path-to-node=\"10,3,0\"><b>Piln\u012bga piel\u0101go\u0161ana:<\/b> Lieliski piem\u0113rots kr\u0101sainu rakstu (enkuru, robotu, ziedu) vai z\u012bmolu logotipu druk\u0101\u0161anai rekl\u0101mas d\u0101van\u0101m.<\/p>\n<\/li>\n<\/ul>","protected":false},"featured_media":5701,"comment_status":"closed","ping_status":"closed","template":"","meta":[],"product_brand":[],"product_cat":[122],"product_tag":[],"class_list":{"0":"post-5700","1":"product","2":"type-product","3":"status-publish","4":"has-post-thumbnail","6":"product_cat-promotional-accessories","8":"first","9":"instock","10":"shipping-taxable","11":"product-type-simple"},"_links":{"self":[{"href":"https:\/\/displayproducts.eu\/lv\/wp-json\/wp\/v2\/product\/5700","targetHints":{"allow":["GET"]}}],"collection":[{"href":"https:\/\/displayproducts.eu\/lv\/wp-json\/wp\/v2\/product"}],"about":[{"href":"https:\/\/displayproducts.eu\/lv\/wp-json\/wp\/v2\/types\/product"}],"replies":[{"embeddable":true,"href":"https:\/\/displayproducts.eu\/lv\/wp-json\/wp\/v2\/comments?post=5700"}],"wp:featuredmedia":[{"embeddable":true,"href":"https:\/\/displayproducts.eu\/lv\/wp-json\/wp\/v2\/media\/5701"}],"wp:attachment":[{"href":"https:\/\/displayproducts.eu\/lv\/wp-json\/wp\/v2\/media?parent=5700"}],"wp:term":[{"taxonomy":"product_brand","embeddable":true,"href":"https:\/\/displayproducts.eu\/lv\/wp-json\/wp\/v2\/product_brand?post=5700"},{"taxonomy":"product_cat","embeddable":true,"href":"https:\/\/displayproducts.eu\/lv\/wp-json\/wp\/v2\/product_cat?post=5700"},{"taxonomy":"product_tag","embeddable":true,"href":"https:\/\/displayproducts.eu\/lv\/wp-json\/wp\/v2\/product_tag?post=5700"}],"curies":[{"name":"wp","href":"https:\/\/api.w.org\/{rel}","templated":true}]}}