{"id":5694,"date":"2025-12-10T13:02:37","date_gmt":"2025-12-10T10:02:37","guid":{"rendered":"https:\/\/wristbandfactory.eu\/?post_type=product&#038;p=5694"},"modified":"2026-04-01T21:52:35","modified_gmt":"2026-04-01T18:52:35","slug":"custom-tubular-lanyards-soft-shoelace-style","status":"publish","type":"product","link":"https:\/\/displayproducts.eu\/lv\/p\/custom-tubular-lanyards-soft-shoelace-style\/","title":{"rendered":"Cauru\u013cveida kakla lentas \u2013 Auklas stils"},"content":{"rendered":"<p data-path-to-node=\"12\">Ieg\u016bstiet vislab\u0101ko komforta un v\u0113rt\u012bbas l\u012bdzsvaru ar m\u016bsu <b>Piel\u0101gotas cauru\u013cveida aukli\u0146as<\/b>. Bie\u017ei sauktas par \u201ckurpju \u0161\u0146oru aukli\u0146\u0101m\u201d, t\u0101s ir izgatavotas no caurul\u012bt\u0113 sa\u0161\u016bta poliestera, izveidojot dubultu auduma sl\u0101ni, kas iek\u0161pus\u0113 ir dobs.<\/p>\n<p data-path-to-node=\"13\"><b>K\u0101p\u0113c izv\u0113l\u0113ties Tubular?<\/b><\/p>\n<ol start=\"1\" data-path-to-node=\"14\">\n<li>\n<p data-path-to-node=\"14,0,0\"><b>Komforts:<\/b> T\u0101 k\u0101 nav pie\u0161\u016btu malu, \u0161\u012bs ir m\u012bkst\u0101k\u0101s pieejam\u0101s kakla lentas, padarot t\u0101s ide\u0101li piem\u0113rotas br\u012bvpr\u0101t\u012bgajiem vai darbiniekiem, kas t\u0101s valk\u0101 8+ stundas.<\/p>\n<\/li>\n<li>\n<p data-path-to-node=\"14,1,0\"><b>Cena:<\/b> \u0160\u012b ir m\u016bsu ekonomisk\u0101k\u0101 piel\u0101got\u0101 kakla lentas iesp\u0113ja, padarot to par nozares standartu liel\u0101m tirdzniec\u012bbas izst\u0101d\u0113m, festiv\u0101liem un skol\u0101m.<\/p>\n<\/li>\n<\/ol>\n<p data-path-to-node=\"15\"><b>Druk\u0101\u0161anas piez\u012bmes<\/b> Cauru\u013cveida virsma nodro\u0161ina tekstur\u0113tu fonu. M\u0113s iesak\u0101m. <b>Sietspiede<\/b> treknrakst\u0101 veidotam tekstam un vienk\u0101r\u0161iem logotipiem (1\u20132 kr\u0101sas), lai nodro\u0161in\u0101tu vislab\u0101kos rezult\u0101tus.<\/p>\n<p data-path-to-node=\"16\"><b>Ieteicamie lieto\u0161anas gad\u012bjumi:<\/b><\/p>\n<ul data-path-to-node=\"17\">\n<li>\n<p data-path-to-node=\"17,0,0\"><b>Skolas un universit\u0101tes:<\/b> Iztur\u012bgi un l\u0113ti personu apliecino\u0161i maci\u0146i studentiem.<\/p>\n<\/li>\n<li>\n<p data-path-to-node=\"17,1,0\"><b>Lielas konferences:<\/b> Izmaksu zi\u0146\u0101 efekt\u012bva z\u012bmola veido\u0161ana t\u016bksto\u0161iem apmekl\u0113t\u0101ju.<\/p>\n<\/li>\n<li>\n<p data-path-to-node=\"17,2,0\"><b>Sporta pas\u0101kumi:<\/b> Sportiskais \u201ckurpju \u0161\u0146oru\u201d izskats lieliski atbilst sportisk\u0101m t\u0113m\u0101m.<\/p>\n<\/li>\n<\/ul>\n<p data-path-to-node=\"18\"><b>Galven\u0101s iez\u012bmes:<\/b><\/p>\n<ul data-path-to-node=\"19\">\n<li>\n<p data-path-to-node=\"19,0,0\"><b>Materi\u0101ls:<\/b> Cauru\u013cveida austs poliesters.<\/p>\n<\/li>\n<li>\n<p data-path-to-node=\"19,1,0\"><b>Platums:<\/b> Standarta 10 mm, 12 mm vai 15 mm (platumi ir aptuveni caurules formas d\u0113\u013c).<\/p>\n<\/li>\n<li>\n<p data-path-to-node=\"19,2,0\"><b>Druk\u0101t:<\/b> Sietspiedes z\u012bmola veido\u0161ana.<\/p>\n<\/li>\n<li>\n<p data-path-to-node=\"19,3,0\"><b>Pielikumi:<\/b> Savietojams ar visiem standarta \u0101\u0137iem, klip\u0161iem un dro\u0161\u012bbas bremz\u0113m.<\/p>\n<\/li>\n<\/ul>","protected":false},"excerpt":{"rendered":"<ul>\n<li>\n<p data-path-to-node=\"10,0,0\"><b>Cauru\u013cu konstrukcija:<\/b> Ieausts dob\u0101, cauru\u013cveida form\u0101 (l\u012bdz\u012bgi k\u0101 kurpju \u0161\u0146orei), nov\u0113r\u0161ot asas malas maksim\u0101lam komfortam.<\/p>\n<\/li>\n<li>\n<p data-path-to-node=\"10,1,0\"><b>Bud\u017eetam draudz\u012bgs:<\/b> parasti visrentabl\u0101kais risin\u0101jums liela m\u0113roga pas\u0101kumiem un person\u0101la nodro\u0161in\u0101\u0161anai.<\/p>\n<\/li>\n<li>\n<p data-path-to-node=\"10,2,0\"><b>Augsta kontrasta druka:<\/b> Ide\u0101li piem\u0113rots treknrakst\u0101 druk\u0101tam tekstam un logotipiem, kuriem j\u0101izce\u013cas uz kr\u0101saina fona.<\/p>\n<\/li>\n<li>\n<p data-path-to-node=\"10,3,0\"><b>M\u012bksts un elast\u012bgs:<\/b> Br\u012bvi austais poliesters pied\u0101v\u0101 relaks\u0113tu, ikdieni\u0161\u0137u drap\u0113jumu, sal\u012bdzinot ar stingr\u0101m plakan\u0101m kakla siksni\u0146\u0101m.<\/p>\n<\/li>\n<\/ul>","protected":false},"featured_media":5898,"comment_status":"closed","ping_status":"closed","template":"","meta":[],"product_brand":[],"product_cat":[104],"product_tag":[],"class_list":{"0":"post-5694","1":"product","2":"type-product","3":"status-publish","4":"has-post-thumbnail","6":"product_cat-custom-printed-lanyards","8":"first","9":"instock","10":"shipping-taxable","11":"product-type-simple"},"_links":{"self":[{"href":"https:\/\/displayproducts.eu\/lv\/wp-json\/wp\/v2\/product\/5694","targetHints":{"allow":["GET"]}}],"collection":[{"href":"https:\/\/displayproducts.eu\/lv\/wp-json\/wp\/v2\/product"}],"about":[{"href":"https:\/\/displayproducts.eu\/lv\/wp-json\/wp\/v2\/types\/product"}],"replies":[{"embeddable":true,"href":"https:\/\/displayproducts.eu\/lv\/wp-json\/wp\/v2\/comments?post=5694"}],"wp:featuredmedia":[{"embeddable":true,"href":"https:\/\/displayproducts.eu\/lv\/wp-json\/wp\/v2\/media\/5898"}],"wp:attachment":[{"href":"https:\/\/displayproducts.eu\/lv\/wp-json\/wp\/v2\/media?parent=5694"}],"wp:term":[{"taxonomy":"product_brand","embeddable":true,"href":"https:\/\/displayproducts.eu\/lv\/wp-json\/wp\/v2\/product_brand?post=5694"},{"taxonomy":"product_cat","embeddable":true,"href":"https:\/\/displayproducts.eu\/lv\/wp-json\/wp\/v2\/product_cat?post=5694"},{"taxonomy":"product_tag","embeddable":true,"href":"https:\/\/displayproducts.eu\/lv\/wp-json\/wp\/v2\/product_tag?post=5694"}],"curies":[{"name":"wp","href":"https:\/\/api.w.org\/{rel}","templated":true}]}}