{"id":5689,"date":"2025-12-10T12:53:36","date_gmt":"2025-12-10T09:53:36","guid":{"rendered":"https:\/\/wristbandfactory.eu\/?post_type=product&#038;p=5689"},"modified":"2026-04-01T21:52:35","modified_gmt":"2026-04-01T18:52:35","slug":"custom-jacquard-woven-lanyards-embroidered-logo","status":"publish","type":"product","link":"https:\/\/displayproducts.eu\/lv\/p\/custom-jacquard-woven-lanyards-embroidered-logo\/","title":{"rendered":"Piel\u0101gotas \u017eakarda austas kakla lentas \u2013 iz\u0161\u016bts logotips"},"content":{"rendered":"<p data-path-to-node=\"11\">Uzlabojiet savu korporat\u012bvo identit\u0101ti ar m\u016bsu pal\u012bdz\u012bbu <b>Piel\u0101gotas \u017eakarda austas virves<\/b>. Lai gan apdruk\u0101tas kakla lentas ir lieliski piem\u0113rotas \u012bsiem pas\u0101kumiem, austas kakla lentas ir paredz\u0113tas kalpo\u0161anai gadiem ilgi, padarot t\u0101s par galveno izv\u0113li darbinieku identifik\u0101cijas kart\u0113m un dro\u0161\u012bbas caurlaid\u0113m.<\/p>\n<p data-path-to-node=\"12\"><b>\u017dakarda at\u0161\u0137ir\u012bba<\/b> Izmantojot tradicion\u0101lu ieaus\u0161anas procesu, m\u0113s ar kr\u0101sotiem diegiem ieaustam j\u016bsu logotipu tie\u0161i audum\u0101. T\u0101d\u0113j\u0101di tiek rad\u012bts dizains, kas ir da\u013ca no pa\u0161a materi\u0101la. K\u0101 redzams piem\u0113r\u0101 \u201cCrete Carrier\u201d, tas nodro\u0161ina profesion\u0101lu apdari, kur logotips ir redzams ab\u0101s pus\u0113s (kr\u0101sas ir apgrieztas aizmugur\u0113).<\/p>\n<p data-path-to-node=\"13\"><b>K\u0101p\u0113c izv\u0113l\u0113ties austu?<\/b><\/p>\n<ul data-path-to-node=\"14\">\n<li>\n<p data-path-to-node=\"14,0,0\"><b>Iztur\u012bba:<\/b> Dizains ir past\u0101v\u012bgs un iztur mazg\u0101\u0161anu un berzi.<\/p>\n<\/li>\n<li>\n<p data-path-to-node=\"14,1,0\"><b>Presti\u017es:<\/b> Tekstur\u0113tais, iz\u0161\u016btais izskats rada augst\u0101ku uztverto v\u0113rt\u012bbu nek\u0101 plakans apdruka.<\/p>\n<\/li>\n<\/ul>\n<p data-path-to-node=\"15\"><b>Ieteicamie lieto\u0161anas gad\u012bjumi:<\/b><\/p>\n<ul data-path-to-node=\"16\">\n<li>\n<p data-path-to-node=\"16,0,0\"><b>Darbinieka ID:<\/b> Ikdienas valk\u0101\u0161anai birojos un slimn\u012bc\u0101s.<\/p>\n<\/li>\n<li>\n<p data-path-to-node=\"16,1,0\"><b>Universit\u0101tes:<\/b> Iztur\u012bgas studentu kartes, kas der\u012bgas visu m\u0101c\u012bbu gadu.<\/p>\n<\/li>\n<li>\n<p data-path-to-node=\"16,2,0\"><b>Premium preces:<\/b> Augstas kvalit\u0101tes fanu apr\u012bkojums (piem\u0113ram, Yas Marina Circuit).<\/p>\n<\/li>\n<\/ul>\n<p data-path-to-node=\"17\"><b>Galven\u0101s iez\u012bmes:<\/b><\/p>\n<ul data-path-to-node=\"18\">\n<li>\n<p data-path-to-node=\"18,0,0\"><b>Materi\u0101ls:<\/b> Augstas iztur\u012bbas austs poliesters.<\/p>\n<\/li>\n<li>\n<p data-path-to-node=\"18,1,0\"><b>Au\u0161anas stils:<\/b> \u017dakards (skaidr\u012bbas labad ieteicams ne vair\u0101k k\u0101 2\u20133 kr\u0101sas).<\/p>\n<\/li>\n<li>\n<p data-path-to-node=\"18,2,0\"><b>Pielikumi:<\/b> Met\u0101la groz\u0101mie \u0101\u0137i, sadal\u012bti gredzeni vai plastmasas spr\u0101dzes.<\/p>\n<\/li>\n<li>\n<p data-path-to-node=\"18,3,0\"><b>Platums:<\/b> Standarta 15 mm, 20 mm vai 25 mm.<\/p>\n<\/li>\n<\/ul>","protected":false},"excerpt":{"rendered":"<ul>\n<li>\n<p data-path-to-node=\"9,0,0\"><b>Austs z\u012bmols:<\/b> Logotips ir ie\u0161\u016bts lentass strukt\u016br\u0101, nevis iespiests aug\u0161pus\u0113, nodro\u0161inot, ka tas nekad nelob\u0101s un neizbal\u0113.<\/p>\n<\/li>\n<li>\n<p data-path-to-node=\"9,1,0\"><b>Augst\u0101k\u0101s kvalit\u0101tes tekst\u016bra:<\/b> Pied\u0101v\u0101 augstas kvalit\u0101tes, iz\u0161\u016btu saj\u016btu, kas ir biez\u0101ka un iztur\u012bg\u0101ka nek\u0101 standarta poliestera kakla lentas.<\/p>\n<\/li>\n<li>\n<p data-path-to-node=\"9,2,0\"><b>Aizmugur\u0113j\u0101 puse:<\/b> Dizains aizmugur\u0113 ir att\u0113lots apgriezt\u0101s kr\u0101s\u0101s, apstiprinot autentisko austo konstrukciju.<\/p>\n<\/li>\n<li>\n<p data-path-to-node=\"9,3,0\"><b>Lieljaudas:<\/b> Ide\u0101li piem\u0113rots ilgsto\u0161ai lieto\u0161anai darbiniekiem, apsardzes person\u0101lam vai universit\u0101tes studentiem.<\/p>\n<\/li>\n<\/ul>","protected":false},"featured_media":5903,"comment_status":"closed","ping_status":"closed","template":"","meta":[],"product_brand":[],"product_cat":[104],"product_tag":[],"class_list":{"0":"post-5689","1":"product","2":"type-product","3":"status-publish","4":"has-post-thumbnail","6":"product_cat-custom-printed-lanyards","8":"first","9":"instock","10":"shipping-taxable","11":"product-type-simple"},"_links":{"self":[{"href":"https:\/\/displayproducts.eu\/lv\/wp-json\/wp\/v2\/product\/5689","targetHints":{"allow":["GET"]}}],"collection":[{"href":"https:\/\/displayproducts.eu\/lv\/wp-json\/wp\/v2\/product"}],"about":[{"href":"https:\/\/displayproducts.eu\/lv\/wp-json\/wp\/v2\/types\/product"}],"replies":[{"embeddable":true,"href":"https:\/\/displayproducts.eu\/lv\/wp-json\/wp\/v2\/comments?post=5689"}],"wp:featuredmedia":[{"embeddable":true,"href":"https:\/\/displayproducts.eu\/lv\/wp-json\/wp\/v2\/media\/5903"}],"wp:attachment":[{"href":"https:\/\/displayproducts.eu\/lv\/wp-json\/wp\/v2\/media?parent=5689"}],"wp:term":[{"taxonomy":"product_brand","embeddable":true,"href":"https:\/\/displayproducts.eu\/lv\/wp-json\/wp\/v2\/product_brand?post=5689"},{"taxonomy":"product_cat","embeddable":true,"href":"https:\/\/displayproducts.eu\/lv\/wp-json\/wp\/v2\/product_cat?post=5689"},{"taxonomy":"product_tag","embeddable":true,"href":"https:\/\/displayproducts.eu\/lv\/wp-json\/wp\/v2\/product_tag?post=5689"}],"curies":[{"name":"wp","href":"https:\/\/api.w.org\/{rel}","templated":true}]}}