{"id":5686,"date":"2025-12-10T12:49:01","date_gmt":"2025-12-10T09:49:01","guid":{"rendered":"https:\/\/wristbandfactory.eu\/?post_type=product&#038;p=5686"},"modified":"2026-04-01T21:52:35","modified_gmt":"2026-04-01T18:52:35","slug":"glow-in-the-dark-lanyards-night-event-branding","status":"publish","type":"product","link":"https:\/\/displayproducts.eu\/lv\/p\/glow-in-the-dark-lanyards-night-event-branding\/","title":{"rendered":"Tums\u0101 sp\u012bdo\u0161as kakla lentas \u2013 Fosforiz\u0113jo\u0161as"},"content":{"rendered":"<p data-path-to-node=\"12\">Izgaismojiet savu n\u0101kamo pas\u0101kumu ar m\u016bsu <b>Piel\u0101gotas tums\u0101 sp\u012bdo\u0161as kakla lentas<\/b>. Izmantojot modernu fosforesc\u0113jo\u0161u sietspiedes tinti, \u0161\u012bs kakla lentas pied\u0101v\u0101 unik\u0101lu interakt\u012bvu elementu, kam standarta druk\u0101t\u0101s kakla lentas nevar l\u012bdzin\u0101ties.<\/p>\n<p data-path-to-node=\"13\"><b>K\u0101 tas darbojas<\/b> Specializ\u0113t\u0101 tinte satur fosforus, kas absorb\u0113 ener\u0123iju no apk\u0101rt\u0113j\u0101s gaismas avotiem (saules gaismas vai m\u0101ksl\u012bg\u0101 apgaismojuma). Non\u0101kot tums\u0101, \u0161\u012b uzkr\u0101t\u0101 ener\u0123ija atbr\u012bvojas k\u0101 maigs za\u013c\u0161 mirdzums. Tas padara tos neticami popul\u0101rus <b>nakts pas\u0101kumi<\/b> kur redzam\u012bba un atmosf\u0113ra ir galvenais.<\/p>\n<p data-path-to-node=\"14\"><b>Diferenci\u0101cija<\/b> At\u0161\u0137ir\u012bb\u0101 no \u201cneona\u201d vai \u201cfluoresc\u0113jo\u0161\u0101m\u201d kakla siksni\u0146\u0101m, kas ir tikai spilgtas kr\u0101sas, \u0161\u012bs kakla lentas faktiski \u0123ener\u0113 savu gaismu tums\u0101.<\/p>\n<p data-path-to-node=\"15\"><b>Ieteicamie lieto\u0161anas gad\u012bjumi:<\/b><\/p>\n<ul data-path-to-node=\"16\">\n<li>\n<p data-path-to-node=\"16,0,0\"><b>Naktsdz\u012bve un klubi:<\/b> VIP caurlaides, kas izce\u013cas uz deju gr\u012bdas.<\/p>\n<\/li>\n<li>\n<p data-path-to-node=\"16,1,0\"><b>Vakara sporta nodarb\u012bbas:<\/b> \u201cPusnakts skr\u0113jieni\u201d jeb labdar\u012bbas pastaigas, kur\u0101s redzam\u012bba ir da\u013ca no jautr\u012bbas.<\/p>\n<\/li>\n<li>\n<p data-path-to-node=\"16,2,0\"><b>Dro\u0161\u012bba un aizsardz\u012bba:<\/b> Pal\u012bdz identific\u0113t darbiniekus v\u0101ji apgaismot\u0101s aizkuli\u0161u zon\u0101s.<\/p>\n<\/li>\n<\/ul>\n<p data-path-to-node=\"17\"><b>Galven\u0101s iez\u012bmes:<\/b><\/p>\n<ul data-path-to-node=\"18\">\n<li>\n<p data-path-to-node=\"18,0,0\"><b>Pamatmateri\u0101ls:<\/b> Poliesters (kontrastam ieteicams melns).<\/p>\n<\/li>\n<li>\n<p data-path-to-node=\"18,1,0\"><b>Druk\u0101t:<\/b> Dien\u0101 gandr\u012bz balts \/ nakt\u012b za\u013c\u0161 mirdzums.<\/p>\n<\/li>\n<li>\n<p data-path-to-node=\"18,2,0\"><b>Aktiviz\u0113\u0161ana:<\/b> Uzl\u0101d\u0113jas bezgal\u012bgi ar gaismas iedarb\u012bbu.<\/p>\n<\/li>\n<li>\n<p data-path-to-node=\"18,3,0\"><b>Pielikumi:<\/b> Savietojams ar visiem standarta \u0101\u0137iem un klip\u0161iem.<\/p>\n<\/li>\n<\/ul>","protected":false},"excerpt":{"rendered":"<ul data-path-to-node=\"10\">\n<li>\n<p data-path-to-node=\"10,0,0\"><b>Fosforesc\u0113jo\u0161s efekts:<\/b> \u012apa\u0161a tinte dienas laik\u0101 absorb\u0113 gaismu un tum\u0161\u0101 vid\u0113 izstaro za\u013cu mirdzumu.<\/p>\n<\/li>\n<li>\n<p data-path-to-node=\"10,1,0\"><b>Augsts kontrasts:<\/b> Vislab\u0101kos rezult\u0101tus var sasniegt ar melnu poliestera siksni\u0146u, kas spilgti izce\u013c mirdzo\u0161o tekstu.<\/p>\n<\/li>\n<li>\n<p data-path-to-node=\"10,2,0\"><b>Divk\u0101r\u0161a redzam\u012bba:<\/b> Dienasgaism\u0101 izskat\u0101s p\u0113c standarta baltas\/dzeltenas izdrukas, bet, nodziestot gaismai, autom\u0101tiski main\u0101s.<\/p>\n<\/li>\n<li>\n<p data-path-to-node=\"10,3,0\"><b>Gatavs pas\u0101kumam:<\/b> P\u0101rdot\u0101kais produkts naktsklubiem, vakara festiv\u0101liem un sporta pas\u0101kumiem ar \u201cmirdzo\u0161u skr\u0113jienu\u201d.<\/p>\n<\/li>\n<\/ul>","protected":false},"featured_media":5906,"comment_status":"closed","ping_status":"closed","template":"","meta":[],"product_brand":[],"product_cat":[104,76],"product_tag":[],"class_list":{"0":"post-5686","1":"product","2":"type-product","3":"status-publish","4":"has-post-thumbnail","6":"product_cat-custom-printed-lanyards","7":"product_cat-glow-led-products","9":"first","10":"instock","11":"shipping-taxable","12":"product-type-simple"},"_links":{"self":[{"href":"https:\/\/displayproducts.eu\/lv\/wp-json\/wp\/v2\/product\/5686","targetHints":{"allow":["GET"]}}],"collection":[{"href":"https:\/\/displayproducts.eu\/lv\/wp-json\/wp\/v2\/product"}],"about":[{"href":"https:\/\/displayproducts.eu\/lv\/wp-json\/wp\/v2\/types\/product"}],"replies":[{"embeddable":true,"href":"https:\/\/displayproducts.eu\/lv\/wp-json\/wp\/v2\/comments?post=5686"}],"wp:featuredmedia":[{"embeddable":true,"href":"https:\/\/displayproducts.eu\/lv\/wp-json\/wp\/v2\/media\/5906"}],"wp:attachment":[{"href":"https:\/\/displayproducts.eu\/lv\/wp-json\/wp\/v2\/media?parent=5686"}],"wp:term":[{"taxonomy":"product_brand","embeddable":true,"href":"https:\/\/displayproducts.eu\/lv\/wp-json\/wp\/v2\/product_brand?post=5686"},{"taxonomy":"product_cat","embeddable":true,"href":"https:\/\/displayproducts.eu\/lv\/wp-json\/wp\/v2\/product_cat?post=5686"},{"taxonomy":"product_tag","embeddable":true,"href":"https:\/\/displayproducts.eu\/lv\/wp-json\/wp\/v2\/product_tag?post=5686"}],"curies":[{"name":"wp","href":"https:\/\/api.w.org\/{rel}","templated":true}]}}