{"id":5654,"date":"2025-12-10T12:17:37","date_gmt":"2025-12-10T09:17:37","guid":{"rendered":"https:\/\/wristbandfactory.eu\/?post_type=product&#038;p=5654"},"modified":"2026-04-01T21:52:35","modified_gmt":"2026-04-01T18:52:35","slug":"custom-printed-round-cord-lanyards-direct-text-branding","status":"publish","type":"product","link":"https:\/\/displayproducts.eu\/lv\/p\/custom-printed-round-cord-lanyards-direct-text-branding\/","title":{"rendered":"Apa\u013c\u0101s kakla lentas ar druku uz auklas"},"content":{"rendered":"<p data-path-to-node=\"12\">Izcelies no p\u016b\u013ca ar m\u016bsu <b>Piel\u0101gotas druk\u0101tas apa\u013cas auklas virves<\/b>. At\u0161\u0137ir\u012bb\u0101 no tradicion\u0101laj\u0101m auklu sait\u0113m, kur\u0101m z\u012bmola veido\u0161anai nepiecie\u0161ama atsevi\u0161\u0137a PVC embl\u0113ma, \u0161aj\u0101 augst\u0101k\u0101s kvalit\u0101tes variant\u0101 j\u016bsu teksts vai logotips ir iespiests tie\u0161i uz pa\u0161as virves virsmas.<\/p>\n<p data-path-to-node=\"13\"><b>Minim\u0101listisks un moderns<\/b> \u0160\u012b tehnika rada elegantu, sportisku izskatu, kas ir popul\u0101rs tehnolo\u0123iju uz\u0146\u0113mumu, \u0101ra aktivit\u0101\u0161u z\u012bmolu un skolu vid\u016b. Apa\u013cais profils (parasti 5 mm vai 8 mm) ir \u0113rts valk\u0101\u0161anai visu dienu un negrie\u017eas k\u0101 plakanas lentes.<\/p>\n<p data-path-to-node=\"14\"><b>Elast\u012bgs pret statisku<\/b> J\u016bs varat izv\u0113l\u0113ties starp:<\/p>\n<ol start=\"1\" data-path-to-node=\"15\">\n<li>\n<p data-path-to-node=\"15,0,0\"><b>Cauru\u013cveida poliesters:<\/b> Klasiska, iztur\u012bga un neizstiepjama iesp\u0113ja, kas ir ide\u0101li piem\u0113rota personas apliec\u012bb\u0101m.<\/p>\n<\/li>\n<li>\n<p data-path-to-node=\"15,1,0\"><b>Elast\u012bga aukla:<\/b> Elast\u012bgs \u201cben\u017eveida\u201d materi\u0101ls, kas pie\u0161\u0137ir unik\u0101lu taustes elementu un elast\u012bbu.<\/p>\n<\/li>\n<\/ol>\n<p data-path-to-node=\"16\"><b>Ieteicamie lieto\u0161anas gad\u012bjumi:<\/b><\/p>\n<ul data-path-to-node=\"17\">\n<li>\n<p data-path-to-node=\"17,0,0\"><b>Sports un br\u012bv\u0101 dab\u0101:<\/b> Iztur\u012bgais virves stils lieliski piest\u0101v sporta pas\u0101kumiem.<\/p>\n<\/li>\n<li>\n<p data-path-to-node=\"17,1,0\"><b>Skolas un universit\u0101tes:<\/b> Vienk\u0101r\u0161i, iztur\u012bgi personu apliecino\u0161i maci\u0146i studentiem.<\/p>\n<\/li>\n<li>\n<p data-path-to-node=\"17,2,0\"><b>Tehnolo\u0123iju suven\u012brs:<\/b> Moderna alternat\u012bva standarta plakanajai kakla siksni\u0146ai.<\/p>\n<\/li>\n<\/ul>\n<p data-path-to-node=\"18\"><b>Galven\u0101s iez\u012bmes:<\/b><\/p>\n<ul data-path-to-node=\"19\">\n<li>\n<p data-path-to-node=\"19,0,0\"><b>Druk\u0101\u0161ana:<\/b> Sietspiede ap auklas izliekumu.<\/p>\n<\/li>\n<li>\n<p data-path-to-node=\"19,1,0\"><b>Diametrs:<\/b> Pieejams 5 mm, 8 mm vai piel\u0101got\u0101 biezum\u0101.<\/p>\n<\/li>\n<li>\n<p data-path-to-node=\"19,2,0\"><b>Regul\u0113t\u0101ji:<\/b> Izm\u0113ra regul\u0113\u0161anai pieejami plastmasas pogu sl\u012bd\u0146i.<\/p>\n<\/li>\n<li>\n<p data-path-to-node=\"19,3,0\"><b>Pielikumi:<\/b> Iztur\u012bgi met\u0101la \u0101\u0137i vai smalkas auklas cilpas.<\/p>\n<\/li>\n<\/ul>","protected":false},"excerpt":{"rendered":"<ul data-path-to-node=\"10\">\n<li>\n<p data-path-to-node=\"10,0,0\"><b>Tie\u0161\u0101 z\u012bmola veido\u0161ana:<\/b> J\u016bsu logotips vai sauklis tiek sietspied\u0113 nep\u0101rtraukti druk\u0101ts gar apa\u013co auklu, nodro\u0161inot 360 gr\u0101du redzam\u012bbu.<\/p>\n<\/li>\n<li>\n<p data-path-to-node=\"10,1,0\"><b>Materi\u0101lu opcijas:<\/b> Pieejams standarta cauru\u013cveida poliestera vai elast\u012bgas auklas veid\u0101 papildu funkcionalit\u0101tei.<\/p>\n<\/li>\n<li>\n<p data-path-to-node=\"10,2,0\"><b>Viedie sl\u012bd\u0146i:<\/b> Iek\u013cauti regul\u0113jami plastmasas sl\u012bd\u0146i vai &quot;pogas&quot;, lai regul\u0113tu garumu vai notur\u0113tu vadu k\u0101rt\u012bgu.<\/p>\n<\/li>\n<li>\n<p data-path-to-node=\"10,3,0\"><b>Daudzpus\u012bgi klip\u0161i:<\/b> Savietojams ar met\u0101la karab\u012bn\u0113m, groz\u0101miem \u0101\u0137iem vai mobilo t\u0101lru\u0146u cilp\u0101m.<\/p>\n<\/li>\n<\/ul>","protected":false},"featured_media":6805,"comment_status":"closed","ping_status":"closed","template":"","meta":[],"product_brand":[],"product_cat":[125,104,108],"product_tag":[],"class_list":{"0":"post-5654","1":"product","2":"type-product","3":"status-publish","4":"has-post-thumbnail","6":"product_cat-cord-lanyards","7":"product_cat-custom-printed-lanyards","8":"product_cat-multifunctional-lanyards","10":"first","11":"instock","12":"shipping-taxable","13":"product-type-simple"},"_links":{"self":[{"href":"https:\/\/displayproducts.eu\/lv\/wp-json\/wp\/v2\/product\/5654","targetHints":{"allow":["GET"]}}],"collection":[{"href":"https:\/\/displayproducts.eu\/lv\/wp-json\/wp\/v2\/product"}],"about":[{"href":"https:\/\/displayproducts.eu\/lv\/wp-json\/wp\/v2\/types\/product"}],"replies":[{"embeddable":true,"href":"https:\/\/displayproducts.eu\/lv\/wp-json\/wp\/v2\/comments?post=5654"}],"wp:featuredmedia":[{"embeddable":true,"href":"https:\/\/displayproducts.eu\/lv\/wp-json\/wp\/v2\/media\/6805"}],"wp:attachment":[{"href":"https:\/\/displayproducts.eu\/lv\/wp-json\/wp\/v2\/media?parent=5654"}],"wp:term":[{"taxonomy":"product_brand","embeddable":true,"href":"https:\/\/displayproducts.eu\/lv\/wp-json\/wp\/v2\/product_brand?post=5654"},{"taxonomy":"product_cat","embeddable":true,"href":"https:\/\/displayproducts.eu\/lv\/wp-json\/wp\/v2\/product_cat?post=5654"},{"taxonomy":"product_tag","embeddable":true,"href":"https:\/\/displayproducts.eu\/lv\/wp-json\/wp\/v2\/product_tag?post=5654"}],"curies":[{"name":"wp","href":"https:\/\/api.w.org\/{rel}","templated":true}]}}