{"id":5642,"date":"2025-12-10T11:59:44","date_gmt":"2025-12-10T08:59:44","guid":{"rendered":"https:\/\/wristbandfactory.eu\/?post_type=product&#038;p=5642"},"modified":"2026-04-01T21:52:35","modified_gmt":"2026-04-01T18:52:35","slug":"natural-cork-lanyards-with-bottle-opener-eco-metal","status":"publish","type":"product","link":"https:\/\/displayproducts.eu\/lv\/p\/natural-cork-lanyards-with-bottle-opener-eco-metal\/","title":{"rendered":"Kor\u0137a kakla lentas ar pude\u013cu attais\u0101mo"},"content":{"rendered":"<p data-path-to-node=\"13\">Apvienojiet ilgtsp\u0113j\u012bbu ar augstu lietder\u012bbu, izmantojot m\u016bsu <b>Dab\u012bg\u0101 kor\u0137a kakla lentas ar pude\u013cu attais\u0101mo<\/b>. \u0160is produkts savieno videi draudz\u012bgu z\u012bmolu un praktiskas pas\u0101kumu preces.<\/p>\n<p data-path-to-node=\"14\">At\u0161\u0137ir\u012bb\u0101 no standarta poliestera kakla siksni\u0146\u0101m, lentas ir izgatavota no <b>\u012bsts kor\u0137is<\/b>, pie\u0161\u0137irot tam unik\u0101lu, organisku izskatu un maigu saj\u016btu pret \u0101du. \u0160\u012b mode\u013ca galven\u0101 iez\u012bme ir <b>integr\u0113ts met\u0101la pude\u013cu attais\u0101mais<\/b>, padarot to par \u013coti iek\u0101rojamu \u201cglab\u0101\u0161anas priek\u0161metu\u201d festiv\u0101lu un ball\u012b\u0161u apmekl\u0113t\u0101jiem.<\/p>\n<p data-path-to-node=\"15\"><b>K\u0101p\u0113c izv\u0113l\u0113ties Cork + atv\u0113r\u0113ju?<\/b> Tas pau\u017e div\u0113j\u0101du v\u0113st\u012bjumu: j\u016bsu z\u012bmolam r\u016bp vide (Eko) un tas zina, k\u0101 labi pavad\u012bt laiku (Soci\u0101li). Iztur\u012bg\u0101 met\u0101la furnit\u016bra nodro\u0161ina produkta kalpo\u0161anas laiku gadiem ilgi, saglab\u0101jot j\u016bsu logotipu aprit\u0113 ilgi p\u0113c pas\u0101kuma beig\u0101m.<\/p>\n<p data-path-to-node=\"16\"><b>Ieteicamie lieto\u0161anas gad\u012bjumi:<\/b><\/p>\n<ul data-path-to-node=\"17\">\n<li>\n<p data-path-to-node=\"17,0,0\"><b>\u0112dienu un dz\u0113rienu pas\u0101kumi:<\/b> Alus festiv\u0101li, v\u012bna degust\u0101cijas un vasaras gadatirgi.<\/p>\n<\/li>\n<li>\n<p data-path-to-node=\"17,1,0\"><b>Videi draudz\u012bgas kampa\u0146as:<\/b> Z\u012bmoli, kas mekl\u0113 alternat\u012bvas bez plastmasas.<\/p>\n<\/li>\n<li>\n<p data-path-to-node=\"17,2,0\"><b>VIP d\u0101vanas:<\/b> Funkcion\u0101la d\u0101vana, kas pied\u0101v\u0101 augst\u0101ku uztveramo v\u0113rt\u012bbu nek\u0101 standarta kakla siksni\u0146a.<\/p>\n<\/li>\n<\/ul>\n<p data-path-to-node=\"18\"><b>Galven\u0101s iez\u012bmes:<\/b><\/p>\n<ul data-path-to-node=\"19\">\n<li>\n<p data-path-to-node=\"19,0,0\"><b>Materi\u0101ls:<\/b> \u012asts dab\u012bg\u0101 kor\u0137a pamatne.<\/p>\n<\/li>\n<li>\n<p data-path-to-node=\"19,1,0\"><b>Pielikums:<\/b> Met\u0101la pude\u013cu attais\u0101mais + groz\u0101ms \u0101\u0137is (om\u0101ru klipsis).<\/p>\n<\/li>\n<li>\n<p data-path-to-node=\"19,2,0\"><b>Piel\u0101go\u0161ana:<\/b> Pieejams ar sietspiedi vai l\u0101zergrav\u0113jumu uz kor\u0137a.<\/p>\n<\/li>\n<li>\n<p data-path-to-node=\"19,3,0\"><b>Iztur\u012bba:<\/b> Pastiprin\u0101ta met\u0101la gofr\u0113\u0161ana intens\u012bvai ikdienas lieto\u0161anai.<\/p>\n<\/li>\n<\/ul>","protected":false},"excerpt":{"rendered":"<ul data-path-to-node=\"11\">\n<li>\n<p data-path-to-node=\"11,0,0\"><b>Videi draudz\u012bgs materi\u0101ls:<\/b> Izgatavots no dab\u012bga, ilgtsp\u0113j\u012bga kor\u0137a ar m\u012bkstu, augst\u0101k\u0101s kvalit\u0101tes tekst\u016bru.<\/p>\n<\/li>\n<li>\n<p data-path-to-node=\"11,1,0\"><b>Ieb\u016bv\u0113tais r\u012bks:<\/b> Apr\u012bkots ar iztur\u012bgu met\u0101la pude\u013cu attais\u0101mo, kas ir tie\u0161i integr\u0113ts siksn\u0101.<\/p>\n<\/li>\n<li>\n<p data-path-to-node=\"11,2,0\"><b>Augst\u0101k\u0101s kvalit\u0101tes aparat\u016bra:<\/b> Apdarin\u0101ts ar augstas kvalit\u0101tes met\u0101la gofr\u0113jumu un om\u0101ra sp\u012bles \u0101\u0137i, t\u0101d\u0113j\u0101di nov\u0113r\u0161ot l\u0113tas plastmasas deta\u013cas.<\/p>\n<\/li>\n<li>\n<p data-path-to-node=\"11,3,0\"><b>Gatavs pas\u0101kumam:<\/b> Lielisks funkcion\u0101ls aksesu\u0101rs alus festiv\u0101liem, pas\u0101kumiem br\u012bv\u0101 dab\u0101 un dz\u0113rienu m\u0101rketingam.<\/p>\n<\/li>\n<\/ul>","protected":false},"featured_media":6557,"comment_status":"closed","ping_status":"closed","template":"","meta":[],"product_brand":[],"product_cat":[107,108,119],"product_tag":[],"class_list":{"0":"post-5642","1":"product","2":"type-product","3":"status-publish","4":"has-post-thumbnail","6":"product_cat-eco-friendly-lanyards","7":"product_cat-multifunctional-lanyards","8":"product_cat-drinkware-accessories","10":"first","11":"instock","12":"shipping-taxable","13":"product-type-simple"},"_links":{"self":[{"href":"https:\/\/displayproducts.eu\/lv\/wp-json\/wp\/v2\/product\/5642","targetHints":{"allow":["GET"]}}],"collection":[{"href":"https:\/\/displayproducts.eu\/lv\/wp-json\/wp\/v2\/product"}],"about":[{"href":"https:\/\/displayproducts.eu\/lv\/wp-json\/wp\/v2\/types\/product"}],"replies":[{"embeddable":true,"href":"https:\/\/displayproducts.eu\/lv\/wp-json\/wp\/v2\/comments?post=5642"}],"wp:featuredmedia":[{"embeddable":true,"href":"https:\/\/displayproducts.eu\/lv\/wp-json\/wp\/v2\/media\/6557"}],"wp:attachment":[{"href":"https:\/\/displayproducts.eu\/lv\/wp-json\/wp\/v2\/media?parent=5642"}],"wp:term":[{"taxonomy":"product_brand","embeddable":true,"href":"https:\/\/displayproducts.eu\/lv\/wp-json\/wp\/v2\/product_brand?post=5642"},{"taxonomy":"product_cat","embeddable":true,"href":"https:\/\/displayproducts.eu\/lv\/wp-json\/wp\/v2\/product_cat?post=5642"},{"taxonomy":"product_tag","embeddable":true,"href":"https:\/\/displayproducts.eu\/lv\/wp-json\/wp\/v2\/product_tag?post=5642"}],"curies":[{"name":"wp","href":"https:\/\/api.w.org\/{rel}","templated":true}]}}