{"id":5636,"date":"2025-12-10T11:51:32","date_gmt":"2025-12-10T08:51:32","guid":{"rendered":"https:\/\/wristbandfactory.eu\/?post_type=product&#038;p=5636"},"modified":"2026-04-01T21:52:35","modified_gmt":"2026-04-01T18:52:35","slug":"custom-camera-neck-straps-woven-printed-branding","status":"publish","type":"product","link":"https:\/\/displayproducts.eu\/lv\/p\/custom-camera-neck-straps-woven-printed-branding\/","title":{"rendered":"Piel\u0101gotas kameras lentass \u2013 Austas vai druk\u0101tas"},"content":{"rendered":"<p data-path-to-node=\"12\">Papla\u0161iniet savu pre\u010du kolekciju ar m\u016bsu <b>Piel\u0101gotas kameras kakla lentass<\/b>. \u0160\u012bs lentas, kas paredz\u0113tas fotostudij\u0101m, tehnolo\u0123iju z\u012bmoliem un muzeju suven\u012bru veikaliem, pied\u0101v\u0101 augstv\u0113rt\u012bgu z\u012bmola telpu, kas ir redzama katru reizi, kad tiek uz\u0146emts fotoatt\u0113ls.<\/p>\n<p data-path-to-node=\"13\">At\u0161\u0137ir\u012bb\u0101 no l\u0113t\u0101m d\u0101van\u0101m, \u0161\u012bs ir mazumtirdzniec\u012bbas kvalit\u0101tes lentas. J\u016bs varat izv\u0113l\u0113ties materi\u0101lu un metodi, kas atbilst j\u016bsu z\u012bmolam:<\/p>\n<ol start=\"1\" data-path-to-node=\"14\">\n<li>\n<p data-path-to-node=\"14,0,0\"><b>Poliestera sublim\u0101cija:<\/b> Lieliski piem\u0113rots sare\u017e\u0123\u012bt\u0101m, kr\u0101sain\u0101m grafik\u0101m, gradientiem un fotoatt\u0113liem (piem\u0113ram, ziedu vai dz\u012bvnieku apdruk\u0101m).<\/p>\n<\/li>\n<li>\n<p data-path-to-node=\"14,1,0\"><b>\u017dakarda pinums (austs):<\/b> Ide\u0101li piem\u0113rots \u201cvintage\u201d vai \u201cboho\u201d stiliem, kur raksts ir ieausts audum\u0101, lai nodro\u0161in\u0101tu tekst\u016bru un iztur\u012bbu.<\/p>\n<\/li>\n<\/ol>\n<p data-path-to-node=\"15\"><b>K\u0101p\u0113c p\u0101rdot firmas kameras lentass?<\/b> Fotogr\u0101fiem pat\u012bk personaliz\u0113t savu apr\u012bkojumu. Piel\u0101gota siksni\u0146a ir funkcion\u0101ls aksesu\u0101rs, kas aizst\u0101j garlaic\u012bgo standarta siksni\u0146u, kas n\u0101k l\u012bdzi kamerai, padarot to par lielisku preci korporat\u012bv\u0101m d\u0101van\u0101m vai t\u0101l\u0101kp\u0101rdo\u0161anai.<\/p>\n<p data-path-to-node=\"16\"><b>Galven\u0101s iez\u012bmes:<\/b><\/p>\n<ul data-path-to-node=\"17\">\n<li>\n<p data-path-to-node=\"17,0,0\"><b>Materi\u0101li:<\/b> Iztur\u012bgi kokvilnas, poliestera vai neilona mais\u012bjumi.<\/p>\n<\/li>\n<li>\n<p data-path-to-node=\"17,1,0\"><b>Pielikumi:<\/b> Standarta 10 mm lentass cilpas vai met\u0101la groz\u0101mie \u0101\u0137i.<\/p>\n<\/li>\n<li>\n<p data-path-to-node=\"17,2,0\"><b>Regul\u0113jams garums:<\/b> Apr\u012bkots ar iztur\u012bg\u0101m plastmasas spr\u0101dz\u0113m, lai piel\u0101gotu n\u0113s\u0101\u0161anai uz kakla vai pleca.<\/p>\n<\/li>\n<li>\n<p data-path-to-node=\"17,3,0\"><b>\u0100das gali:<\/b> PU vai \u012bstas \u0101das apdare iztur\u012bbai un stilam.<\/p>\n<\/li>\n<\/ul>","protected":false},"excerpt":{"rendered":"<ul>\n<li>\n<p data-path-to-node=\"10,0,0\"><b>Piln\u012bb\u0101 piel\u0101gojams:<\/b> Izv\u0113lieties starp augstas iz\u0161\u0137irtsp\u0113jas sublim\u0101cijas druku vai augst\u0101k\u0101s kvalit\u0101tes austajiem rakstiem.<\/p>\n<\/li>\n<li>\n<p data-path-to-node=\"10,1,0\"><b>Augst\u0101k\u0101s kvalit\u0101tes apdare:<\/b> Gali ir pastiprin\u0101ti ar augstas kvalit\u0101tes PU \u0101du vai \u012bstu \u0101du, lai ieg\u016btu mazumtirdzniec\u012bbai piem\u0113rotu izskatu.<\/p>\n<\/li>\n<li>\n<p data-path-to-node=\"10,2,0\"><b>Univers\u0101ls piegulums:<\/b> Regul\u0113jami neilona siksnu savienot\u0101ji ir piem\u0113roti gandr\u012bz vis\u0101m DSLR un bezspogu\u013ca kamer\u0101m (Canon, Nikon, Sony u.\u00a0c.).<\/p>\n<\/li>\n<li>\n<p data-path-to-node=\"10,3,0\"><b>Daudzpus\u012bgi stili:<\/b> Pieejams boho, vintage vai modern\u0101 korporat\u012bvaj\u0101 stil\u0101, kas piel\u0101gots j\u016bsu z\u012bmola identit\u0101tei.<\/p>\n<\/li>\n<\/ul>","protected":false},"featured_media":5641,"comment_status":"closed","ping_status":"closed","template":"","meta":[],"product_brand":[],"product_cat":[127],"product_tag":[],"class_list":{"0":"post-5636","1":"product","2":"type-product","3":"status-publish","4":"has-post-thumbnail","6":"product_cat-custom-straps-belts","8":"first","9":"instock","10":"shipping-taxable","11":"product-type-simple"},"_links":{"self":[{"href":"https:\/\/displayproducts.eu\/lv\/wp-json\/wp\/v2\/product\/5636","targetHints":{"allow":["GET"]}}],"collection":[{"href":"https:\/\/displayproducts.eu\/lv\/wp-json\/wp\/v2\/product"}],"about":[{"href":"https:\/\/displayproducts.eu\/lv\/wp-json\/wp\/v2\/types\/product"}],"replies":[{"embeddable":true,"href":"https:\/\/displayproducts.eu\/lv\/wp-json\/wp\/v2\/comments?post=5636"}],"wp:featuredmedia":[{"embeddable":true,"href":"https:\/\/displayproducts.eu\/lv\/wp-json\/wp\/v2\/media\/5641"}],"wp:attachment":[{"href":"https:\/\/displayproducts.eu\/lv\/wp-json\/wp\/v2\/media?parent=5636"}],"wp:term":[{"taxonomy":"product_brand","embeddable":true,"href":"https:\/\/displayproducts.eu\/lv\/wp-json\/wp\/v2\/product_brand?post=5636"},{"taxonomy":"product_cat","embeddable":true,"href":"https:\/\/displayproducts.eu\/lv\/wp-json\/wp\/v2\/product_cat?post=5636"},{"taxonomy":"product_tag","embeddable":true,"href":"https:\/\/displayproducts.eu\/lv\/wp-json\/wp\/v2\/product_tag?post=5636"}],"curies":[{"name":"wp","href":"https:\/\/api.w.org\/{rel}","templated":true}]}}