{"id":5613,"date":"2025-12-10T11:15:00","date_gmt":"2025-12-10T08:15:00","guid":{"rendered":"https:\/\/wristbandfactory.eu\/?post_type=product&#038;p=5613"},"modified":"2026-04-01T21:52:35","modified_gmt":"2026-04-01T18:52:35","slug":"high-density-3d-screen-print-lanyards-tactile-braille-ready","status":"publish","type":"product","link":"https:\/\/displayproducts.eu\/lv\/p\/high-density-3d-screen-print-lanyards-tactile-braille-ready\/","title":{"rendered":"3D reljefa kakla lentas ar Braila rakstu"},"content":{"rendered":"<p data-path-to-node=\"11\">Paaugstiniet sava z\u012bmola ietekmi un iek\u013caut\u012bbu ar m\u016bsu pal\u012bdz\u012bbu <b>Augsta bl\u012bvuma 3D sietspiedes kakla lentass<\/b>. At\u0161\u0137ir\u012bb\u0101 no standarta plakan\u0101s drukas, \u0161\u012b uzlabot\u0101 \u201cp\u016bkain\u0101s drukas\u201d tehnika rada biezu, gumijai l\u012bdz\u012bgu tekst\u016bru, kas iev\u0113rojami pace\u013cas virs auduma virsmas, padarot j\u016bsu logotipu un v\u0113st\u012bjumu fiziski taust\u0101mu.<\/p>\n<p data-path-to-node=\"12\"><b>Izv\u0113le iek\u013caujo\u0161ai un dro\u0161\u012bbai kritiski svar\u012bgai videi<\/b> \u0160\u012b tehnolo\u0123ija ir unik\u0101li piem\u0113rota <b>pieejam\u012bbas lietojumprogrammas<\/b>. K\u0101 redzams dro\u0161\u012bbas kampa\u0146\u0101s (piem\u0113ram, \u201cOperation Lifesaver\u201d), prec\u012bzais, paaugstin\u0101tais profils \u013cauj iek\u013caut <b>taustes Braila rakstz\u012bmes<\/b> l\u012bdz\u0101s standarta tekstam. Tas padara \u0161\u012bs kakla lentas par ide\u0101lu izv\u0113li:<\/p>\n<ul data-path-to-node=\"13\">\n<li>\n<p data-path-to-node=\"13,0,0\"><b>Iek\u013caujo\u0161i pas\u0101kumi un konferences:<\/b> \u0112din\u0101\u0161ana apmekl\u0113t\u0101jiem ar redzes trauc\u0113jumiem.<\/p>\n<\/li>\n<li>\n<p data-path-to-node=\"13,1,0\"><b>Sabiedriskais transports un dro\u0161\u012bba:<\/b> Viegli taust\u0101mi br\u012bdin\u0101jumi darbiniekiem (piem\u0113ram, \u201cVilciens tuvojas\u201d, \u201cUzmanieties no atstarpes\u201d).<\/p>\n<\/li>\n<li>\n<p data-path-to-node=\"13,2,0\"><b>Vesel\u012bbas apr\u016bpe un vald\u012bba:<\/b> Atbilst\u012bba KSA (korporat\u012bv\u0101s soci\u0101l\u0101s atbild\u012bbas) un pieejam\u012bbas standartiem.<\/p>\n<\/li>\n<\/ul>\n<p data-path-to-node=\"14\"><b>Augst\u0101k\u0101s kvalit\u0101tes tekst\u016bra un iztur\u012bba<\/b> Reljef\u0101 tinte ir iztur\u012bga, elast\u012bga un notur\u012bga pret plais\u0101\u0161anu. T\u0101 rada augst\u0101k\u0101s kvalit\u0101tes \u201c3D efektu\u201d, kas pie\u0161\u0137ir v\u0113rt\u012bbu pat vienk\u0101r\u0161iem logotipiem. \u0160\u0146or\u012btes ir izgatavotas no iztur\u012bga poliestera, pieejamas cauru\u013cveida vai plakan\u0101 pinum\u0101, un t\u0101s var apr\u012bkot ar dro\u0161\u012bbas atvienot\u0101jiem un no\u0146emam\u0101m spr\u0101dz\u0113m papildu funkcionalit\u0101tei.<\/p>\n<p data-path-to-node=\"15\"><b>Galven\u0101s iez\u012bmes:<\/b><\/p>\n<ul data-path-to-node=\"16\">\n<li>\n<p data-path-to-node=\"16,0,0\"><b>Augsta bl\u012bvuma k\u0101rtain\u0101 apdruka:<\/b> \u012apa\u0161i biezi tintes sl\u0101\u0146i izteiktam 3D efektam.<\/p>\n<\/li>\n<li>\n<p data-path-to-node=\"16,1,0\"><b>Sader\u012bgs ar Braila rakstu:<\/b> Atbilst\u012bbas taustes las\u012b\u0161anai noteiktas augstuma pras\u012bbas.<\/p>\n<\/li>\n<li>\n<p data-path-to-node=\"16,2,0\"><b>Iztur\u012bgs materi\u0101ls:<\/b> Iztur\u012bgs poliesters, kas paredz\u0113ts ilgsto\u0161ai valk\u0101\u0161anai.<\/p>\n<\/li>\n<li>\n<p data-path-to-node=\"16,3,0\"><b>Piel\u0101goti pielikumi:<\/b> Savietojams ar met\u0101la \u0101\u0137iem, plastmasas spr\u0101dz\u0113m un dro\u0161\u012bbas bremz\u0113m.<\/p>\n<\/li>\n<\/ul>","protected":false},"excerpt":{"rendered":"<ul>\n<li>\n<p data-path-to-node=\"9,0,0\"><b>Taktil\u0101 z\u012bmola veido\u0161ana:<\/b> Uzlabot\u0101 \u201cp\u016bkain\u0101\u201d sietspiedes tehnolo\u0123ija rada biezu, reljefu 3D tekst\u016bru, ko var sajust.<\/p>\n<\/li>\n<li>\n<p data-path-to-node=\"9,1,0\"><b>Pieejam\u012bbas nodro\u0161in\u0101\u0161anai gatavs:<\/b> Augstais drukas profils nodro\u0161ina salas\u0101mas Braila raksta rakstz\u012bmes, padarot pas\u0101kumus pieejamus ar\u012b v\u0101jredz\u012bgajiem.<\/p>\n<\/li>\n<li>\n<p data-path-to-node=\"9,2,0\"><b>Augsta redzam\u012bba:<\/b> Reljefa tinte atrodas auduma virspus\u0113, lai nodro\u0161in\u0101tu maksim\u0101lu kontrastu un salas\u0101m\u012bbu, kas ir ide\u0101li piem\u0113rota dro\u0161\u012bbas zi\u0146ojumiem, piem\u0113ram, &quot;NEAPBRAUKTIES NO SLIED\u0112M&quot;.<\/p>\n<\/li>\n<li>\n<p data-path-to-node=\"9,3,0\"><b>Iztur\u012bgs un dro\u0161s:<\/b> Pieejams ar dro\u0161\u012bbas spr\u0101dz\u0113m un no\u0146emamiem klip\u0161iem ikdienas lieto\u0161anai intens\u012bvi.<\/p>\n<\/li>\n<\/ul>","protected":false},"featured_media":5617,"comment_status":"closed","ping_status":"closed","template":"","meta":[],"product_brand":[],"product_cat":[104],"product_tag":[],"class_list":{"0":"post-5613","1":"product","2":"type-product","3":"status-publish","4":"has-post-thumbnail","6":"product_cat-custom-printed-lanyards","8":"first","9":"instock","10":"shipping-taxable","11":"product-type-simple"},"_links":{"self":[{"href":"https:\/\/displayproducts.eu\/lv\/wp-json\/wp\/v2\/product\/5613","targetHints":{"allow":["GET"]}}],"collection":[{"href":"https:\/\/displayproducts.eu\/lv\/wp-json\/wp\/v2\/product"}],"about":[{"href":"https:\/\/displayproducts.eu\/lv\/wp-json\/wp\/v2\/types\/product"}],"replies":[{"embeddable":true,"href":"https:\/\/displayproducts.eu\/lv\/wp-json\/wp\/v2\/comments?post=5613"}],"wp:featuredmedia":[{"embeddable":true,"href":"https:\/\/displayproducts.eu\/lv\/wp-json\/wp\/v2\/media\/5617"}],"wp:attachment":[{"href":"https:\/\/displayproducts.eu\/lv\/wp-json\/wp\/v2\/media?parent=5613"}],"wp:term":[{"taxonomy":"product_brand","embeddable":true,"href":"https:\/\/displayproducts.eu\/lv\/wp-json\/wp\/v2\/product_brand?post=5613"},{"taxonomy":"product_cat","embeddable":true,"href":"https:\/\/displayproducts.eu\/lv\/wp-json\/wp\/v2\/product_cat?post=5613"},{"taxonomy":"product_tag","embeddable":true,"href":"https:\/\/displayproducts.eu\/lv\/wp-json\/wp\/v2\/product_tag?post=5613"}],"curies":[{"name":"wp","href":"https:\/\/api.w.org\/{rel}","templated":true}]}}