{"id":5497,"date":"2025-11-15T16:43:25","date_gmt":"2025-11-15T13:43:25","guid":{"rendered":"https:\/\/wristbandfactory.eu\/?post_type=product&#038;p=5497"},"modified":"2026-04-01T21:52:35","modified_gmt":"2026-04-01T18:52:35","slug":"custom-printed-tyvek-wristbands","status":"publish","type":"product","link":"https:\/\/displayproducts.eu\/lv\/p\/custom-printed-tyvek-wristbands\/","title":{"rendered":"P\u0113c pas\u016bt\u012bjuma apdruk\u0101tas Tyvek aproces (vienas kr\u0101sas apdruka)"},"content":{"rendered":"<p data-path-to-node=\"12\">Nodro\u0161iniet sava pas\u0101kuma dro\u0161\u012bbu un vienk\u0101r\u0161ojiet ieejas p\u0101rvald\u012bbu ar m\u016bsu pal\u012bdz\u012bbu <b data-path-to-node=\"12\" data-index-in-node=\"84\">P\u0113c pas\u016bt\u012bjuma apdruk\u0101tas Tyvek aproces (1 kr\u0101sas)<\/b>. \u0160\u012bs joslas, kas izstr\u0101d\u0101tas efektivit\u0101tei un pieejam\u012bbai, ir nozares standarts festiv\u0101liem, koncertiem, klubiem un korporat\u012bviem pas\u0101kumiem, kuriem nepiecie\u0161ama uzticama piek\u013cuves kontrole.<\/p>\n<p data-path-to-node=\"13\">At\u0161\u0137ir\u012bb\u0101 no visp\u0101r\u012bgaj\u0101m iesp\u0113j\u0101m, m\u016bsu piel\u0101got\u0101s drukas pakalpojums \u013cauj jums pievienot savu logotipu, pas\u0101kuma nosaukumu vai piel\u0101gotu tekstu as\u0101 kr\u0101s\u0101. <b data-path-to-node=\"13\" data-index-in-node=\"117\">Melna vai balta tinte<\/b>. \u0160\u012b vienkr\u0101sain\u0101 sietspiedes metode pied\u0101v\u0101 perfektu zemo izmaksu un augstas redzam\u012bbas l\u012bdzsvaru, padarot to par ide\u0101lu izv\u0113li dal\u012bbnieku klasific\u0113\u0161anai (piem\u0113ram, VIP, darbinieki, visp\u0101r\u0113j\u0101 ieeja), nep\u0101rsniedzot bud\u017eetu.<\/p>\n<h2 data-path-to-node=\"14\">Galven\u0101s iez\u012bmes<\/h2>\n<ul data-path-to-node=\"15\">\n<li>\n<p data-path-to-node=\"15,0,0\"><b data-path-to-node=\"15,0,0\" data-index-in-node=\"0\">Ekonomisks drukas risin\u0101jums:<\/b> \u0100trgaitas vienkr\u0101sas sietspiede (melnbalta) nodro\u0161ina zemas vien\u012bbas izmaksas, kas ir ide\u0101li piem\u0113rota liela m\u0113roga pas\u0101kumiem.<\/p>\n<\/li>\n<li>\n<p data-path-to-node=\"15,1,0\"><b data-path-to-node=\"15,1,0\" data-index-in-node=\"0\">Dro\u0161\u012bba pret viltojumiem:<\/b> Katrai lentei ir izgriezta l\u012bm\u0113jo\u0161a aizdare, kas sapl\u012bst, ja tiek m\u0113\u0123in\u0101ts to no\u0146emt, nov\u0113r\u0161ot t\u0101s p\u0101rne\u0161anu un ie\u0146\u0113mumu zaud\u0113\u0161anu.<\/p>\n<\/li>\n<li>\n<p data-path-to-node=\"15,2,0\"><b data-path-to-node=\"15,2,0\" data-index-in-node=\"0\">Sec\u012bg\u0101 numer\u0101cija:<\/b> Vis\u0101m lent\u0113m ir iepriek\u0161 iespiesti unik\u0101li s\u0113rijas numuri, kas pal\u012bdz izsekot apmekl\u0113t\u0101ju skaitam un kontrol\u0113t bi\u013ce\u0161u p\u0101rdo\u0161anu.<\/p>\n<\/li>\n<li>\n<p data-path-to-node=\"15,3,1\"><span data-path-to-node=\"15,3,1,0\"><b data-path-to-node=\"15,3,1,0\" data-index-in-node=\"0\"><span class=\"citation-19\">\u012asts DuPont\u2122 Tyvek\u00ae:<\/span><\/b><span class=\"citation-19\"> M\u0113s izmantojam tikai autentisku materi\u0101lu, kas ir viegls, piln\u012bb\u0101 \u016bdensnecaurlaid\u012bgs un pl\u012bsumiztur\u012bgs l\u012bdz pat 5 dien\u0101m. <\/span><\/span><\/p>\n<\/li>\n<li>\n<p data-path-to-node=\"15,4,0\"><b data-path-to-node=\"15,4,0\" data-index-in-node=\"0\">Pla\u0161s kr\u0101su diapazons:<\/b> Meln\u0101 apdruka spilgti izce\u013cas uz m\u016bsu pla\u0161\u0101 neona, met\u0101lisko un vienkr\u0101saino pamatnes joslu kr\u0101su kl\u0101sta fona.<\/p>\n<\/li>\n<\/ul>\n<h2 data-path-to-node=\"16\">Specifik\u0101cijas<\/h2>\n<ul data-path-to-node=\"17\">\n<li>\n<p data-path-to-node=\"17,0,1\"><span data-path-to-node=\"17,0,1,0\"><b data-path-to-node=\"17,0,1,0\" data-index-in-node=\"0\"><span class=\"citation-18\">Materi\u0101ls:<\/span><\/b><span class=\"citation-18\"> DuPont\u2122 Tyvek\u00ae (p\u0101rstr\u0101d\u0101jams augsta bl\u012bvuma polietil\u0113ns). <\/span><\/span><\/p>\n<\/li>\n<li>\n<p data-path-to-node=\"17,1,0\"><b data-path-to-node=\"17,1,0\" data-index-in-node=\"0\">Drukas veids:<\/b> Vienkr\u0101sains sietspiedes veids (standarta variants: melna tinte).<\/p>\n<\/li>\n<li>\n<p data-path-to-node=\"17,2,0\"><b data-path-to-node=\"17,2,0\" data-index-in-node=\"0\">Izm\u0113rs:<\/b> Standarta platums 19 mm vai 25 mm (regul\u0113jams garums).<\/p>\n<\/li>\n<li>\n<p data-path-to-node=\"17,3,0\"><b data-path-to-node=\"17,3,0\" data-index-in-node=\"0\">Sl\u0113g\u0161ana:<\/b> Vienreizlietojama, pret atv\u0113r\u0161anu dro\u0161a l\u012bmlente.<\/p>\n<\/li>\n<li>\n<p data-path-to-node=\"17,4,0\"><b data-path-to-node=\"17,4,0\" data-index-in-node=\"0\">Iztur\u012bba:<\/b> \u016adensiztur\u012bgs, pl\u012bsumiztur\u012bgs, piem\u0113rots 1\u20135 dien\u0101m.<\/p>\n<\/li>\n<\/ul>\n<h2 data-path-to-node=\"18\">Lieto\u0161anas gad\u012bjumi<\/h2>\n<ul data-path-to-node=\"19\">\n<li>\n<p data-path-to-node=\"19,0,0\"><b data-path-to-node=\"19,0,0\" data-index-in-node=\"0\">V\u0101rtu vad\u012bba:<\/b> \u0100tra vizu\u0101la maks\u0101jo\u0161u viesu identifik\u0101cija naktsklubos un b\u0101ros.<\/p>\n<\/li>\n<li>\n<p data-path-to-node=\"19,1,0\"><b data-path-to-node=\"19,1,0\" data-index-in-node=\"0\">P\u016b\u013ca vad\u012bba:<\/b> At\u0161\u0137ir\u012bgs teksts (piem\u0113ram, \u201cPERSON\u0100LS\u201d, \u201cM\u0100KSLINIEKS\u201d) ierobe\u017eot\u0101m zon\u0101m.<\/p>\n<\/li>\n<li>\n<p data-path-to-node=\"19,2,0\"><b data-path-to-node=\"19,2,0\" data-index-in-node=\"0\">Lielie festiv\u0101li:<\/b> Bud\u017eetam draudz\u012bg\u0101kais veids, k\u0101 nodro\u0161in\u0101t t\u016bksto\u0161iem dal\u012bbnieku.<\/p>\n<\/li>\n<li>\n<p data-path-to-node=\"19,3,0\"><b data-path-to-node=\"19,3,0\" data-index-in-node=\"0\">Dr\u0113bju p\u0101rbaude un bi\u013ce\u0161u ieg\u0101de:<\/b> Izmantojot sec\u012bgos numurus ietilp\u012bbas p\u0101rbaudei.<\/p>\n<\/li>\n<\/ul>","protected":false},"excerpt":{"rendered":"<ul>\n<li>\n<p data-path-to-node=\"11,0,1\"><span data-path-to-node=\"11,0,1,0\"><b data-path-to-node=\"11,0,1,0\" data-index-in-node=\"0\"><span class=\"citation-22\">Izmaksu zi\u0146\u0101 efekt\u012bva z\u012bmola veido\u0161ana:<\/span><\/b><span class=\"citation-22\"> Krauk\u0161\u0137\u012bga vienkr\u0101saina sietspiede (melna vai balta), kas ide\u0101li piem\u0113rota logotipiem un tekstam<\/span><\/span><\/p>\n<\/li>\n<li>\n<p data-path-to-node=\"11,1,1\"><span data-path-to-node=\"11,1,1,0\"><b data-path-to-node=\"11,1,1,0\" data-index-in-node=\"0\"><span class=\"citation-21\">Augsta dro\u0161\u012bba:<\/span><\/b><span class=\"citation-21\"> Iepriek\u0161 numur\u0113ts ar sec\u012bgiem s\u0113rijas numuriem un pret viltojumiem aizsarg\u0101tu l\u012bmi. <\/span><\/span><\/p>\n<\/li>\n<li>\n<p data-path-to-node=\"11,2,1\"><span data-path-to-node=\"11,2,1,0\"><b data-path-to-node=\"11,2,1,0\" data-index-in-node=\"0\"><span class=\"citation-20\">Iztur\u012bgs materi\u0101ls:<\/span><\/b><span class=\"citation-20\"> Izgatavots no \u012bsta DuPont\u2122 Tyvek\u00ae materi\u0101la \u2013 \u016bdensnecaurlaid\u012bgs un pl\u012bsumiztur\u012bgs. <\/span><\/span><\/p>\n<\/li>\n<li>\n<p data-path-to-node=\"11,3,0\"><b data-path-to-node=\"11,3,0\" data-index-in-node=\"0\">\u0100tra ra\u017eo\u0161ana:<\/b> \u0100tr\u0101kais piel\u0101gotais risin\u0101jums \u012bsiem termi\u0146iem.<\/p>\n<\/li>\n<\/ul>","protected":false},"featured_media":6108,"comment_status":"closed","ping_status":"closed","template":"","meta":[],"product_brand":[],"product_cat":[41],"product_tag":[],"class_list":{"0":"post-5497","1":"product","2":"type-product","3":"status-publish","4":"has-post-thumbnail","6":"product_cat-tyvek","8":"first","9":"instock","10":"shipping-taxable","11":"purchasable","12":"product-type-simple"},"_links":{"self":[{"href":"https:\/\/displayproducts.eu\/lv\/wp-json\/wp\/v2\/product\/5497","targetHints":{"allow":["GET"]}}],"collection":[{"href":"https:\/\/displayproducts.eu\/lv\/wp-json\/wp\/v2\/product"}],"about":[{"href":"https:\/\/displayproducts.eu\/lv\/wp-json\/wp\/v2\/types\/product"}],"replies":[{"embeddable":true,"href":"https:\/\/displayproducts.eu\/lv\/wp-json\/wp\/v2\/comments?post=5497"}],"wp:featuredmedia":[{"embeddable":true,"href":"https:\/\/displayproducts.eu\/lv\/wp-json\/wp\/v2\/media\/6108"}],"wp:attachment":[{"href":"https:\/\/displayproducts.eu\/lv\/wp-json\/wp\/v2\/media?parent=5497"}],"wp:term":[{"taxonomy":"product_brand","embeddable":true,"href":"https:\/\/displayproducts.eu\/lv\/wp-json\/wp\/v2\/product_brand?post=5497"},{"taxonomy":"product_cat","embeddable":true,"href":"https:\/\/displayproducts.eu\/lv\/wp-json\/wp\/v2\/product_cat?post=5497"},{"taxonomy":"product_tag","embeddable":true,"href":"https:\/\/displayproducts.eu\/lv\/wp-json\/wp\/v2\/product_tag?post=5497"}],"curies":[{"name":"wp","href":"https:\/\/api.w.org\/{rel}","templated":true}]}}