{"id":5416,"date":"2025-11-13T17:37:51","date_gmt":"2025-11-13T14:37:51","guid":{"rendered":"https:\/\/wristbandfactory.eu\/?post_type=product&#038;p=5416"},"modified":"2026-04-01T21:52:03","modified_gmt":"2026-04-01T18:52:03","slug":"usb-wristbands-custom-silicone","status":"publish","type":"product","link":"https:\/\/displayproducts.eu\/lv\/p\/usb-wristbands-custom-silicone\/","title":{"rendered":"USB aproces (piel\u0101gots silikons)"},"content":{"rendered":"<p>Atst\u0101jiet palieko\u0161u iespaidu sav\u0101 n\u0101kamaj\u0101 korporat\u012bvaj\u0101 pas\u0101kum\u0101 vai tirdzniec\u012bbas izst\u0101d\u0113 ar m\u016bsu piel\u0101gotaj\u0101m silikona USB aproc\u0113m. \u0160is inovat\u012bvais rekl\u0101mas produkts apvieno valk\u0101jamas aproces \u0113rt\u012bbas ar USB zibatmi\u0146as praktiskumu, nodro\u0161inot, ka j\u016bsu z\u012bmols paliek atmi\u0146\u0101 ar\u012b ilgi p\u0113c pas\u0101kuma beig\u0101m.<\/p>\n<p>\u0160\u012bs USB aproces ir ide\u0101ls instruments digit\u0101lo katalogu, prezent\u0101ciju materi\u0101lu vai m\u0101rketinga video izplat\u012b\u0161anai klientiem un partneriem. Izgatavotas no iztur\u012bga, \u0113rta silikona, t\u0101s var piln\u012bb\u0101 piel\u0101got j\u016bsu z\u012bmola identit\u0101tei. Izv\u0113lieties savu konkr\u0113to kr\u0101su un pievienojiet savu logotipu maksim\u0101lai redzam\u012bbai.<\/p>\n<p>M\u0113s pied\u0101v\u0101jam pla\u0161u kr\u0101tuves ietilp\u012bbu kl\u0101stu, lai apmierin\u0101tu jebkura uz\u0146\u0113muma vajadz\u012bbas, s\u0101kot no 8 GB l\u012bdz pat 128 GB. Ar minim\u0101lo pas\u016bt\u012bjuma daudzumu 100 gabali, \u0161\u012bs zibatmi\u0146as aproces ir m\u0113rogojams un efekt\u012bvs risin\u0101jums m\u0101rketinga kampa\u0146\u0101m, iek\u0161\u0113j\u0101m apm\u0101c\u012bb\u0101m vai pas\u0101kumu d\u0101vanu izloz\u0113m.<\/p>\n<p><b>Galven\u0101s iez\u012bmes:<\/b><\/p>\n<ul>\n<li><b>Divfunkcion\u0101ls dizains:<\/b> Kalpo gan k\u0101 valk\u0101jama silikona aproce, gan k\u0101 funkcion\u0101la USB zibatmi\u0146a.<\/li>\n<li><b>Piln\u012bga piel\u0101go\u0161ana:<\/b> Pieejams jebkur\u0101 piel\u0101got\u0101 kr\u0101s\u0101, lai piln\u012bb\u0101 atbilstu j\u016bsu z\u012bmola vadl\u012bnij\u0101m.<\/li>\n<li><b>Daudzpus\u012bga uzglab\u0101\u0161ana:<\/b> Izv\u0113lieties no pla\u0161a ietilp\u012bbas kl\u0101sta (8 GB, 16 GB, 32 GB, 64 GB, 128 GB) saviem datiem.<\/li>\n<li><b>Lielapjoma pas\u016bt\u012bjums gatavs:<\/b> Ide\u0101li piem\u0113rots liela m\u0113roga pas\u0101kumiem un rekl\u0101mas akcij\u0101m, ja minim\u0101lais pas\u016bt\u012bjums ir 100 vien\u012bbas.<\/li>\n<li><b>Iztur\u012bgs materi\u0101ls:<\/b> Izgatavots no elast\u012bga un \u0113rta silikona (20,5 x 1,7 cm), paredz\u0113ts ilgsto\u0161ai valk\u0101\u0161anai.<\/li>\n<\/ul>","protected":false},"excerpt":{"rendered":"<ul>\n<li>Praktisks 2-in-1 rekl\u0101mas priek\u0161mets: \u0113rta silikona aproce un USB zibatmi\u0146a.<\/li>\n<li>Piln\u012bb\u0101 piel\u0101gojams ar j\u016bsu z\u012bmola logotipu un specifisk\u0101m korporat\u012bvaj\u0101m kr\u0101s\u0101m.<\/li>\n<li>Pieejams pla\u0161\u0101 ietilp\u012bbas diapazon\u0101 (no 8 GB l\u012bdz 128 GB), lai atbilstu j\u016bsu datu vajadz\u012bb\u0101m.<\/li>\n<li>Ide\u0101li piem\u0113rots korporat\u012bviem pas\u0101kumiem, tirdzniec\u012bbas izst\u0101d\u0113m un konferenc\u0113m. Minim\u0101lais pas\u016bt\u012bjums: 100 gab.<\/li>\n<\/ul>","protected":false},"featured_media":6253,"comment_status":"closed","ping_status":"closed","template":"","meta":[],"product_brand":[],"product_cat":[128,88],"product_tag":[],"class_list":{"0":"post-5416","1":"product","2":"type-product","3":"status-publish","4":"has-post-thumbnail","6":"product_cat-mobile-tech-accessories","7":"product_cat-smart-wristbands","9":"first","10":"instock","11":"shipping-taxable","12":"product-type-simple"},"_links":{"self":[{"href":"https:\/\/displayproducts.eu\/lv\/wp-json\/wp\/v2\/product\/5416","targetHints":{"allow":["GET"]}}],"collection":[{"href":"https:\/\/displayproducts.eu\/lv\/wp-json\/wp\/v2\/product"}],"about":[{"href":"https:\/\/displayproducts.eu\/lv\/wp-json\/wp\/v2\/types\/product"}],"replies":[{"embeddable":true,"href":"https:\/\/displayproducts.eu\/lv\/wp-json\/wp\/v2\/comments?post=5416"}],"wp:featuredmedia":[{"embeddable":true,"href":"https:\/\/displayproducts.eu\/lv\/wp-json\/wp\/v2\/media\/6253"}],"wp:attachment":[{"href":"https:\/\/displayproducts.eu\/lv\/wp-json\/wp\/v2\/media?parent=5416"}],"wp:term":[{"taxonomy":"product_brand","embeddable":true,"href":"https:\/\/displayproducts.eu\/lv\/wp-json\/wp\/v2\/product_brand?post=5416"},{"taxonomy":"product_cat","embeddable":true,"href":"https:\/\/displayproducts.eu\/lv\/wp-json\/wp\/v2\/product_cat?post=5416"},{"taxonomy":"product_tag","embeddable":true,"href":"https:\/\/displayproducts.eu\/lv\/wp-json\/wp\/v2\/product_tag?post=5416"}],"curies":[{"name":"wp","href":"https:\/\/api.w.org\/{rel}","templated":true}]}}