{"id":5409,"date":"2025-11-13T17:32:46","date_gmt":"2025-11-13T14:32:46","guid":{"rendered":"https:\/\/wristbandfactory.eu\/?post_type=product&#038;p=5409"},"modified":"2026-04-01T21:52:03","modified_gmt":"2026-04-01T18:52:03","slug":"charging-cable-with-rpet-phone-strap-60w-usb-c","status":"publish","type":"product","link":"https:\/\/displayproducts.eu\/lv\/p\/charging-cable-with-rpet-phone-strap-60w-usb-c\/","title":{"rendered":"Uzl\u0101des kabelis ar rPET t\u0101lru\u0146a siksni\u0146u (60 W USB-C)"},"content":{"rendered":"<p><span style=\"font-family: -apple-system, BlinkMacSystemFont, 'Segoe UI', Roboto, 'Helvetica Neue', Arial, 'Noto Sans', sans-serif, 'Apple Color Emoji', 'Segoe UI Emoji', 'Segoe UI Symbol', 'Noto Color Emoji';\">Pied\u0101v\u0101jiet patiesi praktisku un ilgtsp\u0113j\u012bgu tehnolo\u0123iju preci sav\u0101 n\u0101kamaj\u0101 tirdzniec\u012bbas izst\u0101d\u0113 vai korporat\u012bvaj\u0101 pas\u0101kum\u0101. \u0160is inovat\u012bvais 2-in-1 uzl\u0101des kabelis ir vair\u0101k nek\u0101 tikai baro\u0161anas avots; t\u0101 ir iztur\u012bga t\u0101lru\u0146a siksni\u0146a, kas nodro\u0161ina, ka j\u016bsu z\u012bmols paliek savienots un redzams.<\/span><\/p>\n<p>\u0160\u012b produkta pamat\u0101 ir augstas veiktsp\u0113jas 60\u00a0W USB\u00a0C\u00a0tipa uz\u00a0C\u00a0tipa kabelis, kas atbalsta gan \u0101tru uzl\u0101di, gan \u0101trdarb\u012bgu datu p\u0101rs\u016bt\u012b\u0161anu. P\u012btais kabelis ir izgatavots no p\u0101rstr\u0101d\u0101ta PET (rPET), kas piesaista videi draudz\u012bgus klientus un partnerus. T\u0101 otr\u0101 funkcija ir iztur\u012bga t\u0101lru\u0146a siksni\u0146a, kas ir sader\u012bga ar liel\u0101ko da\u013cu t\u0101lru\u0146a maci\u0146u. Lentas ir viegla, regul\u0113jama un iespaid\u012bgi iztur\u012bga, p\u0101rbaud\u012bta, lai iztur\u0113tu svaru l\u012bdz 8\u00a0kg.<\/p>\n<p>\u0160is daudzfunkcion\u0101lais uzl\u0101des kabelis ir lielisks rekl\u0101mas r\u012bks tehnolo\u0123iju uz\u0146\u0113mumiem, korporat\u012bvaj\u0101m konferenc\u0113m un m\u0101rketinga a\u0123ent\u016br\u0101m. Rekl\u0101mas stie\u0146a z\u012bm\u0113\u0161ana uz iztur\u012bg\u0101 alum\u012bnija korpusa \u013cauj dal\u012bbniekiem ieg\u016bt noder\u012bgu priek\u0161metu, ko vi\u0146i izmantos v\u0113l ilgi p\u0113c pas\u0101kuma, t\u0101d\u0113j\u0101di palielinot z\u012bmola atpaz\u012bstam\u012bbu.<\/p>\n<p><b>Galven\u0101s iez\u012bmes:<\/b><\/p>\n<ul>\n<li><b>60 W \u0101tr\u0101 uzl\u0101de:<\/b> \u0100trdarb\u012bgs USB-C\u2013USB-C kabelis \u0101tri nodro\u0161ina ier\u012b\u010du baro\u0161anu un atbalsta datu p\u0101rs\u016bt\u012b\u0161anu.<\/li>\n<li><b>Iztur\u012bga t\u0101lru\u0146a siksni\u0146a:<\/b> Darbojas k\u0101 br\u012bvroku plaukstas siksni\u0146a, p\u0101rbaud\u012bta, lai dro\u0161i notur\u0113tu l\u012bdz 8 kg.<\/li>\n<li><b>Videi draudz\u012bgs materi\u0101ls:<\/b> P\u012bts kabelis, kas izgatavots no p\u0101rstr\u0101d\u0101t\u0101m rPET pudel\u0113m, ir ide\u0101li piem\u0113rots ilgtsp\u0113j\u012bbai velt\u012btam z\u012bmola veido\u0161anai.<\/li>\n<li><b>Univers\u0101la sader\u012bba:<\/b> Izstr\u0101d\u0101ts, lai darbotos ar liel\u0101ko da\u013cu t\u0101lru\u0146u maci\u0146u, viegli piestiprin\u0101ms t\u016bl\u012bt\u0113jai lieto\u0161anai.<\/li>\n<li><b>Premium versija:<\/b> Apr\u012bkots ar iztur\u012bgiem alum\u012bnija savienot\u0101ju korpusiem, kas ir ide\u0101li piem\u0113roti logotipa l\u0101zergrav\u0113\u0161anai.<\/li>\n<\/ul>","protected":false},"excerpt":{"rendered":"<ul>\n<li>Tr\u012bs vien\u0101 risin\u0101jums: t\u0101lru\u0146a siksni\u0146a uz rokas, 60\u00a0W \u0101tr\u0101s uzl\u0101des kabelis un datu p\u0101rs\u016bt\u012b\u0161anas kabelis.<\/li>\n<li>Izgatavots no ilgtsp\u0113j\u012bga rPET-neilona p\u012bt\u0101 materi\u0101la.<\/li>\n<li>Apr\u012bkots ar C tipa uz C tipa savienot\u0101jiem modern\u0101m ier\u012bc\u0113m.<\/li>\n<li>Augstas kvalit\u0101tes rekl\u0101mas priek\u0161mets tehnolo\u0123iju konferenc\u0113m un korporat\u012bvajiem pas\u0101kumiem.<\/li>\n<\/ul>","protected":false},"featured_media":6681,"comment_status":"closed","ping_status":"closed","template":"","meta":[],"product_brand":[],"product_cat":[128],"product_tag":[],"class_list":{"0":"post-5409","1":"product","2":"type-product","3":"status-publish","4":"has-post-thumbnail","6":"product_cat-mobile-tech-accessories","8":"first","9":"instock","10":"shipping-taxable","11":"purchasable","12":"product-type-simple"},"_links":{"self":[{"href":"https:\/\/displayproducts.eu\/lv\/wp-json\/wp\/v2\/product\/5409","targetHints":{"allow":["GET"]}}],"collection":[{"href":"https:\/\/displayproducts.eu\/lv\/wp-json\/wp\/v2\/product"}],"about":[{"href":"https:\/\/displayproducts.eu\/lv\/wp-json\/wp\/v2\/types\/product"}],"replies":[{"embeddable":true,"href":"https:\/\/displayproducts.eu\/lv\/wp-json\/wp\/v2\/comments?post=5409"}],"wp:featuredmedia":[{"embeddable":true,"href":"https:\/\/displayproducts.eu\/lv\/wp-json\/wp\/v2\/media\/6681"}],"wp:attachment":[{"href":"https:\/\/displayproducts.eu\/lv\/wp-json\/wp\/v2\/media?parent=5409"}],"wp:term":[{"taxonomy":"product_brand","embeddable":true,"href":"https:\/\/displayproducts.eu\/lv\/wp-json\/wp\/v2\/product_brand?post=5409"},{"taxonomy":"product_cat","embeddable":true,"href":"https:\/\/displayproducts.eu\/lv\/wp-json\/wp\/v2\/product_cat?post=5409"},{"taxonomy":"product_tag","embeddable":true,"href":"https:\/\/displayproducts.eu\/lv\/wp-json\/wp\/v2\/product_tag?post=5409"}],"curies":[{"name":"wp","href":"https:\/\/api.w.org\/{rel}","templated":true}]}}