{"id":5406,"date":"2025-11-13T17:14:36","date_gmt":"2025-11-13T14:14:36","guid":{"rendered":"https:\/\/wristbandfactory.eu\/?post_type=product&#038;p=5406"},"modified":"2026-04-01T21:52:03","modified_gmt":"2026-04-01T18:52:03","slug":"microfiber-wristbands-with-zipper","status":"publish","type":"product","link":"https:\/\/displayproducts.eu\/lv\/p\/microfiber-wristbands-with-zipper\/","title":{"rendered":"Mikro\u0161\u0137iedras aproces ar r\u0101v\u0113jsl\u0113dz\u0113ju"},"content":{"rendered":"<p>Nodro\u0161iniet sava pas\u0101kuma apmekl\u0113t\u0101jiem vai komandai praktisku un labi redzamu rekl\u0101mas priek\u0161metu. <span class=\"citation-205 citation-end-205\">M\u016bsu mikro\u0161\u0137iedras aproc\u0113m ir integr\u0113ta r\u0101v\u0113jsl\u0113dz\u0113ja kabata, kas pied\u0101v\u0101 dro\u0161u veidu, k\u0101 n\u0113s\u0101t atsl\u0113gas, skaidru naudu vai nelielas v\u0113rtslietas sporta, festiv\u0101lu un citu atp\u016btas aktivit\u0101\u0161u laik\u0101.<\/span>.<\/p>\n<p><span class=\"citation-204 citation-end-204\">Izgatavota no iztur\u012bga, bet m\u012bksta mikro\u0161\u0137iedras materi\u0101la, \u0161\u012b aproce nodro\u0161ina \u0113rtu un stingru piegul\u0161anu visas dienas valk\u0101\u0161anai.<\/span>. <span class=\"citation-203 citation-end-203\">Pieska\u0146otas kr\u0101sas r\u0101v\u0113jsl\u0113dz\u0113ja kabata ir paredz\u0113ta piel\u0101go\u0161anai, pied\u0101v\u0101jot 5,5 x 4 cm drukas laukumu j\u016bsu uz\u0146\u0113muma logotipam vai pas\u0101kuma z\u012bmolam, izmantojot sietspiedi vai iztur\u012bgu sietspiedes p\u0101rnesi.<\/span><\/p>\n<p>\u0160is rokas maks ir ide\u0101li piem\u0113rots korporat\u012bvaj\u0101m labsaj\u016btas programm\u0101m, sporta z\u0101\u013cu sponsor\u0113\u0161anai, izst\u0101\u017eu d\u0101van\u0101m vai k\u0101 funkcion\u0101ls priek\u0161mets festiv\u0101la apmekl\u0113t\u0101jiem, un tas nodro\u0161ina, ka j\u016bsu z\u012bmols ir redzams kust\u012bb\u0101.<\/p>\n<p><b>Galven\u0101s iez\u012bmes:<\/b><\/p>\n<ul>\n<li><b><span class=\"citation-202\">Dro\u0161a kabata ar r\u0101v\u0113jsl\u0113dz\u0113ju:<\/span><\/b><span class=\"citation-202 citation-end-202\"> Apr\u012bkota ar integr\u0113tu kabatu ar pieska\u0146otas kr\u0101sas r\u0101v\u0113jsl\u0113dz\u0113ju dro\u0161ai glab\u0101\u0161anai<\/span>.<\/li>\n<li><b><span class=\"citation-201\">M\u012bksts mikro\u0161\u0137iedras materi\u0101ls:<\/span><\/b><span class=\"citation-201 citation-end-201\"> Izgatavots no iztur\u012bgas un m\u012bkstas mikro\u0161\u0137iedras, paredz\u0113ts sportam un atp\u016btai<\/span>.<\/li>\n<li><b><span class=\"citation-200\">\u0112rta, stingra piegul\u0161ana:<\/span><\/b><span class=\"citation-200 citation-end-200\"> Izm\u0113ri 10 x 9 cm, nodro\u0161inot cie\u0161u un \u0113rtu piegul\u0161anu akt\u012bvai lieto\u0161anai<\/span>.<\/li>\n<li><b><span class=\"citation-199\">Piel\u0101gota z\u012bmola zona:<\/span><\/b><span class=\"citation-199 citation-end-199\"> Nodro\u0161ina 5,5 x 4 cm lielu apdrukas laukumu uz kabatas j\u016bsu logotipam<\/span>.<\/li>\n<li><b><span class=\"citation-198\">Spilgtas kr\u0101sas:<\/span><\/b><span class=\"citation-198 citation-end-198\"> Pieejams vair\u0101kos spilgtos to\u0146os, lai atbilstu j\u016bsu z\u012bmola identit\u0101tei<\/span>.<\/li>\n<\/ul>","protected":false},"excerpt":{"rendered":"<ul>\n<li><span class=\"citation-209 citation-end-209\">Apr\u012bkota ar dro\u0161u r\u0101v\u0113jsl\u0113dz\u0113ja kabatu atsl\u0113g\u0101m, skaidrai naudai vai nelieliem priek\u0161metiem<\/span>.<\/li>\n<li><span class=\"citation-208 citation-end-208\">Izgatavots no m\u012bkstas, iztur\u012bgas mikro\u0161\u0137iedras, ide\u0101li piem\u0113rots sportam un akt\u012bviem pas\u0101kumiem<\/span>.<\/li>\n<li><span class=\"citation-207 citation-end-207\">Liela 5,5 x 4 cm apdrukas zona uz kabatas j\u016bsu logotipam<\/span>.\n<div class=\"source-inline-chip-container ng-star-inserted\"><\/div>\n<\/li>\n<li><span class=\"citation-206 citation-end-206\">Pieejams da\u017e\u0101d\u0101s ko\u0161\u0101s kr\u0101s\u0101s, lai atbilstu j\u016bsu z\u012bmolam<\/span><\/li>\n<\/ul>","protected":false},"featured_media":6414,"comment_status":"closed","ping_status":"closed","template":"","meta":[],"product_brand":[],"product_cat":[66,118,122],"product_tag":[],"class_list":{"0":"post-5406","1":"product","2":"type-product","3":"status-publish","4":"has-post-thumbnail","6":"product_cat-wristbands","7":"product_cat-sports-fitness","8":"product_cat-promotional-accessories","10":"first","11":"instock","12":"shipping-taxable","13":"purchasable","14":"product-type-simple"},"_links":{"self":[{"href":"https:\/\/displayproducts.eu\/lv\/wp-json\/wp\/v2\/product\/5406","targetHints":{"allow":["GET"]}}],"collection":[{"href":"https:\/\/displayproducts.eu\/lv\/wp-json\/wp\/v2\/product"}],"about":[{"href":"https:\/\/displayproducts.eu\/lv\/wp-json\/wp\/v2\/types\/product"}],"replies":[{"embeddable":true,"href":"https:\/\/displayproducts.eu\/lv\/wp-json\/wp\/v2\/comments?post=5406"}],"wp:featuredmedia":[{"embeddable":true,"href":"https:\/\/displayproducts.eu\/lv\/wp-json\/wp\/v2\/media\/6414"}],"wp:attachment":[{"href":"https:\/\/displayproducts.eu\/lv\/wp-json\/wp\/v2\/media?parent=5406"}],"wp:term":[{"taxonomy":"product_brand","embeddable":true,"href":"https:\/\/displayproducts.eu\/lv\/wp-json\/wp\/v2\/product_brand?post=5406"},{"taxonomy":"product_cat","embeddable":true,"href":"https:\/\/displayproducts.eu\/lv\/wp-json\/wp\/v2\/product_cat?post=5406"},{"taxonomy":"product_tag","embeddable":true,"href":"https:\/\/displayproducts.eu\/lv\/wp-json\/wp\/v2\/product_tag?post=5406"}],"curies":[{"name":"wp","href":"https:\/\/api.w.org\/{rel}","templated":true}]}}