{"id":5404,"date":"2025-11-13T17:06:02","date_gmt":"2025-11-13T14:06:02","guid":{"rendered":"https:\/\/wristbandfactory.eu\/?post_type=product&#038;p=5404"},"modified":"2026-04-01T21:52:03","modified_gmt":"2026-04-01T18:52:03","slug":"rpet-phone-strap-with-60w-data-cable","status":"publish","type":"product","link":"https:\/\/displayproducts.eu\/lv\/p\/rpet-phone-strap-with-60w-data-cable\/","title":{"rendered":"RPET telefona siksni\u0146a ar 60 W datu kabeli"},"content":{"rendered":"<p>Pied\u0101v\u0101jiet augstas funkcionalit\u0101tes, ilgtsp\u0113j\u012bgu rekl\u0101mas priek\u0161metu sav\u0101 n\u0101kamaj\u0101 tehnolo\u0123iju konferenc\u0113 vai korporat\u012bvaj\u0101 pas\u0101kum\u0101. VRIST ir daudzfunkcion\u0101la aproce, kas paredz\u0113ta m\u016bsdienu profesion\u0101\u013ciem, apvienojot br\u012bvroku \u0113rt\u012bbas ar b\u016btisk\u0101m uzl\u0101des iesp\u0113j\u0101m.<\/p>\n<p>45 cm gar\u0101 lentas ir izgatavota no videi draudz\u012bga RPET (p\u0101rstr\u0101d\u0101ta PET) materi\u0101la, kas uzsver j\u016bsu z\u012bmola ap\u0146em\u0161anos nodro\u0161in\u0101t ilgtsp\u0113j\u012bbu. T\u0101 kalpo k\u0101 dro\u0161s t\u0101lru\u0146a tur\u0113t\u0101js, \u013caujot apmekl\u0113t\u0101jiem tur\u0113t savu ier\u012bci viegli pieejamu.<\/p>\n<p>Aproces galven\u0101 funkcija ir jaud\u012bga <b>60\u00a0W C tipa uz C tipa kabelis<\/b>, atbalstot gan \u0101trdarb\u012bgu uzl\u0101di, gan <b>datu p\u0101rs\u016bt\u012b\u0161ana<\/b>. Tas padara to par neticami praktisku d\u0101vanu tehnolo\u0123iju lietprat\u012bgai auditorijai. Atsl\u0113gu klipsis pie\u0161\u0137ir papildu funkcionalit\u0101ti. \u0160is produkts ir ra\u017eots amfori BSCI audit\u0113t\u0101 r\u016bpn\u012bc\u0101, nodro\u0161inot atbild\u012bgu pieg\u0101des \u0137\u0113di.<\/p>\n<p><b>Galven\u0101s iez\u012bmes:<\/b><\/p>\n<ul>\n<li><b>Daudzfunkcion\u0101ls dizains:<\/b> Kalpo k\u0101 t\u0101lru\u0146a tur\u0113t\u0101ja aproce, \u0101trgaitas datu kabelis un atsl\u0113gu piekari\u0146\u0161.<\/li>\n<li><b>Videi draudz\u012bgs materi\u0101ls:<\/b> Siksni\u0146a ir izgatavota no p\u0101rstr\u0101d\u0101ta PET (RPET), apliecinot korporat\u012bvo ilgtsp\u0113j\u012bbu.<\/li>\n<li><b>60\u00a0W jauda un dati:<\/b> \u0100trdarb\u012bgs 60\u00a0W C tipa uz C tipa kabelis atbalsta gan \u0101tro uzl\u0101di, gan datu p\u0101rs\u016bt\u012b\u0161anu.<\/li>\n<li><b>Br\u012bvroku pas\u0101kuma izmanto\u0161ana:<\/b> \u013bauj dal\u012bbniekiem glab\u0101t t\u0101lru\u0146us un atsl\u0113gas dro\u0161\u012bb\u0101 un viegli pieejamus.<\/li>\n<li><b>Atbild\u012bga iepirk\u0161ana:<\/b> Ra\u017eots amfori BSCI audit\u0113t\u0101 r\u016bpn\u012bc\u0101.<\/li>\n<\/ul>","protected":false},"excerpt":{"rendered":"<ul>\n<li>Videi draudz\u012bga lentas, kas izgatavota no p\u0101rstr\u0101d\u0101ta PET (RPET) materi\u0101la.<\/li>\n<li>\u0100trdarb\u012bgs 60\u00a0W C tipa uz C tipa kabelis uzl\u0101dei un datu p\u0101rs\u016bt\u012b\u0161anai.<\/li>\n<li>Kalpo k\u0101 t\u0101lru\u0146a tur\u0113t\u0101ja aproce, lai pas\u0101kumos b\u016btu \u0113rti br\u012bvroku re\u017e\u012bm\u0101.<\/li>\n<li>Iek\u013cauts atsl\u0113gu klipsis papildu praktiskumam.<\/li>\n<\/ul>","protected":false},"featured_media":6666,"comment_status":"closed","ping_status":"closed","template":"","meta":[],"product_brand":[],"product_cat":[128],"product_tag":[],"class_list":{"0":"post-5404","1":"product","2":"type-product","3":"status-publish","4":"has-post-thumbnail","6":"product_cat-mobile-tech-accessories","8":"first","9":"instock","10":"shipping-taxable","11":"purchasable","12":"product-type-simple"},"_links":{"self":[{"href":"https:\/\/displayproducts.eu\/lv\/wp-json\/wp\/v2\/product\/5404","targetHints":{"allow":["GET"]}}],"collection":[{"href":"https:\/\/displayproducts.eu\/lv\/wp-json\/wp\/v2\/product"}],"about":[{"href":"https:\/\/displayproducts.eu\/lv\/wp-json\/wp\/v2\/types\/product"}],"replies":[{"embeddable":true,"href":"https:\/\/displayproducts.eu\/lv\/wp-json\/wp\/v2\/comments?post=5404"}],"wp:featuredmedia":[{"embeddable":true,"href":"https:\/\/displayproducts.eu\/lv\/wp-json\/wp\/v2\/media\/6666"}],"wp:attachment":[{"href":"https:\/\/displayproducts.eu\/lv\/wp-json\/wp\/v2\/media?parent=5404"}],"wp:term":[{"taxonomy":"product_brand","embeddable":true,"href":"https:\/\/displayproducts.eu\/lv\/wp-json\/wp\/v2\/product_brand?post=5404"},{"taxonomy":"product_cat","embeddable":true,"href":"https:\/\/displayproducts.eu\/lv\/wp-json\/wp\/v2\/product_cat?post=5404"},{"taxonomy":"product_tag","embeddable":true,"href":"https:\/\/displayproducts.eu\/lv\/wp-json\/wp\/v2\/product_tag?post=5404"}],"curies":[{"name":"wp","href":"https:\/\/api.w.org\/{rel}","templated":true}]}}