{"id":5402,"date":"2025-11-13T16:55:11","date_gmt":"2025-11-13T13:55:11","guid":{"rendered":"https:\/\/wristbandfactory.eu\/?post_type=product&#038;p=5402"},"modified":"2026-04-01T21:52:03","modified_gmt":"2026-04-01T18:52:03","slug":"floating-foam-wristband-keychains","status":"publish","type":"product","link":"https:\/\/displayproducts.eu\/lv\/p\/floating-foam-wristband-keychains\/","title":{"rendered":"Peldo\u0161as putu aproces atsl\u0113gu piekari\u0146i"},"content":{"rendered":"<p>Nodro\u0161iniet savu klientu atsl\u0113gu dro\u0161\u012bbu korporat\u012bvo \u016bdens pas\u0101kumu, jahtu piest\u0101t\u0146u vai laivu braucienu laik\u0101 ar m\u016bsu peldo\u0161aj\u0101m putuplasta apro\u010du atsl\u0113gu piekari\u0146iem. \u0160is praktiskais rekl\u0101mas priek\u0161mets ir oblig\u0101ts jebkuram uz\u0146\u0113mumam, kas saist\u012bts ar \u016bdeni, viesm\u012bl\u012bbu vai laivo\u0161anu.<\/p>\n<p>\u0160is atsl\u0113gu piekari\u0146\u0161 ir paredz\u0113ts \u0113rtai n\u0113s\u0101\u0161anai uz plaukstas loc\u012btavas un ir izgatavots no iztur\u012bga PET poliestera materi\u0101la, kas pild\u012bts ar put\u0101m. \u0160\u012b konstrukcija nodro\u0161ina t\u0101 peldsp\u0113ju, ne\u013caujot standarta atsl\u0113g\u0101m nogrimt, ja t\u0101s iekr\u012bt \u016bden\u012b. T\u0101 spilgt\u0101 PANTONE 298C kr\u0101sa nodro\u0161ina labu redzam\u012bbu, padarot to viegli paman\u0101mu.<\/p>\n<p>Ide\u0101li piem\u0113rots izplat\u012b\u0161anai laivu izst\u0101d\u0113s, k\u0101 standarta prece jahtu piest\u0101tnes biedriem vai k\u0101 funkcion\u0101la d\u0101vana ce\u013cojumu un viesm\u012bl\u012bbas z\u012bmoliem, \u0161is peldo\u0161ais atsl\u0113gu piekari\u0146\u0161 nodro\u0161ina, ka j\u016bsu z\u012bmols tiek saist\u012bts ar dro\u0161\u012bbu un praktiskumu.<\/p>\n<p><b>Galven\u0101s iez\u012bmes:<\/b><\/p>\n<ul>\n<li><b>Peldo\u0161s putu pild\u012bjums:<\/b> Uzticami peld, nov\u0113r\u0161ot atsl\u0113gu nogrim\u0161anu \u016bden\u012b.<\/li>\n<li><b>Iztur\u012bgs PET materi\u0101ls:<\/b> Izgatavots no iztur\u012bga poliestera ilgsto\u0161ai lieto\u0161anai j\u016bras vid\u0113.<\/li>\n<li><b>Augstas redzam\u012bbas kr\u0101sa:<\/b> Pieejams spilgt\u0101 PANTONE 298C kr\u0101s\u0101, lai to b\u016btu viegli paman\u012bt \u016bden\u012b.<\/li>\n<li><b>Br\u012bvroku lieto\u0161ana:<\/b> Praktiskai \u0113rt\u012bbai kalpo gan k\u0101 aproce, gan k\u0101 atsl\u0113gu piekari\u0146\u0161.<\/li>\n<li><b>Sertific\u0113ta ra\u017eo\u0161ana:<\/b> Ra\u017eots amfori BSCI audit\u0113t\u0101 r\u016bpn\u012bc\u0101, nodro\u0161inot atbild\u012bgu iepirkumu.<\/li>\n<\/ul>","protected":false},"excerpt":{"rendered":"<ul>\n<li>Nov\u0113r\u0161 atsl\u0113gu iegrim\u0161anu, ide\u0101li piem\u0113rots laivo\u0161anai, jahtu piest\u0101tn\u0113m un pas\u0101kumiem pie \u016bdens.<\/li>\n<li>Izgatavots no iztur\u012bga, ar put\u0101m pild\u012bta PET poliestera, lai nodro\u0161in\u0101tu uzticamu peldsp\u0113ju.<\/li>\n<li>Nodro\u0161ina augstas redzam\u012bbas rekl\u0101mas materi\u0101lu ar \u016bdeni saist\u012btiem z\u012bmoliem.<\/li>\n<li>Pieejams spilgt\u0101 PANTONE 298C zil\u0101 kr\u0101s\u0101, lai to b\u016btu viegli paman\u012bt.<\/li>\n<\/ul>","protected":false},"featured_media":6411,"comment_status":"closed","ping_status":"closed","template":"","meta":[],"product_brand":[],"product_cat":[66,94],"product_tag":[],"class_list":{"0":"post-5402","1":"product","2":"type-product","3":"status-publish","4":"has-post-thumbnail","6":"product_cat-wristbands","7":"product_cat-keychains","9":"first","10":"instock","11":"shipping-taxable","12":"purchasable","13":"product-type-simple"},"_links":{"self":[{"href":"https:\/\/displayproducts.eu\/lv\/wp-json\/wp\/v2\/product\/5402","targetHints":{"allow":["GET"]}}],"collection":[{"href":"https:\/\/displayproducts.eu\/lv\/wp-json\/wp\/v2\/product"}],"about":[{"href":"https:\/\/displayproducts.eu\/lv\/wp-json\/wp\/v2\/types\/product"}],"replies":[{"embeddable":true,"href":"https:\/\/displayproducts.eu\/lv\/wp-json\/wp\/v2\/comments?post=5402"}],"wp:featuredmedia":[{"embeddable":true,"href":"https:\/\/displayproducts.eu\/lv\/wp-json\/wp\/v2\/media\/6411"}],"wp:attachment":[{"href":"https:\/\/displayproducts.eu\/lv\/wp-json\/wp\/v2\/media?parent=5402"}],"wp:term":[{"taxonomy":"product_brand","embeddable":true,"href":"https:\/\/displayproducts.eu\/lv\/wp-json\/wp\/v2\/product_brand?post=5402"},{"taxonomy":"product_cat","embeddable":true,"href":"https:\/\/displayproducts.eu\/lv\/wp-json\/wp\/v2\/product_cat?post=5402"},{"taxonomy":"product_tag","embeddable":true,"href":"https:\/\/displayproducts.eu\/lv\/wp-json\/wp\/v2\/product_tag?post=5402"}],"curies":[{"name":"wp","href":"https:\/\/api.w.org\/{rel}","templated":true}]}}