{"id":5393,"date":"2025-11-13T16:47:58","date_gmt":"2025-11-13T13:47:58","guid":{"rendered":"https:\/\/wristbandfactory.eu\/?post_type=product&#038;p=5393"},"modified":"2026-04-01T21:52:03","modified_gmt":"2026-04-01T18:52:03","slug":"silicone-wristbands-with-aluminium-plate","status":"publish","type":"product","link":"https:\/\/displayproducts.eu\/lv\/p\/silicone-wristbands-with-aluminium-plate\/","title":{"rendered":"Silikona aproces ar alum\u012bnija pl\u0101ksni"},"content":{"rendered":"<p><span class=\"citation-125 citation-end-125\">Padariet savas rekl\u0101mas preces v\u0113l pievilc\u012bg\u0101kas ar m\u016bsu silikona aproc\u0113m ar izteiktu alum\u012bnija pl\u0101ksn\u012bti. <\/span><span class=\"citation-124 citation-end-124\">\u0160is modelis apvieno silikona komfortu un iztur\u012bbu ar augst\u0101k\u0101s kvalit\u0101tes met\u0101la pl\u0101ksni, radot perfektu audeklu j\u016bsu uz\u0146\u0113muma logotipam. <\/span><\/p>\n<p><span class=\"citation-123 citation-end-123\">At\u0161\u0137ir\u012bb\u0101 no standarta druk\u0101taj\u0101m vai iespiestaj\u0101m lent\u0113m, sudraba alum\u012bnija pl\u0101ksn\u012bte <\/span> ir paredz\u0113ts l\u0101zergrav\u0113\u0161anai, pied\u0101v\u0101jot asu, notur\u012bgu un augstas klases apdari, kas nenodilsies. Tas padara to par izcilu izv\u0113li korporat\u012bviem pas\u0101kumiem, VIP piek\u013cuvei vai k\u0101 iztur\u012bgu rekl\u0101mas priek\u0161metu, ko nov\u0113rt\u0113s klienti un darbinieki.<\/p>\n<p><span class=\"citation-122 citation-end-122\">Pati siksni\u0146a ir izgatavota no augstas kvalit\u0101tes, iztur\u012bga silikona, kas nodro\u0161ina \u0113rtu valk\u0101\u0161anu visas dienas garum\u0101 konferenc\u0113s vai tirdzniec\u012bbas izst\u0101d\u0113s. <\/span> 202 x 12 x 3 mm izm\u0113rs ir piem\u0113rots liel\u0101kajai da\u013cai pieaugu\u0161o. \u0160is jaukto materi\u0101lu dizains pied\u0101v\u0101 izsmalcin\u0101tu un modernu izskatu j\u016bsu n\u0101kamajai m\u0101rketinga kampa\u0146ai.<\/p>\n<p><b>Galven\u0101s iez\u012bmes:<\/b><\/p>\n<ul>\n<li><b><span class=\"citation-121\">Augst\u0101k\u0101s kvalit\u0101tes met\u0101la pl\u0101ksne:<\/span><\/b><span class=\"citation-121 citation-end-121\"> Apr\u012bkota ar spilgti sudrabainu alum\u012bnija pl\u0101ksni, kas ir ide\u0101li piem\u0113rota l\u0101zergrav\u0113\u0161anai. <\/span><\/li>\n<li><b><span class=\"citation-120\">Iztur\u012bga silikona siksni\u0146a:<\/span><\/b><span class=\"citation-120 citation-end-120\"> Izgatavots no augstas kvalit\u0101tes 100% silikona, kas nodro\u0161ina komfortu un ilgm\u016b\u017e\u012bbu. <\/span><\/li>\n<li><b>Augstas klases z\u012bmols:<\/b> Pied\u0101v\u0101 izsmalcin\u0101t\u0101ku un iztur\u012bg\u0101ku z\u012bmola veido\u0161anas iesp\u0113ju nek\u0101 standarta silikona lentas.<\/li>\n<li><b>Standarta pieaugu\u0161o izm\u0113rs:<\/b> Izm\u0113ri 202 x 12 x 3 mm ir piem\u0113roti liel\u0101kajai da\u013cai dal\u012bbnieku.<\/li>\n<li><b>Viegls svars:<\/b> Sver tikai 8 g, t\u0101p\u0113c to ir \u0113rti valk\u0101t visas dienas garum\u0101.<\/li>\n<\/ul>","protected":false},"excerpt":{"rendered":"<ul>\n<li><span class=\"citation-127 citation-end-127\">Apr\u012bkots ar augst\u0101k\u0101s kvalit\u0101tes sudraba alum\u012bnija pl\u0101ksni iztur\u012bgam, iegrav\u0113tam logotipam. <\/span><\/li>\n<li><span class=\"citation-126 citation-end-126\">Iztur\u012bg\u0101 100% silikona siksni\u0146a ir \u0113rta valk\u0101\u0161anai visas dienas garum\u0101. <\/span><\/li>\n<li>Ide\u0101li piem\u0113rots korporat\u012bviem pas\u0101kumiem, l\u012bdzek\u013cu v\u0101k\u0161anas akcij\u0101m un k\u0101 augst\u0101k\u0101s kvalit\u0101tes rekl\u0101mas priek\u0161mets.<\/li>\n<li>Standarta izm\u0113rs 202 x 12 x 3 mm ir piem\u0113rots liel\u0101kajai da\u013cai pieaugu\u0161o plaukstas loc\u012btavu.<\/li>\n<\/ul>","protected":false},"featured_media":5946,"comment_status":"closed","ping_status":"closed","template":"","meta":[],"product_brand":[],"product_cat":[49],"product_tag":[],"class_list":{"0":"post-5393","1":"product","2":"type-product","3":"status-publish","4":"has-post-thumbnail","6":"product_cat-silicone","8":"first","9":"instock","10":"shipping-taxable","11":"purchasable","12":"product-type-simple"},"_links":{"self":[{"href":"https:\/\/displayproducts.eu\/lv\/wp-json\/wp\/v2\/product\/5393","targetHints":{"allow":["GET"]}}],"collection":[{"href":"https:\/\/displayproducts.eu\/lv\/wp-json\/wp\/v2\/product"}],"about":[{"href":"https:\/\/displayproducts.eu\/lv\/wp-json\/wp\/v2\/types\/product"}],"replies":[{"embeddable":true,"href":"https:\/\/displayproducts.eu\/lv\/wp-json\/wp\/v2\/comments?post=5393"}],"wp:featuredmedia":[{"embeddable":true,"href":"https:\/\/displayproducts.eu\/lv\/wp-json\/wp\/v2\/media\/5946"}],"wp:attachment":[{"href":"https:\/\/displayproducts.eu\/lv\/wp-json\/wp\/v2\/media?parent=5393"}],"wp:term":[{"taxonomy":"product_brand","embeddable":true,"href":"https:\/\/displayproducts.eu\/lv\/wp-json\/wp\/v2\/product_brand?post=5393"},{"taxonomy":"product_cat","embeddable":true,"href":"https:\/\/displayproducts.eu\/lv\/wp-json\/wp\/v2\/product_cat?post=5393"},{"taxonomy":"product_tag","embeddable":true,"href":"https:\/\/displayproducts.eu\/lv\/wp-json\/wp\/v2\/product_tag?post=5393"}],"curies":[{"name":"wp","href":"https:\/\/api.w.org\/{rel}","templated":true}]}}