{"id":5312,"date":"2025-10-24T14:27:43","date_gmt":"2025-10-24T11:27:43","guid":{"rendered":"https:\/\/wristbandfactory.eu\/?post_type=product&#038;p=5312"},"modified":"2026-04-01T21:52:35","modified_gmt":"2026-04-01T18:52:35","slug":"eco-friendly-cardboard-lanyards-20mm","status":"publish","type":"product","link":"https:\/\/displayproducts.eu\/lv\/p\/eco-friendly-cardboard-lanyards-20mm\/","title":{"rendered":"Kartona kakla lentas (P\u0101rstr\u0101d\u0101ts pap\u012brs)"},"content":{"rendered":"<p data-path-to-node=\"11\">Sniedziet drosm\u012bgu un redzamu pazi\u0146ojumu par savas organiz\u0101cijas vides v\u0113rt\u012bb\u0101m ar m\u016bsu pal\u012bdz\u012bbu. <b>Videi draudz\u012bgas kartona kakla lentas<\/b>. K\u0101 gal\u012bgais \u201cantiplastmasas\u201d risin\u0101jums, \u0161\u012bs kakla lentas ir paredz\u0113tas bezatkritumu pas\u0101kumiem, za\u013caj\u0101m konferenc\u0113m un z\u012bmoliem, kas v\u0113las r\u012bkoties ilgtsp\u0113j\u012bbas v\u0101rd\u0101.<\/p>\n<p data-path-to-node=\"12\">Izgatavots no <b>iztur\u012bgs p\u0101rstr\u0101d\u0101ts kartons<\/b> (pastiprin\u0101ts pap\u012bra materi\u0101ls), \u0161\u012bs kakla lentas pied\u0101v\u0101 ilgtsp\u0113j\u012bgu alternat\u012bvu poliesteram un neilonam. Lai gan t\u0101s \u0161\u0137iet dabiskas un vieglas k\u0101 pap\u012brs, t\u0101s ir izstr\u0101d\u0101tas t\u0101, lai b\u016btu pietiekami iztur\u012bgas, lai iztur\u0113tu tipiskas tirdzniec\u012bbas izst\u0101des vai korporat\u012bv\u0101 pas\u0101kuma rad\u012bto nodilumu. To rakstur\u012bgais &quot;kraftpap\u012bra&quot; izskats nekav\u0113joties katram apmekl\u0113t\u0101jam v\u0113sta par taup\u012b\u0161anu.<\/p>\n<p data-path-to-node=\"13\">Katrai aukl\u012btei ir standarta 20 mm platums \u0113rtai piegul\u0161anai un t\u0101 ir apr\u012bkota ar augstas kvalit\u0101tes <b>met\u0101la groz\u0101m\u0101 karab\u012bne<\/b>. Tas nodro\u0161ina, ka pat j\u016bsu stiprin\u0101juma meh\u0101nisms ir iztur\u012bgs un uzticams. Izv\u0113loties \u0161o \u201cNature Line\u201d produktu, j\u016bs piln\u012bb\u0101 izsl\u0113dzat vienreizlietojamo plastmasu no sava pas\u0101kuma pieg\u0101des \u0137\u0113des.<\/p>\n<p data-path-to-node=\"14\"><b>Galven\u0101s iez\u012bmes:<\/b><\/p>\n<ul data-path-to-node=\"15\">\n<li>\n<p data-path-to-node=\"15,0,0\"><b>Materi\u0101ls:<\/b> 100% iztur\u012bgs p\u0101rstr\u0101d\u0101ts kartons (uz pap\u012bra b\u0101zes).<\/p>\n<\/li>\n<li>\n<p data-path-to-node=\"15,1,0\"><b>Ilgtsp\u0113j\u012bba:<\/b> Piln\u012bb\u0101 plastmasas nesaturo\u0161a alternat\u012bva videi draudz\u012bgai z\u012bmola veido\u0161anai.<\/p>\n<\/li>\n<li>\n<p data-path-to-node=\"15,2,0\"><b>Iztur\u012bba:<\/b> Paredz\u0113ts ID kar\u0161u dro\u0161ai glab\u0101\u0161anai standarta pas\u0101kumu laik\u0101.<\/p>\n<\/li>\n<li>\n<p data-path-to-node=\"15,3,0\"><b>Aparat\u016bra:<\/b> Iek\u013cauts iztur\u012bgs met\u0101la groz\u0101ms karab\u012bne \u0113rtai piestiprin\u0101\u0161anai.<\/p>\n<\/li>\n<li>\n<p data-path-to-node=\"15,4,0\"><b>Est\u0113tika:<\/b> Dab\u012bgs, mat\u0113ts p\u0101rkl\u0101jums, kas uzsver ekolo\u0123isko izcelsmi.<\/p>\n<\/li>\n<\/ul>","protected":false},"excerpt":{"rendered":"<ul>\n<li>\n<p data-path-to-node=\"9,0,0\"><b>Nulles plastmasas risin\u0101jums:<\/b> Piln\u012bb\u0101 plastmasas nesaturo\u0161a kakla lentas iesp\u0113ja, kas izgatavota no iztur\u012bga, p\u0101rstr\u0101d\u0101ta pap\u012bra materi\u0101la.<\/p>\n<\/li>\n<li>\n<p data-path-to-node=\"9,1,0\"><b>Dabas l\u012bnija:<\/b> Da\u013ca no m\u016bsu ekskluz\u012bv\u0101 ekolo\u0123isk\u0101s kolekcijas, kas pied\u0101v\u0101 at\u0161\u0137ir\u012bgu, dabisku est\u0113tiku (kraftpap\u012bra izskats).<\/p>\n<\/li>\n<li>\n<p data-path-to-node=\"9,2,0\"><b>P\u0101rsteidzo\u0161i iztur\u012bgs:<\/b> Izstr\u0101d\u0101ts, lai b\u016btu pietiekami iztur\u012bgs vienas dienas pas\u0101kumiem, konferenc\u0113m un san\u0101ksm\u0113m.<\/p>\n<\/li>\n<li>\n<p data-path-to-node=\"9,3,0\"><b>Standarta piegriezums:<\/b> 20 mm platums nodro\u0161ina redzam\u012bbu un komfortu, apr\u012bkots ar iztur\u012bgu met\u0101la groz\u0101mu karab\u012bni.<\/p>\n<\/li>\n<\/ul>","protected":false},"featured_media":6697,"comment_status":"closed","ping_status":"closed","template":"","meta":[],"product_brand":[],"product_cat":[107,113],"product_tag":[],"class_list":{"0":"post-5312","1":"product","2":"type-product","3":"status-publish","4":"has-post-thumbnail","6":"product_cat-eco-friendly-lanyards","7":"product_cat-plain-lanyards","9":"first","10":"instock","11":"shipping-taxable","12":"purchasable","13":"product-type-simple"},"_links":{"self":[{"href":"https:\/\/displayproducts.eu\/lv\/wp-json\/wp\/v2\/product\/5312","targetHints":{"allow":["GET"]}}],"collection":[{"href":"https:\/\/displayproducts.eu\/lv\/wp-json\/wp\/v2\/product"}],"about":[{"href":"https:\/\/displayproducts.eu\/lv\/wp-json\/wp\/v2\/types\/product"}],"replies":[{"embeddable":true,"href":"https:\/\/displayproducts.eu\/lv\/wp-json\/wp\/v2\/comments?post=5312"}],"wp:featuredmedia":[{"embeddable":true,"href":"https:\/\/displayproducts.eu\/lv\/wp-json\/wp\/v2\/media\/6697"}],"wp:attachment":[{"href":"https:\/\/displayproducts.eu\/lv\/wp-json\/wp\/v2\/media?parent=5312"}],"wp:term":[{"taxonomy":"product_brand","embeddable":true,"href":"https:\/\/displayproducts.eu\/lv\/wp-json\/wp\/v2\/product_brand?post=5312"},{"taxonomy":"product_cat","embeddable":true,"href":"https:\/\/displayproducts.eu\/lv\/wp-json\/wp\/v2\/product_cat?post=5312"},{"taxonomy":"product_tag","embeddable":true,"href":"https:\/\/displayproducts.eu\/lv\/wp-json\/wp\/v2\/product_tag?post=5312"}],"curies":[{"name":"wp","href":"https:\/\/api.w.org\/{rel}","templated":true}]}}