{"id":5307,"date":"2025-10-24T14:13:39","date_gmt":"2025-10-24T11:13:39","guid":{"rendered":"https:\/\/wristbandfactory.eu\/?post_type=product&#038;p=5307"},"modified":"2026-04-01T21:52:35","modified_gmt":"2026-04-01T18:52:35","slug":"plantable-seed-paper-id-badges","status":"publish","type":"product","link":"https:\/\/displayproducts.eu\/lv\/p\/plantable-seed-paper-id-badges\/","title":{"rendered":"St\u0101d\u0101mas s\u0113klu pap\u012bra ID noz\u012bm\u012btes"},"content":{"rendered":"<p>Standarta pas\u0101kumu identifik\u0101cija bie\u017ei vien tie\u0161i veicina atkritumu daudzumu poligonos. M\u016bsu st\u0101d\u0101m\u0101s s\u0113klu pap\u012bra identifik\u0101cijas noz\u012bm\u012btes p\u0101rv\u0113r\u0161 \u0161o probl\u0113mu sp\u0113c\u012bg\u0101, ilgtsp\u0113j\u012bg\u0101 m\u0101rketinga v\u0113st\u012bjum\u0101. \u0160is videi draudz\u012bgais identifikators ne tikai kalpo savam m\u0113r\u0137im j\u016bsu pas\u0101kuma laik\u0101, bet ar\u012b nodro\u0161ina neaizmirstamu, bezatkritumu \u0113dienu.<\/p>\n<p>Katra noz\u012bm\u012bte ir izgatavota no p\u0101rstr\u0101d\u0101ta kartona, un taj\u0101 ir iek\u013cauta \u012bpa\u0161a kart\u012bte ar savva\u013cas ziedu s\u0113kl\u0101m. P\u0113c konferences vai tirdzniec\u012bbas izst\u0101des dal\u012bbnieki var iest\u0101d\u012bt visu noz\u012bm\u012bti, p\u0101rveidojot to par da\u017e\u0101du savva\u013cas ziedu dob\u012bti. \u0160\u012b unik\u0101l\u0101 iez\u012bme pastiprina j\u016bsu z\u012bmola ap\u0146em\u0161anos nodro\u0161in\u0101t ilgtsp\u0113j\u012bbu ar\u012b ilgi p\u0113c pas\u0101kuma beig\u0101m.<\/p>\n<p>Katra noz\u012bm\u012bte ietver skaidrus st\u0101d\u012b\u0161anas nor\u0101d\u012bjumus un embl\u0113mu \u201cRa\u017eots Eirop\u0101\u201d, kas garant\u0113 kvalit\u0101ti un zem\u0101ku oglek\u013ca p\u0113das nospiedumu. T\u0101s ir ide\u0101la izv\u0113le videi draudz\u012bgiem korporat\u012bviem pas\u0101kumiem, videi draudz\u012bg\u0101m tirdzniec\u012bbas izst\u0101d\u0113m un jebkurai organiz\u0101cijai, kas v\u0113las sniegt taust\u0101mu ieguld\u012bjumu vides aizsardz\u012bb\u0101.<\/p>\n<p><b>Galven\u0101s iez\u012bmes:<\/b><\/p>\n<ul>\n<li><b>Videi draudz\u012bgs materi\u0101ls:<\/b> Galvenais tur\u0113t\u0101js ir izgatavots no p\u0101rstr\u0101d\u0101ta kartona.<\/li>\n<li><b>St\u0101d\u0101ms s\u0113klu pap\u012brs:<\/b> Iek\u013cauta kart\u012bte ar savva\u013cas ziedu s\u0113kl\u0101m, kas aug, kad t\u0101s iest\u0101d\u012bja.<\/li>\n<li><b>Nulles atkritumu risin\u0101jums:<\/b> Visu noz\u012bm\u012bti var iest\u0101d\u012bt, neatst\u0101jot nek\u0101dus atkritumus.<\/li>\n<li><b>Ra\u017eots Eirop\u0101:<\/b> Apz\u012bm\u0113ts ar embl\u0113mu \u201cRa\u017eots Eirop\u0101\u201d, kas apz\u012bm\u0113 kvalit\u0101ti un samazin\u0101tu oglek\u013ca p\u0113das nospiedumu.<\/li>\n<li><b>Ietver instrukcijas:<\/b> Skaidras st\u0101d\u012b\u0161anas instrukcijas ir iespiestas iek\u0161pus\u0113.<\/li>\n<li><b>Izm\u0113ri:<\/b> 11,3 x 9,3 cm.<\/li>\n<\/ul>","protected":false},"excerpt":{"rendered":"<ul>\n<li>Aplieciniet savu ap\u0146em\u0161anos iev\u0113rot ilgtsp\u0113j\u012bbu pas\u0101kumos.<\/li>\n<li>Izgatavots no p\u0101rstr\u0101d\u0101ta kartona, komplekt\u0101 iek\u013cauts savva\u013cas ziedu s\u0113klu pap\u012bra kartons.<\/li>\n<li>Visu noz\u012bm\u012bti var iest\u0101d\u012bt p\u0113c pas\u0101kuma.<\/li>\n<li>\u201cRa\u017eots Eirop\u0101\u201d garant\u0113 kvalit\u0101ti un zem\u0101ku oglek\u013ca p\u0113das nospiedumu.<\/li>\n<\/ul>","protected":false},"featured_media":5308,"comment_status":"closed","ping_status":"closed","template":"","meta":[],"product_brand":[],"product_cat":[91],"product_tag":[],"class_list":{"0":"post-5307","1":"product","2":"type-product","3":"status-publish","4":"has-post-thumbnail","6":"product_cat-badge-holders","8":"first","9":"instock","10":"shipping-taxable","11":"purchasable","12":"product-type-simple"},"_links":{"self":[{"href":"https:\/\/displayproducts.eu\/lv\/wp-json\/wp\/v2\/product\/5307","targetHints":{"allow":["GET"]}}],"collection":[{"href":"https:\/\/displayproducts.eu\/lv\/wp-json\/wp\/v2\/product"}],"about":[{"href":"https:\/\/displayproducts.eu\/lv\/wp-json\/wp\/v2\/types\/product"}],"replies":[{"embeddable":true,"href":"https:\/\/displayproducts.eu\/lv\/wp-json\/wp\/v2\/comments?post=5307"}],"wp:featuredmedia":[{"embeddable":true,"href":"https:\/\/displayproducts.eu\/lv\/wp-json\/wp\/v2\/media\/5308"}],"wp:attachment":[{"href":"https:\/\/displayproducts.eu\/lv\/wp-json\/wp\/v2\/media?parent=5307"}],"wp:term":[{"taxonomy":"product_brand","embeddable":true,"href":"https:\/\/displayproducts.eu\/lv\/wp-json\/wp\/v2\/product_brand?post=5307"},{"taxonomy":"product_cat","embeddable":true,"href":"https:\/\/displayproducts.eu\/lv\/wp-json\/wp\/v2\/product_cat?post=5307"},{"taxonomy":"product_tag","embeddable":true,"href":"https:\/\/displayproducts.eu\/lv\/wp-json\/wp\/v2\/product_tag?post=5307"}],"curies":[{"name":"wp","href":"https:\/\/api.w.org\/{rel}","templated":true}]}}