{"id":5304,"date":"2025-10-24T13:51:56","date_gmt":"2025-10-24T10:51:56","guid":{"rendered":"https:\/\/wristbandfactory.eu\/?post_type=product&#038;p=5304"},"modified":"2026-04-01T21:52:35","modified_gmt":"2026-04-01T18:52:35","slug":"reusable-event-cups-extra-large-1-2l","status":"publish","type":"product","link":"https:\/\/displayproducts.eu\/lv\/p\/reusable-event-cups-extra-large-1-2l\/","title":{"rendered":"Atk\u0101rtoti lietojamas pas\u0101kumu kr\u016bzes (\u012bpa\u0161i lielas 1,2 l)"},"content":{"rendered":"<p data-path-to-node=\"7\">Samaziniet rindas un palieliniet apmekl\u0113t\u0101ju apmierin\u0101t\u012bbu liela m\u0113roga pas\u0101kum\u0101 ar m\u016bsu 1,2 litru \u012bpa\u0161i lielaj\u0101m atk\u0101rtoti lietojamaj\u0101m PP kr\u016bz\u0113m. \u0160\u012bs liel\u0101s ietilp\u012bbas kr\u016bzes ir ide\u0101ls risin\u0101jums stadioniem, lieliem festiv\u0101liem un koncertiem, \u013caujot pasniegt liel\u0101kas porcijas un iev\u0113rojami samazinot nepiecie\u0161am\u012bbu p\u0113c uzpild\u012b\u0161anas.<\/p>\n<p data-path-to-node=\"8\">Izgatavotas no iztur\u012bga, bet elast\u012bga PP (polipropil\u0113na), \u0161\u012bs kr\u016bz\u012btes ir iztur\u012bgas pret pl\u012bsumiem un paredz\u0113tas atk\u0101rtotai lieto\u0161anai, pied\u0101v\u0101jot robustu un videi draudz\u012bgu alternat\u012bvu vienreizlietojam\u0101m plastmas\u0101m.<\/p>\n<p data-path-to-node=\"9\">Caursp\u012bd\u012bg\u0101 apdare nodro\u0161ina labi redzamu audeklu j\u016bsu uz\u0146\u0113muma logotipam vai pas\u0101kuma z\u012bmolam. \u0160\u012bs kr\u016bzes unik\u0101la iez\u012bme ir t\u0101s \u012bpa\u0161i veidot\u0101 pamatne, kas paredz\u0113ta papildu stabilit\u0101tes nodro\u0161in\u0101\u0161anai, novietojot to uz palikt\u0146iem.<\/p>\n<p data-path-to-node=\"10\"><b>Galven\u0101s iez\u012bmes:<\/b><\/p>\n<ul data-path-to-node=\"11\">\n<li>\n<p data-path-to-node=\"11,0,0\"><b>\u012apa\u0161i liela 1,2 litru ietilp\u012bba:<\/b> Samazina uzpild\u012b\u0161anu festiv\u0101los, stadionos un koncertos ar lielu apmekl\u0113t\u0101ju skaitu.<\/p>\n<\/li>\n<li>\n<p data-path-to-node=\"11,1,0\"><b>Iztur\u012bgs PP materi\u0101ls:<\/b> Elast\u012bgs, triecieniztur\u012bgs un piln\u012bb\u0101 atk\u0101rtoti lietojams vair\u0101kiem pas\u0101kumiem.<\/p>\n<\/li>\n<li>\n<p data-path-to-node=\"11,2,0\"><b>Caursp\u012bd\u012bga apdare:<\/b> Nodro\u0161ina ide\u0101lu, labi redzamu virsmu piel\u0101gota z\u012bmola izvieto\u0161anai.<\/p>\n<\/li>\n<li>\n<p data-path-to-node=\"11,3,0\"><b>Stabila pamatnes konstrukcija:<\/b> \u012apa\u0161i veidota pamatne dro\u0161ai novieto\u0161anai uz palikt\u0146iem.<\/p>\n<\/li>\n<li>\n<p data-path-to-node=\"11,4,0\"><b>Lieli izm\u0113ri:<\/b> Augstums 19 cm, diametrs 10,7 cm.<\/p>\n<\/li>\n<\/ul>","protected":false},"excerpt":{"rendered":"<ul>\n<li>\n<p data-path-to-node=\"6,0,0\">\u012apa\u0161i liel\u0101 1,2 litru ietilp\u012bba samazina uzpild\u012b\u0161anu liela m\u0113roga pas\u0101kumos.<\/p>\n<\/li>\n<li>\n<p data-path-to-node=\"6,1,0\">Izgatavots no iztur\u012bga, elast\u012bga un triecieniztur\u012bga PP materi\u0101la.<\/p>\n<\/li>\n<li>\n<p data-path-to-node=\"6,2,0\">Caursp\u012bd\u012bga apdare nodro\u0161ina labi redzamu audeklu z\u012bmola rekl\u0101mai.<\/p>\n<\/li>\n<li>\n<p data-path-to-node=\"6,3,0\">Unik\u0101ls, stabils pamatnes dizains lieto\u0161anai ar palikt\u0146iem.<\/p>\n<\/li>\n<li><\/li>\n<\/ul>","protected":false},"featured_media":6622,"comment_status":"closed","ping_status":"closed","template":"","meta":[],"product_brand":[],"product_cat":[111],"product_tag":[],"class_list":{"0":"post-5304","1":"product","2":"type-product","3":"status-publish","4":"has-post-thumbnail","6":"product_cat-reusable-event-cups","8":"first","9":"instock","10":"shipping-taxable","11":"product-type-simple"},"_links":{"self":[{"href":"https:\/\/displayproducts.eu\/lv\/wp-json\/wp\/v2\/product\/5304","targetHints":{"allow":["GET"]}}],"collection":[{"href":"https:\/\/displayproducts.eu\/lv\/wp-json\/wp\/v2\/product"}],"about":[{"href":"https:\/\/displayproducts.eu\/lv\/wp-json\/wp\/v2\/types\/product"}],"replies":[{"embeddable":true,"href":"https:\/\/displayproducts.eu\/lv\/wp-json\/wp\/v2\/comments?post=5304"}],"wp:featuredmedia":[{"embeddable":true,"href":"https:\/\/displayproducts.eu\/lv\/wp-json\/wp\/v2\/media\/6622"}],"wp:attachment":[{"href":"https:\/\/displayproducts.eu\/lv\/wp-json\/wp\/v2\/media?parent=5304"}],"wp:term":[{"taxonomy":"product_brand","embeddable":true,"href":"https:\/\/displayproducts.eu\/lv\/wp-json\/wp\/v2\/product_brand?post=5304"},{"taxonomy":"product_cat","embeddable":true,"href":"https:\/\/displayproducts.eu\/lv\/wp-json\/wp\/v2\/product_cat?post=5304"},{"taxonomy":"product_tag","embeddable":true,"href":"https:\/\/displayproducts.eu\/lv\/wp-json\/wp\/v2\/product_tag?post=5304"}],"curies":[{"name":"wp","href":"https:\/\/api.w.org\/{rel}","templated":true}]}}