{"id":5300,"date":"2025-10-24T12:52:28","date_gmt":"2025-10-24T09:52:28","guid":{"rendered":"https:\/\/wristbandfactory.eu\/?post_type=product&#038;p=5300"},"modified":"2026-04-01T21:52:35","modified_gmt":"2026-04-01T18:52:35","slug":"laser-engravable-rectangular-glass-trophies","status":"publish","type":"product","link":"https:\/\/displayproducts.eu\/lv\/p\/laser-engravable-rectangular-glass-trophies\/","title":{"rendered":"L\u0101zergrav\u0113jamas taisnst\u016bra stikla trofejas"},"content":{"rendered":"<p>Atst\u0101jiet iev\u0113rojamu iespaidu sav\u0101 n\u0101kamaj\u0101 apbalvo\u0161anas ceremonij\u0101 vai korporat\u012bvaj\u0101 ball\u0113. M\u016bsu liel\u0101 taisnst\u016brveida stikla balva nodro\u0161ina augst\u0101k\u0101s kvalit\u0101tes, iev\u0113rojamu apbalvojumu, kas ir ide\u0101li piem\u0113rots lab\u0101ko sniegumu, galveno klientu vai konkursu uzvar\u0113t\u0101ju atz\u012bm\u0113\u0161anai.<\/p>\n<p>\u0160\u012b trofeja ir 19 cm augsta un izgatavota no bieza, augstas kvalit\u0101tes stikla, sverot 690 gramus, radot man\u0101mi augst\u0101k\u0101s kvalit\u0101tes saj\u016btu. T\u012brais, taisnst\u016brveida dizains pied\u0101v\u0101 lielu, plakanu virsmu, kas ir \u012bpa\u0161i izstr\u0101d\u0101ta augstas precizit\u0101tes l\u0101zerdrukai (grav\u0113\u0161anai). Tas nodro\u0161ina, ka j\u016bsu uz\u0146\u0113muma logotips, apbalvojuma nosaukums un sa\u0146\u0113m\u0113ja inform\u0101cija tiek personaliz\u0113ta ar izcilu skaidr\u012bbu. Ide\u0101li piem\u0113rota p\u0101rdo\u0161anas balv\u0101m, m\u0113ne\u0161a darbinieka programm\u0101m vai pateic\u012bbai galvenajiem partneriem, katra trofeja tiek pieg\u0101d\u0101ta individu\u0101l\u0101 aizsargapvalk\u0101, nodro\u0161inot t\u0101s dro\u0161\u012bbu transport\u0113\u0161anas laik\u0101 un gatav\u012bbu pasnieg\u0161anai.<\/p>\n<p><b>Galven\u0101s iez\u012bmes:<\/b><\/p>\n<ul>\n<li><b>Liels taisnst\u016bra dizains:<\/b> 19 cm augsts, nodro\u0161inot pietiekami daudz vietas piel\u0101gotai grav\u0113\u0161anai.<\/li>\n<li><b>Augst\u0101k\u0101s kvalit\u0101tes smagsvara stikls:<\/b> Ar 690 g svaru \u0161ai trofejai ir iev\u0113rojama saj\u016bta, kas palielina t\u0101s uztveramo v\u0113rt\u012bbu.<\/li>\n<li><b>Optimiz\u0113ts l\u0101zergrav\u0113\u0161anai:<\/b> \u012apa\u0161i izstr\u0101d\u0101ta virsma nodro\u0161ina asu, detaliz\u0113tu piel\u0101go\u0161anu ar l\u0101zerdruk\u0101 pal\u012bdz\u012bbu.<\/li>\n<li><b>Stabila pamatne:<\/b> Apr\u012bkots ar iztur\u012bgu, 4,5 cm dzi\u013cu stikla pamatni stabilai novieto\u0161anai uz jebkura galda vai plaukta.<\/li>\n<li><b>Iek\u013cauts aizsargapvalks:<\/b> Katra trofeja tiek pasniegta individu\u0101l\u0101 kast\u012bt\u0113 dro\u0161ai transport\u0113\u0161anai un d\u0101vin\u0101\u0161anai.<\/li>\n<\/ul>\n<p>&nbsp;<\/p>","protected":false},"excerpt":{"rendered":"<ul>\n<li>Augst\u0101k\u0101s kvalit\u0101tes 19 cm augsta taisnst\u016bra stikla balva.<\/li>\n<li>Iev\u0113rojams svars 690 g nodro\u0161ina augstas v\u0113rt\u012bbas saj\u016btu.<\/li>\n<li>Optimiz\u0113ta virsma prec\u012bzai j\u016bsu logotipa l\u0101zergrav\u0113\u0161anai.<\/li>\n<li>Komplekt\u0101 iek\u013cauts individu\u0101ls aizsargapvalks dro\u0161ai prezent\u0113\u0161anai.<\/li>\n<\/ul>","protected":false},"featured_media":6540,"comment_status":"closed","ping_status":"closed","template":"","meta":[],"product_brand":[],"product_cat":[79],"product_tag":[],"class_list":{"0":"post-5300","1":"product","2":"type-product","3":"status-publish","4":"has-post-thumbnail","6":"product_cat-awards","8":"first","9":"instock","10":"shipping-taxable","11":"purchasable","12":"product-type-simple"},"_links":{"self":[{"href":"https:\/\/displayproducts.eu\/lv\/wp-json\/wp\/v2\/product\/5300","targetHints":{"allow":["GET"]}}],"collection":[{"href":"https:\/\/displayproducts.eu\/lv\/wp-json\/wp\/v2\/product"}],"about":[{"href":"https:\/\/displayproducts.eu\/lv\/wp-json\/wp\/v2\/types\/product"}],"replies":[{"embeddable":true,"href":"https:\/\/displayproducts.eu\/lv\/wp-json\/wp\/v2\/comments?post=5300"}],"wp:featuredmedia":[{"embeddable":true,"href":"https:\/\/displayproducts.eu\/lv\/wp-json\/wp\/v2\/media\/6540"}],"wp:attachment":[{"href":"https:\/\/displayproducts.eu\/lv\/wp-json\/wp\/v2\/media?parent=5300"}],"wp:term":[{"taxonomy":"product_brand","embeddable":true,"href":"https:\/\/displayproducts.eu\/lv\/wp-json\/wp\/v2\/product_brand?post=5300"},{"taxonomy":"product_cat","embeddable":true,"href":"https:\/\/displayproducts.eu\/lv\/wp-json\/wp\/v2\/product_cat?post=5300"},{"taxonomy":"product_tag","embeddable":true,"href":"https:\/\/displayproducts.eu\/lv\/wp-json\/wp\/v2\/product_tag?post=5300"}],"curies":[{"name":"wp","href":"https:\/\/api.w.org\/{rel}","templated":true}]}}