{"id":5296,"date":"2025-10-24T12:46:54","date_gmt":"2025-10-24T09:46:54","guid":{"rendered":"https:\/\/wristbandfactory.eu\/?post_type=product&#038;p=5296"},"modified":"2026-04-01T21:52:35","modified_gmt":"2026-04-01T18:52:35","slug":"laser-engravable-circular-glass-trophies","status":"publish","type":"product","link":"https:\/\/displayproducts.eu\/lv\/p\/laser-engravable-circular-glass-trophies\/","title":{"rendered":"L\u0101zergrav\u0113jamas apa\u013cas stikla trofejas"},"content":{"rendered":"<p>Atz\u012bstiet izcilu sniegumu un sasniegumus ar augst\u0101k\u0101s klases balvu. M\u016bsu apa\u013c\u0101 stikla trofeja pied\u0101v\u0101 modernu un elegantu risin\u0101jumu korporat\u012bvai atzin\u012bbai, p\u0101rdo\u0161anas uzs\u0101k\u0161anai un komandas sasniegumiem.<\/p>\n<p>\u0160\u012b trofeja, kas izgatavota no bieza, augstas kvalit\u0101tes stikla, ir veidota no m\u016b\u017e\u012bgas apa\u013cas pl\u0101ksnes uz stabilas kvadr\u0101tveida pamatnes. 400 gramu svars pie\u0161\u0137ir tai iev\u0113rojamu un v\u0113rt\u012bgu saj\u016btu, kas ir ide\u0101li piem\u0113rota izst\u0101d\u012b\u0161anai. T\u0101 ir \u012bpa\u0161i izstr\u0101d\u0101ta l\u0101zerdrukai (grav\u0113\u0161anai), \u013caujot prec\u012bzi piel\u0101got j\u016bsu logotipu, tekstu un apbalvojuma inform\u0101ciju. Katra trofeja tiek pasniegta sav\u0101 individu\u0101l\u0101 aizsargapvalk\u0101, nodro\u0161inot, ka t\u0101 dro\u0161i non\u0101k galam\u0113r\u0137\u012b un ir gatava izst\u0101d\u012b\u0161anai.<\/p>\n<p><b>Galven\u0101s iez\u012bmes:<\/b><\/p>\n<ul>\n<li><b>Augst\u0101k\u0101s kvalit\u0101tes stikla konstrukcija:<\/b> Biezs, smags stikls (400 g) augstas uztveres v\u0113rt\u012bbai.<\/li>\n<li><b>Optimiz\u0113ts l\u0101zergrav\u0113\u0161anai:<\/b> \u012apa\u0161i izstr\u0101d\u0101ta virsma skaidriem, detaliz\u0113tiem l\u0101zerdruk\u0101tiem logotipiem un tekstam.<\/li>\n<li><b>Elegants apa\u013c\u0161 dizains:<\/b> Moderna apa\u013ca pl\u0101ksne (10 cm) uz cieta kvadr\u0101tveida pamatnes (6 cm).<\/li>\n<li><b>Gatavs prezent\u0101cijai:<\/b> Katra balva tiek pieg\u0101d\u0101ta individu\u0101l\u0101 aizsargapvalk\u0101 dro\u0161ai lieto\u0161anai un prezent\u0113\u0161anai.<\/li>\n<\/ul>","protected":false},"excerpt":{"rendered":"<ul>\n<li>Augst\u0101k\u0101s kvalit\u0101tes apa\u013ca stikla trofeja uz cieta kvadr\u0101tveida pamatnes.<\/li>\n<li>\u012apa\u0161i izstr\u0101d\u0101ts augstas precizit\u0101tes l\u0101zergrav\u0113\u0161anai.<\/li>\n<li>Ide\u0101li piem\u0113rots korporat\u012bvai atzin\u012bbai, p\u0101rdo\u0161anas balv\u0101m un pas\u0101kumiem.<\/li>\n<li>Pieg\u0101d\u0101ts individu\u0101l\u0101 aizsargapvalk\u0101 dro\u0161ai transport\u0113\u0161anai.<\/li>\n<\/ul>","protected":false},"featured_media":6535,"comment_status":"closed","ping_status":"closed","template":"","meta":[],"product_brand":[],"product_cat":[79],"product_tag":[],"class_list":{"0":"post-5296","1":"product","2":"type-product","3":"status-publish","4":"has-post-thumbnail","6":"product_cat-awards","8":"first","9":"instock","10":"shipping-taxable","11":"purchasable","12":"product-type-simple"},"_links":{"self":[{"href":"https:\/\/displayproducts.eu\/lv\/wp-json\/wp\/v2\/product\/5296","targetHints":{"allow":["GET"]}}],"collection":[{"href":"https:\/\/displayproducts.eu\/lv\/wp-json\/wp\/v2\/product"}],"about":[{"href":"https:\/\/displayproducts.eu\/lv\/wp-json\/wp\/v2\/types\/product"}],"replies":[{"embeddable":true,"href":"https:\/\/displayproducts.eu\/lv\/wp-json\/wp\/v2\/comments?post=5296"}],"wp:featuredmedia":[{"embeddable":true,"href":"https:\/\/displayproducts.eu\/lv\/wp-json\/wp\/v2\/media\/6535"}],"wp:attachment":[{"href":"https:\/\/displayproducts.eu\/lv\/wp-json\/wp\/v2\/media?parent=5296"}],"wp:term":[{"taxonomy":"product_brand","embeddable":true,"href":"https:\/\/displayproducts.eu\/lv\/wp-json\/wp\/v2\/product_brand?post=5296"},{"taxonomy":"product_cat","embeddable":true,"href":"https:\/\/displayproducts.eu\/lv\/wp-json\/wp\/v2\/product_cat?post=5296"},{"taxonomy":"product_tag","embeddable":true,"href":"https:\/\/displayproducts.eu\/lv\/wp-json\/wp\/v2\/product_tag?post=5296"}],"curies":[{"name":"wp","href":"https:\/\/api.w.org\/{rel}","templated":true}]}}