{"id":5292,"date":"2025-10-24T12:42:32","date_gmt":"2025-10-24T09:42:32","guid":{"rendered":"https:\/\/wristbandfactory.eu\/?post_type=product&#038;p=5292"},"modified":"2026-04-01T21:52:35","modified_gmt":"2026-04-01T18:52:35","slug":"window-name-badges-with-clip-and-pin","status":"publish","type":"product","link":"https:\/\/displayproducts.eu\/lv\/p\/window-name-badges-with-clip-and-pin\/","title":{"rendered":"Logu v\u0101rdu noz\u012bm\u012btes ar klipsi un piespraudi"},"content":{"rendered":"<p>Nodro\u0161iniet skaidru un profesion\u0101lu identifik\u0101ciju savai komandai, konferen\u010du dal\u012bbniekiem vai pas\u0101kumu darbiniekiem ar \u0161\u012bm atk\u0101rtoti lietojamaj\u0101m logu v\u0101rda noz\u012bm\u012bt\u0113m. \u0160\u012bm noz\u012bm\u012bt\u0113m ir t\u012brs, moderns dizains ar sp\u012bd\u012bgu apdari, kas jebkurai korporat\u012bvai videi pie\u0161\u0137ir elegantu izskatu.<\/p>\n<p>Priek\u0161\u0113j\u0101 loga sprauga \u013cauj \u0101tri nomain\u012bt druk\u0101tas viz\u012btkartes, padarot t\u0101s par rentablu un elast\u012bgu risin\u0101jumu apmekl\u0113t\u0101ju p\u0101rvald\u012bbai, pagaidu darbiniekiem vai atk\u0101rtotiem pas\u0101kumiem. \u017detona aizmugure ir apr\u012bkota ar iztur\u012bgu dubultu stiprin\u0101\u0161anas sist\u0113mu. \u0160is dubultais stiprin\u0101jums, kas ietver gan met\u0101la klipsi, gan dro\u0161\u012bbas adatu, nodro\u0161ina dro\u0161u un stabilu piel\u0101go\u0161anu jebkura veida ap\u0123\u0113rbam, s\u0101kot no uzvalka \u017eaket\u0113m l\u012bdz formas t\u0113rpiem.<\/p>\n<p><b>Galven\u0101s iez\u012bmes:<\/b><\/p>\n<ul>\n<li><b>Atk\u0101rtoti lietojams logu dizains:<\/b> \u013bauj \u0101tri un vienk\u0101r\u0161i nomain\u012bt v\u0101rda ielikt\u0146us.<\/li>\n<li><b>Divk\u0101r\u0161a stiprin\u0101\u0161anas sist\u0113ma:<\/b> Apr\u012bkots gan ar met\u0101la klipsi, gan dro\u0161\u012bbas tapu dro\u0161ai un daudzpus\u012bgai piestiprin\u0101\u0161anai.<\/li>\n<li><b>Profesion\u0101la sp\u012bd\u012bga apdare:<\/b> Nodro\u0161ina modernu, elegantu izskatu, kas piem\u0113rots korporat\u012bvai videi.<\/li>\n<li><b>Kompakti izm\u0113ri:<\/b> Izm\u0113ri 6,8 x 3,4 cm, lai nodro\u0161in\u0101tu skaidru redzam\u012bbu, neapst\u0101joties.<\/li>\n<\/ul>","protected":false},"excerpt":{"rendered":"<ul>\n<li>Profesion\u0101la, sp\u012bd\u012bga apdare modernam korporat\u012bvam izskatam.<\/li>\n<li>Daudzpus\u012bga divk\u0101r\u0161a aizdare: apr\u012bkota gan ar met\u0101la klipsi, gan ar dro\u0161\u012bbas adatu.<\/li>\n<li>Atk\u0101rtoti lietojams lodzi\u0146a dizains viz\u012btkar\u0161u \u0113rtai ievieto\u0161anai.<\/li>\n<li>Ide\u0101li piem\u0113rots vairum\u0101 ieg\u0101dei pas\u0101kumiem, darbiniekiem un tirdzniec\u012bbas izst\u0101d\u0113m.<\/li>\n<\/ul>","protected":false},"featured_media":5293,"comment_status":"closed","ping_status":"closed","template":"","meta":[],"product_brand":[],"product_cat":[91],"product_tag":[],"class_list":{"0":"post-5292","1":"product","2":"type-product","3":"status-publish","4":"has-post-thumbnail","6":"product_cat-badge-holders","8":"first","9":"instock","10":"shipping-taxable","11":"purchasable","12":"product-type-simple"},"_links":{"self":[{"href":"https:\/\/displayproducts.eu\/lv\/wp-json\/wp\/v2\/product\/5292","targetHints":{"allow":["GET"]}}],"collection":[{"href":"https:\/\/displayproducts.eu\/lv\/wp-json\/wp\/v2\/product"}],"about":[{"href":"https:\/\/displayproducts.eu\/lv\/wp-json\/wp\/v2\/types\/product"}],"replies":[{"embeddable":true,"href":"https:\/\/displayproducts.eu\/lv\/wp-json\/wp\/v2\/comments?post=5292"}],"wp:featuredmedia":[{"embeddable":true,"href":"https:\/\/displayproducts.eu\/lv\/wp-json\/wp\/v2\/media\/5293"}],"wp:attachment":[{"href":"https:\/\/displayproducts.eu\/lv\/wp-json\/wp\/v2\/media?parent=5292"}],"wp:term":[{"taxonomy":"product_brand","embeddable":true,"href":"https:\/\/displayproducts.eu\/lv\/wp-json\/wp\/v2\/product_brand?post=5292"},{"taxonomy":"product_cat","embeddable":true,"href":"https:\/\/displayproducts.eu\/lv\/wp-json\/wp\/v2\/product_cat?post=5292"},{"taxonomy":"product_tag","embeddable":true,"href":"https:\/\/displayproducts.eu\/lv\/wp-json\/wp\/v2\/product_tag?post=5292"}],"curies":[{"name":"wp","href":"https:\/\/api.w.org\/{rel}","templated":true}]}}