{"id":5288,"date":"2025-10-24T12:36:41","date_gmt":"2025-10-24T09:36:41","guid":{"rendered":"https:\/\/wristbandfactory.eu\/?post_type=product&#038;p=5288"},"modified":"2026-04-01T21:52:35","modified_gmt":"2026-04-01T18:52:35","slug":"aluminium-name-badges-with-clip-and-pin","status":"publish","type":"product","link":"https:\/\/displayproducts.eu\/lv\/p\/aluminium-name-badges-with-clip-and-pin\/","title":{"rendered":"Alum\u012bnija v\u0101rda noz\u012bm\u012btes ar klipsi un piespraudi"},"content":{"rendered":"<p>Nodro\u0161iniet profesion\u0101lu un konsekventu darbinieku identifik\u0101ciju korporat\u012bvajos pas\u0101kumos, tirdzniec\u012bbas izst\u0101d\u0113s un biroj\u0101 ar \u0161\u012bm atk\u0101rtoti lietojamaj\u0101m alum\u012bnija v\u0101rda noz\u012bm\u012bt\u0113m. Elegantais, anod\u0113tais alum\u012bnija r\u0101mis nodro\u0161ina iztur\u012bgu un augst\u0101k\u0101s kvalit\u0101tes apdari, kas uzlabo j\u016bsu uz\u0146\u0113muma t\u0113lu.<\/p>\n<p>\u0160\u012bs v\u0101rda z\u012bm\u012btes ir izstr\u0101d\u0101tas elast\u012bbai, \u013caujot \u0101tri un vienk\u0101r\u0161i nomain\u012bt pap\u012bra ielikt\u0146us, padarot t\u0101s ide\u0101li piem\u0113rotas pagaidu darbiniekiem, konferen\u010du dal\u012bbniekiem vai uz\u0146\u0113mumiem ar lielu darbinieku main\u012bbu. Aizmugur\u0113 ir iztur\u012bgs, div\u0113j\u0101da lietojuma stiprin\u0101jums ar klipsi un adatu, dodot lietot\u0101jiem izv\u0113li, k\u0101 dro\u0161i piestiprin\u0101t noz\u012bm\u012bti pie jebkura ap\u0123\u0113rba gabala. \u0160is daudzpus\u012bgais un izmaksu zi\u0146\u0101 efekt\u012bvais risin\u0101jums ir pieejams vairum\u0101 vis\u0101m j\u016bsu identifik\u0101cijas vajadz\u012bb\u0101m.<\/p>\n<p><b>Galven\u0101s iez\u012bmes:<\/b><\/p>\n<ul>\n<li><b>Iztur\u012bgs alum\u012bnija r\u0101mis:<\/b> Augstas kvalit\u0101tes anod\u0113ta apdare nodro\u0161ina profesion\u0101lu un ilgsto\u0161u izskatu.<\/li>\n<li><b>Divk\u0101r\u0161a piestiprin\u0101\u0161anas sist\u0113ma:<\/b> Iek\u013cauts gan klipsis, gan adata aizmugur\u0113 daudzpus\u012bgai un dro\u0161ai piestiprin\u0101\u0161anai pie jebkura ap\u0123\u0113rba.<\/li>\n<li><b>Atk\u0101rtoti lietojams un rentabls:<\/b> Paredz\u0113ts standarta pap\u012bra ielikt\u0146u ievieto\u0161anai (nav iek\u013cauts komplekt\u0101), \u013caujot \u0113rti atjaunin\u0101t inform\u0101ciju jaunajiem darbiniekiem vai pas\u0101kumiem.<\/li>\n<li><b>Eleganti izm\u0113ri:<\/b> Izm\u0113ri 70 x 25 mm, nodro\u0161inot skaidru, redzamu v\u0101rda att\u0113lojumu, neuzkr\u012bto\u0161u.<\/li>\n<\/ul>","protected":false},"excerpt":{"rendered":"<ul>\n<li>Profesion\u0101ls anod\u0113ta alum\u012bnija r\u0101mis augst\u0101k\u0101s klases izskatam.<\/li>\n<li>Daudzpus\u012bgs dubultais klipsis un tapas stiprin\u0101jums dro\u0161ai nostiprin\u0101\u0161anai.<\/li>\n<li>Atk\u0101rtoti lietojams dizains: vienk\u0101r\u0161i izdruk\u0101jiet un ievietojiet jaunas viz\u012btkartes.<\/li>\n<li>Ide\u0101li piem\u0113rots vairumtirdzniec\u012bbas pas\u016bt\u012bjumiem korporat\u012bvajiem darbiniekiem, pas\u0101kumiem un tirdzniec\u012bbas izst\u0101d\u0113m.<\/li>\n<\/ul>","protected":false},"featured_media":5289,"comment_status":"closed","ping_status":"closed","template":"","meta":[],"product_brand":[],"product_cat":[91],"product_tag":[],"class_list":{"0":"post-5288","1":"product","2":"type-product","3":"status-publish","4":"has-post-thumbnail","6":"product_cat-badge-holders","8":"first","9":"instock","10":"shipping-taxable","11":"purchasable","12":"product-type-simple"},"_links":{"self":[{"href":"https:\/\/displayproducts.eu\/lv\/wp-json\/wp\/v2\/product\/5288","targetHints":{"allow":["GET"]}}],"collection":[{"href":"https:\/\/displayproducts.eu\/lv\/wp-json\/wp\/v2\/product"}],"about":[{"href":"https:\/\/displayproducts.eu\/lv\/wp-json\/wp\/v2\/types\/product"}],"replies":[{"embeddable":true,"href":"https:\/\/displayproducts.eu\/lv\/wp-json\/wp\/v2\/comments?post=5288"}],"wp:featuredmedia":[{"embeddable":true,"href":"https:\/\/displayproducts.eu\/lv\/wp-json\/wp\/v2\/media\/5289"}],"wp:attachment":[{"href":"https:\/\/displayproducts.eu\/lv\/wp-json\/wp\/v2\/media?parent=5288"}],"wp:term":[{"taxonomy":"product_brand","embeddable":true,"href":"https:\/\/displayproducts.eu\/lv\/wp-json\/wp\/v2\/product_brand?post=5288"},{"taxonomy":"product_cat","embeddable":true,"href":"https:\/\/displayproducts.eu\/lv\/wp-json\/wp\/v2\/product_cat?post=5288"},{"taxonomy":"product_tag","embeddable":true,"href":"https:\/\/displayproducts.eu\/lv\/wp-json\/wp\/v2\/product_tag?post=5288"}],"curies":[{"name":"wp","href":"https:\/\/api.w.org\/{rel}","templated":true}]}}