{"id":5279,"date":"2025-10-23T23:25:16","date_gmt":"2025-10-23T20:25:16","guid":{"rendered":"https:\/\/wristbandfactory.eu\/?post_type=product&#038;p=5279"},"modified":"2026-04-01T21:52:35","modified_gmt":"2026-04-01T18:52:35","slug":"extendable-id-holder-with-carabiner","status":"publish","type":"product","link":"https:\/\/displayproducts.eu\/lv\/p\/extendable-id-holder-with-carabiner\/","title":{"rendered":"Izvelkams ID tur\u0113t\u0101js ar karab\u012bni"},"content":{"rendered":"<p>Optimiz\u0113jiet piek\u013cuves kontroli un uzlabojiet dro\u0161\u012bbu sav\u0101 darba viet\u0101, konferenc\u0113 vai tirdzniec\u012bbas izst\u0101d\u0113. M\u016bsu izvelkamais ID tur\u0113t\u0101js nodro\u0161ina, ka apliecino\u0161ie dokumenti vienm\u0113r ir pa rokai, netrauc\u0113jot, sniedzot profesion\u0101lu risin\u0101jumu darbiniekiem un dal\u012bbniekiem.<\/p>\n<p>\u0160im tur\u0113t\u0101jam ir attur\u012bgs, funkcion\u0101ls dizains ar iztur\u012bgu met\u0101la karab\u012bni, kas dro\u0161i piestiprin\u0101s pie jostas cilp\u0101m, kakla siksni\u0146\u0101m vai som\u0101m. 75 cm izvelkamais meh\u0101nisms nodro\u0161ina vienm\u0113r\u012bgu ievilk\u0161anu, atvieglojot ID kar\u0161u sken\u0113\u0161anu piek\u013cuves punktos.<\/p>\n<p>ID kartes vai noz\u012bm\u012btes tur\u0113t\u0101ju nostiprina pogas aizdare. Ar ietilp\u012bgu 20 x 20 mm apdrukas laukumu \u0161is ID tur\u0113t\u0101js ir lieliski piem\u0113rots, lai to personaliz\u0113tu ar uz\u0146\u0113muma logotipu, izmantojot tampondruku (l\u012bdz 4 kr\u0101s\u0101m), t\u0101d\u0113j\u0101di stiprinot z\u012bmola identit\u0101ti visos korporat\u012bvajos pas\u0101kumos.<\/p>\n<p><b>Galven\u0101s iez\u012bmes:<\/b><\/p>\n<ul>\n<li>Izvelkams meh\u0101nisms l\u012bdz 75 cm<\/li>\n<li>Iztur\u012bgs met\u0101la karab\u012bnes klipsis<\/li>\n<li>Dro\u0161a pogas aizdare ID piestiprin\u0101\u0161anai<\/li>\n<li>Pla\u0161s drukas laukums (20 x 20 mm)<\/li>\n<li>Ide\u0101li piem\u0113rots tampondrukai (l\u012bdz 4 kr\u0101s\u0101m)<\/li>\n<\/ul>","protected":false},"excerpt":{"rendered":"<ul>\n<li>Nodro\u0161ina darbinieku ID kar\u0161u dro\u0161\u012bbu un vieglu piek\u013cuvi t\u0101m.<\/li>\n<li>Apr\u012bkots ar iztur\u012bgu met\u0101la karab\u012bni \u0113rtai piestiprin\u0101\u0161anai pie jostas vai somas.<\/li>\n<li>75 cm pagarin\u0101ms vada meh\u0101nisms \u0101trai kar\u0161u sken\u0113\u0161anai.<\/li>\n<li>Plats 20 \u00d7 20 mm laukums j\u016bsu logotipa tampondrukai.<\/li>\n<\/ul>","protected":false},"featured_media":5280,"comment_status":"closed","ping_status":"closed","template":"","meta":[],"product_brand":[],"product_cat":[91],"product_tag":[],"class_list":{"0":"post-5279","1":"product","2":"type-product","3":"status-publish","4":"has-post-thumbnail","6":"product_cat-badge-holders","8":"first","9":"instock","10":"shipping-taxable","11":"purchasable","12":"product-type-simple"},"_links":{"self":[{"href":"https:\/\/displayproducts.eu\/lv\/wp-json\/wp\/v2\/product\/5279","targetHints":{"allow":["GET"]}}],"collection":[{"href":"https:\/\/displayproducts.eu\/lv\/wp-json\/wp\/v2\/product"}],"about":[{"href":"https:\/\/displayproducts.eu\/lv\/wp-json\/wp\/v2\/types\/product"}],"replies":[{"embeddable":true,"href":"https:\/\/displayproducts.eu\/lv\/wp-json\/wp\/v2\/comments?post=5279"}],"wp:featuredmedia":[{"embeddable":true,"href":"https:\/\/displayproducts.eu\/lv\/wp-json\/wp\/v2\/media\/5280"}],"wp:attachment":[{"href":"https:\/\/displayproducts.eu\/lv\/wp-json\/wp\/v2\/media?parent=5279"}],"wp:term":[{"taxonomy":"product_brand","embeddable":true,"href":"https:\/\/displayproducts.eu\/lv\/wp-json\/wp\/v2\/product_brand?post=5279"},{"taxonomy":"product_cat","embeddable":true,"href":"https:\/\/displayproducts.eu\/lv\/wp-json\/wp\/v2\/product_cat?post=5279"},{"taxonomy":"product_tag","embeddable":true,"href":"https:\/\/displayproducts.eu\/lv\/wp-json\/wp\/v2\/product_tag?post=5279"}],"curies":[{"name":"wp","href":"https:\/\/api.w.org\/{rel}","templated":true}]}}