{"id":5272,"date":"2025-10-23T23:21:35","date_gmt":"2025-10-23T20:21:35","guid":{"rendered":"https:\/\/wristbandfactory.eu\/?post_type=product&#038;p=5272"},"modified":"2026-04-01T21:52:03","modified_gmt":"2026-04-01T18:52:03","slug":"promotional-hand-clappers","status":"publish","type":"product","link":"https:\/\/displayproducts.eu\/lv\/p\/promotional-hand-clappers\/","title":{"rendered":"Rekl\u0101mas rokas skavas"},"content":{"rendered":"<p>Nodro\u0161iniet, lai j\u016bsu z\u012bmols izceltos jebkur\u0101 stadion\u0101 vai korporat\u012bvaj\u0101 pas\u0101kum\u0101 ar m\u016bsu rekl\u0101mas rokas svilp\u0113m. \u0160is \u201cMaracana\u201d dizains ir izstr\u0101d\u0101ts, lai rad\u012btu gan dzirdamu, gan vizu\u0101lu iesaisti, atrisinot pas\u012bvo pas\u0101kumu d\u0101vanu izsnieg\u0161anas probl\u0113mu.<\/p>\n<p>\u0160ie rokas formas skavu stabi\u0146i ir jautrs un interakt\u012bvs veids, k\u0101 dal\u012bbnieki var paust atbalstu un rad\u012bt troksni. Pieejami da\u017e\u0101dos spilgtos to\u0146os, tie ir viegli sverami (20 g) un ir ide\u0101li izm\u0113roti (8,5 x 18,5 x 2 cm), lai tos var\u0113tu \u0113rti lietot lieli p\u016b\u013ci. Tie ir lieliska un l\u0113ta izv\u0113le vairum\u0101 izplat\u012b\u0161anai festiv\u0101los, tirdzniec\u012bbas izst\u0101d\u0113s vai sporta sacens\u012bb\u0101s, lai maksim\u0101li palielin\u0101tu z\u012bmola ietekmi.<\/p>\n<p><b>Galven\u0101s iez\u012bmes:<\/b><\/p>\n<ul>\n<li>Rokas formas skavu ska\u0146ai p\u016b\u013ca iesaistei<\/li>\n<li>\u201cMaracana\u201d dizains sporta un pas\u0101kumu t\u0113m\u0101m<\/li>\n<li>Pieejams da\u017e\u0101dos spilgtos, labi redzamos to\u0146os<\/li>\n<li>Viegls un kompakts: 8,5 x 18,5 x 2 cm, 20 g<\/li>\n<li>Ide\u0101li piem\u0113rots vairum\u0101 izdal\u012bt\u0101m d\u0101van\u0101m<\/li>\n<\/ul>","protected":false},"excerpt":{"rendered":"<ul>\n<li>Rad\u012bt p\u016b\u013ca troksni un z\u012bmola atpaz\u012bstam\u012bbu sporta pas\u0101kumos vai rallijos.<\/li>\n<li>Rakstur\u012bgs jautrs, spilgti to\u0146os veidots \u201cMaracana\u201d rokas dizains.<\/li>\n<li>Viegls (20 g) un kompakts (18,5 cm) \u0113rtai masas sadal\u012b\u0161anai.<\/li>\n<li>Ide\u0101ls, l\u0113ts un ietekm\u012bgs rekl\u0101mas priek\u0161mets vairumtirdzniec\u012bbas pas\u016bt\u012bjumiem.<\/li>\n<\/ul>","protected":false},"featured_media":6584,"comment_status":"closed","ping_status":"closed","template":"","meta":[],"product_brand":[],"product_cat":[123],"product_tag":[],"class_list":{"0":"post-5272","1":"product","2":"type-product","3":"status-publish","4":"has-post-thumbnail","6":"product_cat-fan-cheering-items","8":"first","9":"instock","10":"shipping-taxable","11":"purchasable","12":"product-type-simple"},"_links":{"self":[{"href":"https:\/\/displayproducts.eu\/lv\/wp-json\/wp\/v2\/product\/5272","targetHints":{"allow":["GET"]}}],"collection":[{"href":"https:\/\/displayproducts.eu\/lv\/wp-json\/wp\/v2\/product"}],"about":[{"href":"https:\/\/displayproducts.eu\/lv\/wp-json\/wp\/v2\/types\/product"}],"replies":[{"embeddable":true,"href":"https:\/\/displayproducts.eu\/lv\/wp-json\/wp\/v2\/comments?post=5272"}],"wp:featuredmedia":[{"embeddable":true,"href":"https:\/\/displayproducts.eu\/lv\/wp-json\/wp\/v2\/media\/6584"}],"wp:attachment":[{"href":"https:\/\/displayproducts.eu\/lv\/wp-json\/wp\/v2\/media?parent=5272"}],"wp:term":[{"taxonomy":"product_brand","embeddable":true,"href":"https:\/\/displayproducts.eu\/lv\/wp-json\/wp\/v2\/product_brand?post=5272"},{"taxonomy":"product_cat","embeddable":true,"href":"https:\/\/displayproducts.eu\/lv\/wp-json\/wp\/v2\/product_cat?post=5272"},{"taxonomy":"product_tag","embeddable":true,"href":"https:\/\/displayproducts.eu\/lv\/wp-json\/wp\/v2\/product_tag?post=5272"}],"curies":[{"name":"wp","href":"https:\/\/api.w.org\/{rel}","templated":true}]}}