{"id":5265,"date":"2025-10-23T23:14:21","date_gmt":"2025-10-23T20:14:21","guid":{"rendered":"https:\/\/wristbandfactory.eu\/?post_type=product&#038;p=5265"},"modified":"2026-04-01T21:52:04","modified_gmt":"2026-04-01T18:52:04","slug":"inflatable-victory-hand-reusable","status":"publish","type":"product","link":"https:\/\/displayproducts.eu\/lv\/p\/inflatable-victory-hand-reusable\/","title":{"rendered":"Piep\u016b\u0161am\u0101 Uzvaras roka (atk\u0101rtoti lietojama)"},"content":{"rendered":"<p>Padariet savu z\u012bmolu redzamu un savu v\u0113st\u012bjumu dzirdamu ar m\u016bsu piep\u016b\u0161amo Uzvaras roku. \u0160is saisto\u0161ais rekl\u0101mas r\u012bks ir lieliski piem\u0113rots, lai iedvesmotu p\u016b\u013cus sporta pas\u0101kumos, korporat\u012bv\u0101s komandas salied\u0113\u0161anas pas\u0101kumos vai liela m\u0113roga tirdzniec\u012bbas izst\u0101d\u0113s. Nodro\u0161iniet, lai j\u016bsu z\u012bmols b\u016btu svin\u012bbu centr\u0101.<\/p>\n<p>Izgatavota no iztur\u012bga, kr\u0101saina LDPE materi\u0101la, \u0161\u012b uzmundrino\u0161\u0101 roka ir rad\u012bta, lai kalpotu jebkur\u0101 pas\u0101kum\u0101. At\u0161\u0137ir\u012bb\u0101 no vienreizlietojamiem priek\u0161metiem, t\u0101 ir piln\u012bb\u0101 atk\u0101rtoti lietojama un apr\u012bkota ar \u0113rtu piep\u016b\u0161anas v\u0101rstu, nodro\u0161inot ilgsto\u0161u z\u012bmola atpaz\u012bstam\u012bbu. Tas ir viegls, labi redzams produkts, kas ir ide\u0101li piem\u0113rots vairum\u0101 izplat\u012b\u0161anai, lai maksim\u0101li palielin\u0101tu auditorijas iesaisti.<\/p>\n<p><b>Galven\u0101s iez\u012bmes:<\/b><\/p>\n<ul>\n<li>Iztur\u012bgs, kr\u0101sains LDPE materi\u0101ls<\/li>\n<li>Ikonisk\u0101 \u201cUzvaras\u201d rokas forma<\/li>\n<li>Piln\u012bb\u0101 atk\u0101rtoti lietojams ilgsto\u0161ai rekl\u0101mai<\/li>\n<li>Ietver \u0113rtu piep\u016b\u0161anas v\u0101rstu<\/li>\n<\/ul>","protected":false},"excerpt":{"rendered":"<ul>\n<li>Veiciniet sava z\u012bmola atpaz\u012bstam\u012bbu sporta pas\u0101kumos, tirdzniec\u012bbas izst\u0101d\u0113s un rallijos.<\/li>\n<li>Izgatavots no iztur\u012bga un atk\u0101rtoti lietojama LDPE materi\u0101la.<\/li>\n<li>Apr\u012bkots ar vienk\u0101r\u0161i lietojamu piep\u016b\u0161anas v\u0101rstu.<\/li>\n<li>Ide\u0101li piem\u0113rots vairumtirdzniec\u012bbas pas\u016bt\u012bjumiem, lai maksim\u0101li palielin\u0101tu p\u016b\u013ca iesaist\u012b\u0161anos un z\u012bmola atpaz\u012bstam\u012bbu.<\/li>\n<\/ul>\n<p>&nbsp;<\/p>","protected":false},"featured_media":6529,"comment_status":"closed","ping_status":"closed","template":"","meta":[],"product_brand":[],"product_cat":[123],"product_tag":[],"class_list":{"0":"post-5265","1":"product","2":"type-product","3":"status-publish","4":"has-post-thumbnail","6":"product_cat-fan-cheering-items","8":"first","9":"instock","10":"shipping-taxable","11":"purchasable","12":"product-type-simple"},"_links":{"self":[{"href":"https:\/\/displayproducts.eu\/lv\/wp-json\/wp\/v2\/product\/5265","targetHints":{"allow":["GET"]}}],"collection":[{"href":"https:\/\/displayproducts.eu\/lv\/wp-json\/wp\/v2\/product"}],"about":[{"href":"https:\/\/displayproducts.eu\/lv\/wp-json\/wp\/v2\/types\/product"}],"replies":[{"embeddable":true,"href":"https:\/\/displayproducts.eu\/lv\/wp-json\/wp\/v2\/comments?post=5265"}],"wp:featuredmedia":[{"embeddable":true,"href":"https:\/\/displayproducts.eu\/lv\/wp-json\/wp\/v2\/media\/6529"}],"wp:attachment":[{"href":"https:\/\/displayproducts.eu\/lv\/wp-json\/wp\/v2\/media?parent=5265"}],"wp:term":[{"taxonomy":"product_brand","embeddable":true,"href":"https:\/\/displayproducts.eu\/lv\/wp-json\/wp\/v2\/product_brand?post=5265"},{"taxonomy":"product_cat","embeddable":true,"href":"https:\/\/displayproducts.eu\/lv\/wp-json\/wp\/v2\/product_cat?post=5265"},{"taxonomy":"product_tag","embeddable":true,"href":"https:\/\/displayproducts.eu\/lv\/wp-json\/wp\/v2\/product_tag?post=5265"}],"curies":[{"name":"wp","href":"https:\/\/api.w.org\/{rel}","templated":true}]}}