{"id":5260,"date":"2025-10-23T23:07:40","date_gmt":"2025-10-23T20:07:40","guid":{"rendered":"https:\/\/wristbandfactory.eu\/?post_type=product&#038;p=5260"},"modified":"2026-04-01T21:52:04","modified_gmt":"2026-04-01T18:52:04","slug":"promotional-hawaiian-necklaces-polyester","status":"publish","type":"product","link":"https:\/\/displayproducts.eu\/lv\/p\/promotional-hawaiian-necklaces-polyester\/","title":{"rendered":"Rekl\u0101mas Havaju kaklarotas (poliesters)"},"content":{"rendered":"<p>P\u0101rsniedziet standarta pas\u0101kumu aksesu\u0101ru robe\u017eas ar m\u016bsu rekl\u0101mas Havaju salu kaklarot\u0101m. \u0160\u012bs poliestera lei kaklarotas ir ide\u0101ls un l\u0113ts risin\u0101jums, lai vasaras akcij\u0101m, festiv\u0101liem vai tropu tematikas korporat\u012bvajiem pas\u0101kumiem pievienotu spilgtu, tematisku z\u012bmolu, nodro\u0161inot, ka j\u016bsu pas\u0101kums paliks neaizmirstams.<\/p>\n<p>Katra lei ir izgatavota no m\u012bksta, viegla poliestera materi\u0101la, kas rad\u012bts komfortam un labai redzam\u012bbai. Iztur\u012bgais, daudzkr\u0101sainais varav\u012bksnes dizains rada sv\u0113tku izskatu, kas neapslogos viesus. Tie ir ide\u0101la izv\u0113le pas\u0101kumu organizatoriem, kuriem nepiecie\u0161ams liels daudzums tematisku aksesu\u0101ru pludmales ball\u012bt\u0113m, tirdzniec\u012bbas izst\u0101d\u0113m vai liela m\u0113roga svin\u012bb\u0101m.<\/p>\n<p><b>Galven\u0101s iez\u012bmes:<\/b><\/p>\n<ul>\n<li>Izgatavots no m\u012bksta, viegla poliestera materi\u0101la<\/li>\n<li>Spilgts, daudzkr\u0101sains varav\u012bksnes ziedu dizains<\/li>\n<li>\u0112rti valk\u0101jami visas dienas garum\u0101 pas\u0101kumos<\/li>\n<li>Ide\u0101li piem\u0113rots tematisk\u0101m ball\u012bt\u0113m, festiv\u0101liem un rekl\u0101mas pas\u0101kumiem<\/li>\n<li>Pieg\u0101d\u0101ts vairum\u0101 lieliem pas\u016bt\u012bjumiem<\/li>\n<\/ul>\n<p>&nbsp;<\/p>","protected":false},"excerpt":{"rendered":"<ul>\n<li>T\u016bl\u012bt\u0113ji padariet korporat\u012bv\u0101s ball\u012btes, tirdzniec\u012bbas izst\u0101des vai festiv\u0101lus gai\u0161\u0101kus.<\/li>\n<li>Rakstur\u012bgs spilgts, daudzkr\u0101su varav\u012bksnes poliestera ziedu dizains.<\/li>\n<li>Viegls un \u0113rts valk\u0101\u0161anai visas dienas garum\u0101 apmekl\u0113t\u0101jiem.<\/li>\n<li>Pieejams lielos daudzumos lieliem pas\u0101kumiem.<\/li>\n<li style=\"list-style-type: none;\"><\/li>\n<\/ul>","protected":false},"featured_media":6663,"comment_status":"closed","ping_status":"closed","template":"","meta":[],"product_brand":[],"product_cat":[129,120],"product_tag":[],"class_list":{"0":"post-5260","1":"product","2":"type-product","3":"status-publish","4":"has-post-thumbnail","6":"product_cat-leisure-lifestyle","7":"product_cat-themed-necklaces","9":"first","10":"instock","11":"shipping-taxable","12":"purchasable","13":"product-type-simple"},"_links":{"self":[{"href":"https:\/\/displayproducts.eu\/lv\/wp-json\/wp\/v2\/product\/5260","targetHints":{"allow":["GET"]}}],"collection":[{"href":"https:\/\/displayproducts.eu\/lv\/wp-json\/wp\/v2\/product"}],"about":[{"href":"https:\/\/displayproducts.eu\/lv\/wp-json\/wp\/v2\/types\/product"}],"replies":[{"embeddable":true,"href":"https:\/\/displayproducts.eu\/lv\/wp-json\/wp\/v2\/comments?post=5260"}],"wp:featuredmedia":[{"embeddable":true,"href":"https:\/\/displayproducts.eu\/lv\/wp-json\/wp\/v2\/media\/6663"}],"wp:attachment":[{"href":"https:\/\/displayproducts.eu\/lv\/wp-json\/wp\/v2\/media?parent=5260"}],"wp:term":[{"taxonomy":"product_brand","embeddable":true,"href":"https:\/\/displayproducts.eu\/lv\/wp-json\/wp\/v2\/product_brand?post=5260"},{"taxonomy":"product_cat","embeddable":true,"href":"https:\/\/displayproducts.eu\/lv\/wp-json\/wp\/v2\/product_cat?post=5260"},{"taxonomy":"product_tag","embeddable":true,"href":"https:\/\/displayproducts.eu\/lv\/wp-json\/wp\/v2\/product_tag?post=5260"}],"curies":[{"name":"wp","href":"https:\/\/api.w.org\/{rel}","templated":true}]}}