{"id":5256,"date":"2025-10-23T16:41:54","date_gmt":"2025-10-23T13:41:54","guid":{"rendered":"https:\/\/wristbandfactory.eu\/?post_type=product&#038;p=5256"},"modified":"2026-04-01T21:52:04","modified_gmt":"2026-04-01T18:52:04","slug":"led-promotional-coasters-3-mode","status":"publish","type":"product","link":"https:\/\/displayproducts.eu\/lv\/p\/led-promotional-coasters-3-mode\/","title":{"rendered":"LED rekl\u0101mas palikt\u0146i (3 re\u017e\u012bmi)"},"content":{"rendered":"<p>Standarta dz\u0113rienu palikt\u0146i ir viegli ignor\u0113jami. M\u016bsu rekl\u0101mas LED dz\u0113rienu palikt\u0146i p\u0101rv\u0113r\u0161 katru galdu par izgaismotu rekl\u0101mu, piesaistot uzman\u012bbu korporat\u012bvajos pas\u0101kumos, tirdzniec\u012bbas izst\u0101d\u0113s un sponsor\u0113tos naktsdz\u012bves pas\u0101kumos.<\/p>\n<p>\u0160ie palikt\u0146i ir izgatavoti no iztur\u012bga akrila, un tiem ir 6 spilgtas daudzkr\u0101su gaismas diodes. Vienk\u0101r\u0161a poga uz pamatnes p\u0101rsl\u0113dzas starp trim at\u0161\u0137ir\u012bg\u0101m apgaismojuma poz\u012bcijam: fiks\u0113tu sp\u012bdumu, l\u0113nu mirgo\u0161anu un \u0101tru mirgo\u0161anu, nodro\u0161inot, ka j\u016bsu piel\u0101gotais z\u012bmols paliek redzams.<\/p>\n<p>Katram paliktnim ir pa\u0161l\u012bm\u0113jo\u0161a pamatne, kas \u013cauj to dro\u0161i piestiprin\u0101t pie jebkuras gl\u0101zes vai pudeles apak\u0161as. Tie tiek pieg\u0101d\u0101ti gatavi t\u016bl\u012bt\u0113jai izvieto\u0161anai j\u016bsu pas\u0101kum\u0101, un komplekt\u0101 ir iek\u013cautas divas pogas tipa baterijas. \u0160ie izgaismotie palikt\u0146i ir ide\u0101li piem\u0113roti vairum\u0101, lai uzlabotu z\u012bmola atpaz\u012bstam\u012bbu.<\/p>\n<p><b>Galven\u0101s iez\u012bmes:<\/b><\/p>\n<ul>\n<li>6 daudzkr\u0101su LED spilgtam apgaismojumam<\/li>\n<li>3 gaismas re\u017e\u012bmi: fiks\u0113ts, l\u0113ns mirgo\u0161anas re\u017e\u012bms un \u0101trs mirgo\u0161anas re\u017e\u012bms<\/li>\n<li>Pa\u0161l\u012bm\u0113jo\u0161a pamatne \u0113rtai uzkl\u0101\u0161anai uz dz\u0113rienu traukiem<\/li>\n<li>Iztur\u012bga akrila konstrukcija<\/li>\n<li>Darbojas ar vienk\u0101r\u0161u pamatnes pogu<\/li>\n<li>Komplekt\u0101 ietilpst 2 pogas tipa baterijas<\/li>\n<\/ul>","protected":false},"excerpt":{"rendered":"<ul>\n<li>Izceliet savu z\u012bmolu produktu prezent\u0101cij\u0101s, tirdzniec\u012bbas izst\u0101d\u0113s vai festiv\u0101los.<\/li>\n<li>Apr\u012bkots ar 3 daudzkr\u0101su gaismas re\u017e\u012bmiem: fiks\u0113tu, \u0101tru mirgo\u0161anu un l\u0113nu mirgo\u0161anu.<\/li>\n<li>Pa\u0161l\u012bm\u0113jo\u0161\u0101 pamatne piel\u012bp tie\u0161i pie gl\u0101\u017eu vai pude\u013cu pamatnes.<\/li>\n<li>Pieg\u0101d\u0101ts gatavs lieto\u0161anai, komplekt\u0101 iek\u013cautas divas pogas formas baterijas.<\/li>\n<\/ul>","protected":false},"featured_media":6543,"comment_status":"closed","ping_status":"closed","template":"","meta":[],"product_brand":[],"product_cat":[119],"product_tag":[],"class_list":{"0":"post-5256","1":"product","2":"type-product","3":"status-publish","4":"has-post-thumbnail","6":"product_cat-drinkware-accessories","8":"first","9":"instock","10":"shipping-taxable","11":"purchasable","12":"product-type-simple"},"_links":{"self":[{"href":"https:\/\/displayproducts.eu\/lv\/wp-json\/wp\/v2\/product\/5256","targetHints":{"allow":["GET"]}}],"collection":[{"href":"https:\/\/displayproducts.eu\/lv\/wp-json\/wp\/v2\/product"}],"about":[{"href":"https:\/\/displayproducts.eu\/lv\/wp-json\/wp\/v2\/types\/product"}],"replies":[{"embeddable":true,"href":"https:\/\/displayproducts.eu\/lv\/wp-json\/wp\/v2\/comments?post=5256"}],"wp:featuredmedia":[{"embeddable":true,"href":"https:\/\/displayproducts.eu\/lv\/wp-json\/wp\/v2\/media\/6543"}],"wp:attachment":[{"href":"https:\/\/displayproducts.eu\/lv\/wp-json\/wp\/v2\/media?parent=5256"}],"wp:term":[{"taxonomy":"product_brand","embeddable":true,"href":"https:\/\/displayproducts.eu\/lv\/wp-json\/wp\/v2\/product_brand?post=5256"},{"taxonomy":"product_cat","embeddable":true,"href":"https:\/\/displayproducts.eu\/lv\/wp-json\/wp\/v2\/product_cat?post=5256"},{"taxonomy":"product_tag","embeddable":true,"href":"https:\/\/displayproducts.eu\/lv\/wp-json\/wp\/v2\/product_tag?post=5256"}],"curies":[{"name":"wp","href":"https:\/\/api.w.org\/{rel}","templated":true}]}}