{"id":5254,"date":"2025-10-23T16:34:48","date_gmt":"2025-10-23T13:34:48","guid":{"rendered":"https:\/\/wristbandfactory.eu\/?post_type=product&#038;p=5254"},"modified":"2026-04-01T21:52:04","modified_gmt":"2026-04-01T18:52:04","slug":"promotional-led-event-cups-340ml","status":"publish","type":"product","link":"https:\/\/displayproducts.eu\/lv\/p\/promotional-led-event-cups-340ml\/","title":{"rendered":"Rekl\u0101mas LED pas\u0101kumu kr\u016bz\u012btes (340 ml)"},"content":{"rendered":"<p>Padariet savu n\u0101kamo korporat\u012bvo pas\u0101kumu, festiv\u0101lu vai produktu prezent\u0101ciju no parasta l\u012bdz neaizmirstamam. M\u016bsu LED pas\u0101kumu kr\u016bz\u012btes ir dinamisks z\u012bmola veido\u0161anas r\u012bks, kas paredz\u0113ts, lai piesaist\u012btu uzman\u012bbu un izgaismotu j\u016bsu logotipu, nodro\u0161inot, ka j\u016bsu z\u012bmols ir svin\u012bbu centr\u0101.<\/p>\n<p>\u0160\u012bs 340 ml kr\u016bzes, kas izgatavotas no iztur\u012bga PS materi\u0101la, ir apr\u012bkotas ar ieb\u016bv\u0113t\u0101m daudzkr\u0101su LED gaism\u0101m, kuras aktiviz\u0113 ar vienk\u0101r\u0161u pogu pamatn\u0113. Izv\u0113lieties starp fiks\u0113tu gaismu vai mirgo\u0161anas re\u017e\u012bmu, lai tas atbilstu j\u016bsu pas\u0101kuma ener\u0123ijai. T\u0101s ir ide\u0101ls, iespaid\u012bgs rekl\u0101mas materi\u0101ls koncertiem, naktsklubiem, tirdzniec\u012bbas izst\u0101d\u0113m un priv\u0101t\u0101m ball\u012bt\u0113m, pied\u0101v\u0101jot unik\u0101lu veidu, k\u0101 pasniegt dz\u0113rienus un demonstr\u0113t savu z\u012bmolu. Katra kr\u016bze ir apr\u012bkota ar baterij\u0101m un atsevi\u0161\u0137i iepakota kraftkast\u0113, gatava izplat\u012b\u0161anai.<\/p>\n<p><b>Galven\u0101s iez\u012bmes:<\/b><\/p>\n<ul>\n<li>Tilpums: 340 ml<\/li>\n<li>Materi\u0101ls: PS plastmasa<\/li>\n<li>Apgaismojums: daudzkr\u0101sainas gaismas diodes ar 2 re\u017e\u012bmiem (fiks\u0113ts un mirgojo\u0161s)<\/li>\n<li>Aktiviz\u0113\u0161ana: Poga uz pamatnes<\/li>\n<li>Baro\u0161ana: Pogas baterijas iek\u013cautas komplekt\u0101<\/li>\n<li>Iepakojums: Individu\u0101li iepakots kraft dizaina kast\u012bt\u0113<\/li>\n<\/ul>\n<p>&nbsp;<\/p>","protected":false},"excerpt":{"rendered":"<ul>\n<li>Izceliet savu z\u012bmolu korporat\u012bvajos pas\u0101kumos un festiv\u0101los.<\/li>\n<li>Apr\u012bkots ar fiks\u0113tiem un mirgojo\u0161iem daudzkr\u0101su LED re\u017e\u012bmiem.<\/li>\n<li>Iztur\u012bgs PS materi\u0101ls (340 ml); baterijas iek\u013cautas komplekt\u0101.<\/li>\n<li>Pieg\u0101d\u0101ts vairum\u0101 gatav\u0101s atsevi\u0161\u0137\u0101s kraftpap\u012bra kast\u0113s.<\/li>\n<\/ul>","protected":false},"featured_media":6590,"comment_status":"closed","ping_status":"closed","template":"","meta":[],"product_brand":[],"product_cat":[111],"product_tag":[],"class_list":{"0":"post-5254","1":"product","2":"type-product","3":"status-publish","4":"has-post-thumbnail","6":"product_cat-reusable-event-cups","8":"first","9":"instock","10":"shipping-taxable","11":"product-type-simple"},"_links":{"self":[{"href":"https:\/\/displayproducts.eu\/lv\/wp-json\/wp\/v2\/product\/5254","targetHints":{"allow":["GET"]}}],"collection":[{"href":"https:\/\/displayproducts.eu\/lv\/wp-json\/wp\/v2\/product"}],"about":[{"href":"https:\/\/displayproducts.eu\/lv\/wp-json\/wp\/v2\/types\/product"}],"replies":[{"embeddable":true,"href":"https:\/\/displayproducts.eu\/lv\/wp-json\/wp\/v2\/comments?post=5254"}],"wp:featuredmedia":[{"embeddable":true,"href":"https:\/\/displayproducts.eu\/lv\/wp-json\/wp\/v2\/media\/6590"}],"wp:attachment":[{"href":"https:\/\/displayproducts.eu\/lv\/wp-json\/wp\/v2\/media?parent=5254"}],"wp:term":[{"taxonomy":"product_brand","embeddable":true,"href":"https:\/\/displayproducts.eu\/lv\/wp-json\/wp\/v2\/product_brand?post=5254"},{"taxonomy":"product_cat","embeddable":true,"href":"https:\/\/displayproducts.eu\/lv\/wp-json\/wp\/v2\/product_cat?post=5254"},{"taxonomy":"product_tag","embeddable":true,"href":"https:\/\/displayproducts.eu\/lv\/wp-json\/wp\/v2\/product_tag?post=5254"}],"curies":[{"name":"wp","href":"https:\/\/api.w.org\/{rel}","templated":true}]}}