{"id":5247,"date":"2025-10-22T14:14:30","date_gmt":"2025-10-22T11:14:30","guid":{"rendered":"https:\/\/wristbandfactory.eu\/?post_type=product&#038;p=5247"},"modified":"2026-04-01T21:52:35","modified_gmt":"2026-04-01T18:52:35","slug":"elastic-fabric-wristbands","status":"publish","type":"product","link":"https:\/\/displayproducts.eu\/lv\/p\/elastic-fabric-wristbands\/","title":{"rendered":"Elast\u012bgas auduma aproces"},"content":{"rendered":"<p data-path-to-node=\"8\">Pied\u0101v\u0101jiet saviem apmekl\u0113t\u0101jiem maksim\u0101lu \u0113rt\u012bbu un komfortu ar m\u016bsu elast\u012bgaj\u0101m auduma aproc\u0113m. T\u0101s ir izgatavotas no augst\u0101k\u0101s kvalit\u0101tes, m\u012bksta, elast\u012bga materi\u0101la un vienk\u0101r\u0161i uzvelkas p\u0101ri rokai uz plaukstas loc\u012btavas, piln\u012bb\u0101 nov\u0113r\u0161ot nepiecie\u0161am\u012bbu p\u0113c plastmasas sl\u0113dzenes vai aizdares.<\/p>\n<p data-path-to-node=\"9\">\u0160is \u201cvienas izm\u0113ru kombin\u0101cijas\u201d dizains vienk\u0101r\u0161o pas\u016bt\u012b\u0161anas un izplat\u012b\u0161anas procesu, padarot tos par perfektu un \u0113rtu risin\u0101jumu korporat\u012bvaj\u0101m akcij\u0101m, prec\u0113m un vair\u0101ku dienu pas\u0101kumiem, kur komforts ir galvenais.<\/p>\n<h3>Pilnkr\u0101su piel\u0101gots z\u012bmols<\/h3>\n<p data-path-to-node=\"11\">Visa josla ir k\u0101 tuk\u0161s audekls. M\u0113s izmantojam augstas iz\u0161\u0137irtsp\u0113jas sublim\u0101cijas druku no malas l\u012bdz malai, lai nodro\u0161in\u0101tu, ka j\u016bsu z\u012bmols ir spilgts, detaliz\u0113ts un neman\u0101mi integr\u0113ts m\u012bkstaj\u0101 audum\u0101.<\/p>\n<h3>Papildus pieejama vied\u0101 eti\u0137ete (QR un NFC)<\/h3>\n<p data-path-to-node=\"13\">Lai nodro\u0161in\u0101tu papildu funkcionalit\u0101ti, \u0161\u012bs elast\u012bg\u0101s aproces var apr\u012bkot ar piel\u0101gotu uzl\u012bmi. \u0160\u012b uzl\u012bme ir ide\u0101li piem\u0113rota unik\u0101la QR koda vai sv\u012btrkoda pievieno\u0161anai piek\u013cuvei vai pat NFC taga integr\u0113\u0161anai. Tas p\u0101rveido \u0113rtu aproci par jaud\u012bgu viedier\u012bci bezskaidras naudas maks\u0101jumiem vai digit\u0101lai mijiedarb\u012bbai.<\/p>\n<h3 data-path-to-node=\"14\">Galven\u0101s iez\u012bmes:<\/h3>\n<ul data-path-to-node=\"15\">\n<li>\n<p data-path-to-node=\"15,0,0\"><b>Materi\u0101ls:<\/b> Augstas kvalit\u0101tes, m\u012bksts, elast\u012bgs, stiepjams audums.<\/p>\n<\/li>\n<li>\n<p data-path-to-node=\"15,1,0\"><b>Piem\u0113rots:<\/b> Viens izm\u0113rs der vairumam, stiepjas atbilsto\u0161i izm\u0113ram.<\/p>\n<\/li>\n<li>\n<p data-path-to-node=\"15,2,0\"><b>Sl\u0113g\u0161ana:<\/b> Nav nepiecie\u0161ama aizdare; \u0113rts uzvelkams dizains.<\/p>\n<\/li>\n<li>\n<p data-path-to-node=\"15,3,0\"><b>Druk\u0101\u0161ana:<\/b> Pilnkr\u0101su, augstas iz\u0161\u0137irtsp\u0113jas sublim\u0101cija (no malas l\u012bdz malai).<\/p>\n<\/li>\n<li>\n<p data-path-to-node=\"15,4,0\"><b>Vied\u0101s tehnolo\u0123ijas opcija:<\/b> Var apr\u012bkot ar piel\u0101gotu uzl\u012bmi QR kodiem vai NFC tagiem.<\/p>\n<\/li>\n<li>\n<p data-path-to-node=\"15,5,0\"><b>Ide\u0101li piem\u0113rots:<\/b> Akcijas, preces, festiv\u0101li un \u0113rta lieto\u0161ana vair\u0101kas dienas.<\/p>\n<\/li>\n<\/ul>","protected":false},"excerpt":{"rendered":"<ul>\n<li>\n<p data-path-to-node=\"7,0,0\"><b>Maksim\u0101ls komforts:<\/b> Izgatavots no m\u012bksta, elast\u012bga, viena izm\u0113ra auduma.<\/p>\n<\/li>\n<li>\n<p data-path-to-node=\"7,1,0\"><b>Nav nepiecie\u0161ama sl\u0113dzene:<\/b> Viegli uzvelkams, nov\u0113r\u0161ot jebk\u0101du plastmasas aizdari.<\/p>\n<\/li>\n<li>\n<p data-path-to-node=\"7,2,0\"><b>Spilgts z\u012bmols:<\/b> Piln\u012bb\u0101 piel\u0101gojams ar pilnkr\u0101su sublim\u0101cijas druku no malas l\u012bdz malai.<\/p>\n<\/li>\n<li>\n<p data-path-to-node=\"7,3,0\"><b>Vied\u0101 opcija:<\/b> Var apr\u012bkot ar piel\u0101gotu uzl\u012bmi QR kodiem, sv\u012btrkodiem vai NFC tagiem.<\/p>\n<\/li>\n<\/ul>","protected":false},"featured_media":6382,"comment_status":"closed","ping_status":"closed","template":"","meta":[],"product_brand":[],"product_cat":[47],"product_tag":[],"class_list":{"0":"post-5247","1":"product","2":"type-product","3":"status-publish","4":"has-post-thumbnail","6":"product_cat-fabric-wristbands","8":"first","9":"instock","10":"shipping-taxable","11":"purchasable","12":"product-type-simple"},"_links":{"self":[{"href":"https:\/\/displayproducts.eu\/lv\/wp-json\/wp\/v2\/product\/5247","targetHints":{"allow":["GET"]}}],"collection":[{"href":"https:\/\/displayproducts.eu\/lv\/wp-json\/wp\/v2\/product"}],"about":[{"href":"https:\/\/displayproducts.eu\/lv\/wp-json\/wp\/v2\/types\/product"}],"replies":[{"embeddable":true,"href":"https:\/\/displayproducts.eu\/lv\/wp-json\/wp\/v2\/comments?post=5247"}],"wp:featuredmedia":[{"embeddable":true,"href":"https:\/\/displayproducts.eu\/lv\/wp-json\/wp\/v2\/media\/6382"}],"wp:attachment":[{"href":"https:\/\/displayproducts.eu\/lv\/wp-json\/wp\/v2\/media?parent=5247"}],"wp:term":[{"taxonomy":"product_brand","embeddable":true,"href":"https:\/\/displayproducts.eu\/lv\/wp-json\/wp\/v2\/product_brand?post=5247"},{"taxonomy":"product_cat","embeddable":true,"href":"https:\/\/displayproducts.eu\/lv\/wp-json\/wp\/v2\/product_cat?post=5247"},{"taxonomy":"product_tag","embeddable":true,"href":"https:\/\/displayproducts.eu\/lv\/wp-json\/wp\/v2\/product_tag?post=5247"}],"curies":[{"name":"wp","href":"https:\/\/api.w.org\/{rel}","templated":true}]}}