{"id":5242,"date":"2025-10-22T14:03:08","date_gmt":"2025-10-22T11:03:08","guid":{"rendered":"https:\/\/wristbandfactory.eu\/?post_type=product&#038;p=5242"},"modified":"2026-04-01T21:52:35","modified_gmt":"2026-04-01T18:52:35","slug":"pu-leather-wristbands","status":"publish","type":"product","link":"https:\/\/displayproducts.eu\/lv\/p\/pu-leather-wristbands\/","title":{"rendered":"M\u0101ksl\u012bg\u0101s \u0101das aproces"},"content":{"rendered":"<p>Pied\u0101v\u0101jiet saviem viesiem patiesi augst\u0101k\u0101s klases pieredzi. M\u016bsu PU \u0101das aproces nodro\u0161ina \u012bstas \u0101das izsmalcin\u0101tu izskatu un saj\u016btu, nosakot augstu standartu j\u016bsu pas\u0101kumam, VIP zonai vai produktu prezent\u0101cijai. T\u0101s ir lieliska izv\u0113le klientiem, kuri v\u0113las apvienot stilu ar dro\u0161u piek\u013cuves kontroli.<\/p>\n<p>\u0160\u012bs aproces, kas izgatavotas no augstas kvalit\u0101tes poliuret\u0101na (PU) \u0101das, ir stil\u012bga un dz\u012bvniekiem draudz\u012bga (veg\u0101niska) alternat\u012bva tradicion\u0101lajai \u0101dai. T\u0101s ir \u0113rtas valk\u0101\u0161anai, tom\u0113r pietiekami iztur\u012bgas, lai kalpotu jebkura pas\u0101kuma laik\u0101. Gluda virsma ir lielisks j\u016bsu z\u012bmola audekls, ko var apdruk\u0101t vai iespiest, lai ieg\u016btu smalku, elegantu apdari. \u0160\u012bm aproc\u0113m parasti ir dro\u0161s, vienreiz lietojams aizdares meh\u0101nisms, kas nodro\u0161ina, ka t\u0101s ir dro\u0161as pret viltojumiem un ide\u0101li piem\u0113rotas piek\u013cuves p\u0101rvald\u012bbai.<\/p>\n<p><b>Galven\u0101s iez\u012bmes:<\/b><\/p>\n<ul>\n<li><b>Materi\u0101ls:<\/b> Augstas kvalit\u0101tes PU \u0101da (veg\u0101niem piem\u0113rota)<\/li>\n<li><b>Izskats:<\/b> Elegants, profesion\u0101ls un augst\u0101k\u0101s klases<\/li>\n<li><b>Piel\u0101go\u0161ana:<\/b> Ide\u0101li piem\u0113rots logotipu druk\u0101\u0161anai vai reljefa veido\u0161anai<\/li>\n<li><b>Sl\u0113g\u0161ana:<\/b> Dro\u0161a, vienreizlietojama aizdare pas\u0101kumu kontrolei<\/li>\n<li><b>Ide\u0101li piem\u0113rots:<\/b> VIP zonas, korporat\u012bvie pas\u0101kumi, produktu prezent\u0101cijas un viesm\u012bl\u012bba<\/li>\n<\/ul>\n<p>&nbsp;<\/p>","protected":false},"excerpt":{"rendered":"<ul>\n<li>Pied\u0101v\u0101 \u012bstas \u0101das izsmalcin\u0101tu izskatu un saj\u016btu.<\/li>\n<li>Iztur\u012bgs, \u016bdensnecaurlaid\u012bgs un \u0113rts ilgsto\u0161ai valk\u0101\u0161anai.<\/li>\n<li>Lieliski piem\u0113rots VIP ieejai, korporat\u012bvaj\u0101m ball\u012bt\u0113m un premium z\u012bmola rekl\u0101mai.<\/li>\n<\/ul>\n<p>&nbsp;<\/p>","protected":false},"featured_media":6428,"comment_status":"closed","ping_status":"closed","template":"","meta":[],"product_brand":[],"product_cat":[117],"product_tag":[],"class_list":{"0":"post-5242","1":"product","2":"type-product","3":"status-publish","4":"has-post-thumbnail","6":"product_cat-leather-wristbands","8":"first","9":"instock","10":"shipping-taxable","11":"purchasable","12":"product-type-simple"},"_links":{"self":[{"href":"https:\/\/displayproducts.eu\/lv\/wp-json\/wp\/v2\/product\/5242","targetHints":{"allow":["GET"]}}],"collection":[{"href":"https:\/\/displayproducts.eu\/lv\/wp-json\/wp\/v2\/product"}],"about":[{"href":"https:\/\/displayproducts.eu\/lv\/wp-json\/wp\/v2\/types\/product"}],"replies":[{"embeddable":true,"href":"https:\/\/displayproducts.eu\/lv\/wp-json\/wp\/v2\/comments?post=5242"}],"wp:featuredmedia":[{"embeddable":true,"href":"https:\/\/displayproducts.eu\/lv\/wp-json\/wp\/v2\/media\/6428"}],"wp:attachment":[{"href":"https:\/\/displayproducts.eu\/lv\/wp-json\/wp\/v2\/media?parent=5242"}],"wp:term":[{"taxonomy":"product_brand","embeddable":true,"href":"https:\/\/displayproducts.eu\/lv\/wp-json\/wp\/v2\/product_brand?post=5242"},{"taxonomy":"product_cat","embeddable":true,"href":"https:\/\/displayproducts.eu\/lv\/wp-json\/wp\/v2\/product_cat?post=5242"},{"taxonomy":"product_tag","embeddable":true,"href":"https:\/\/displayproducts.eu\/lv\/wp-json\/wp\/v2\/product_tag?post=5242"}],"curies":[{"name":"wp","href":"https:\/\/api.w.org\/{rel}","templated":true}]}}