{"id":5234,"date":"2025-10-22T13:43:36","date_gmt":"2025-10-22T10:43:36","guid":{"rendered":"https:\/\/wristbandfactory.eu\/?post_type=product&#038;p=5234"},"modified":"2026-04-01T21:52:04","modified_gmt":"2026-04-01T18:52:04","slug":"custom-charm-wristbands","status":"publish","type":"product","link":"https:\/\/displayproducts.eu\/lv\/p\/custom-charm-wristbands\/","title":{"rendered":"Piel\u0101gotas \u0161armu aproces"},"content":{"rendered":"<p>Paaugstiniet sava z\u012bmola atpaz\u012bstam\u012bbu vai atz\u012bm\u0113jiet \u012bpa\u0161u notikumu ar m\u016bsu piln\u012bb\u0101 piel\u0101gojam\u0101m piekari\u0146u aproc\u0113m. \u0160\u012bs aproces ir ide\u0101ls B2B risin\u0101jums augstas kvalit\u0101tes, pievilc\u012bgu pre\u010du rad\u012b\u0161anai suven\u012bru veikaliem, kru\u012bza l\u012bnij\u0101m, korporat\u012bvajiem pas\u0101kumiem vai unik\u0101l\u0101m rekl\u0101mas d\u0101van\u0101m.<\/p>\n<p>M\u0113s \u012bstenojam j\u016bsu v\u012bziju. J\u016bs varat izveidot piln\u012bgi unik\u0101lu met\u0101la vai emaljas piekari\u0146u, balstoties uz sava uz\u0146\u0113muma logotipu, talismanu vai kampa\u0146as t\u0113mu. Izv\u0113lieties aukli\u0146as kr\u0101su un stilu \u2014 no vienk\u0101r\u0161\u0101m aukli\u0146\u0101m l\u012bdz sare\u017e\u0123\u012btiem mezgliem \u2014 un pievienojiet dekorat\u012bvas p\u0113rl\u012btes, piem\u0113ram, glieme\u017ev\u0101kus, burtus vai met\u0101la elementus, lai tie atbilstu j\u016bsu z\u012bmola est\u0113tikai.<\/p>\n<p>\u0160\u012b daudzpus\u012bba padara tos ide\u0101li piem\u0113rotus jebkurai m\u0113r\u0137auditorijai. M\u0113s pat varam izveidot \u201cLab\u0101ko draugu\u201d vai atbilsto\u0161u partneru komplektus, kas ir ide\u0101li piem\u0113roti t\u016brisma objektiem vai fanu prec\u0113m. Katrs komplekts tiek pieg\u0101d\u0101ts uz individu\u0101li apdruk\u0101tas pamatkartes, piln\u012bb\u0101 z\u012bmola un gatavs mazumtirdzniec\u012bbas izvieto\u0161anai.<\/p>\n<p><b>Galven\u0101s iez\u012bmes:<\/b><\/p>\n<ul>\n<li><b>Piel\u0101goti logotipa piekari\u0146i:<\/b> M\u0113s izgatavojam augstas kvalit\u0101tes emaljas vai met\u0101la piekari\u0146us p\u0113c j\u016bsu dizaina.<\/li>\n<li><b>Piln\u012bga piel\u0101go\u0161ana:<\/b> Izv\u0113lies aukli\u0146as kr\u0101sas, rokasspr\u0101dzes stilu un dekorat\u012bv\u0101s p\u0113rl\u012btes (piem\u0113ram, glieme\u017ev\u0101ki, met\u0101liskas).<\/li>\n<li><b>Mazumtirdzniec\u012bbai gatavs iepakojums:<\/b> Rokasspr\u0101dzes tiek pieg\u0101d\u0101tas uz \u012bpa\u0161i izstr\u0101d\u0101ta pamatkartes iepakojuma, kas ir gatavs izlik\u0161anai apskatei.<\/li>\n<li><b>Daudzpus\u012bgas preces:<\/b> Ide\u0101li piem\u0113rots suven\u012bru veikaliem, t\u016brisma objektiem, z\u012bmolu sadarb\u012bbai un pas\u0101kumiem.<\/li>\n<li><b>Atbilsto\u0161i komplekti:<\/b> Iesp\u0113ja izveidot \u201cLab\u0101kos draugus\u201d vai atbilsto\u0161us komplektus uz vienas kart\u012btes.<\/li>\n<li><b>Regul\u0113jama piegriezne:<\/b> Izstr\u0101d\u0101ts ar regul\u0113jamiem mezgliem, lai der\u0113tu pla\u0161am klientu lokam.<\/li>\n<\/ul>","protected":false},"excerpt":{"rendered":"<ul>\n<li>Izveidojiet unik\u0101las aproces ar saviem piel\u0101gotajiem logotipa piekari\u0146iem.<\/li>\n<li>Izv\u0113lieties no da\u017e\u0101d\u0101m auklu kr\u0101s\u0101m, p\u0113rl\u012bt\u0113m un stiliem.<\/li>\n<li>Ide\u0101li piem\u0113rots firmas prec\u0113m, suven\u012bru veikaliem vai \u012bpa\u0161iem pas\u0101kumiem.<\/li>\n<li>Pieg\u0101d\u0101ts uz individu\u0101li apdruk\u0101t\u0101m pamatkart\u0113m, lai nodro\u0161in\u0101tu mazumtirdzniec\u012bbai gatavu apdari.<\/li>\n<\/ul>","protected":false},"featured_media":6680,"comment_status":"closed","ping_status":"closed","template":"","meta":[],"product_brand":[],"product_cat":[122],"product_tag":[],"class_list":{"0":"post-5234","1":"product","2":"type-product","3":"status-publish","4":"has-post-thumbnail","6":"product_cat-promotional-accessories","8":"first","9":"instock","10":"shipping-taxable","11":"product-type-simple"},"_links":{"self":[{"href":"https:\/\/displayproducts.eu\/lv\/wp-json\/wp\/v2\/product\/5234","targetHints":{"allow":["GET"]}}],"collection":[{"href":"https:\/\/displayproducts.eu\/lv\/wp-json\/wp\/v2\/product"}],"about":[{"href":"https:\/\/displayproducts.eu\/lv\/wp-json\/wp\/v2\/types\/product"}],"replies":[{"embeddable":true,"href":"https:\/\/displayproducts.eu\/lv\/wp-json\/wp\/v2\/comments?post=5234"}],"wp:featuredmedia":[{"embeddable":true,"href":"https:\/\/displayproducts.eu\/lv\/wp-json\/wp\/v2\/media\/6680"}],"wp:attachment":[{"href":"https:\/\/displayproducts.eu\/lv\/wp-json\/wp\/v2\/media?parent=5234"}],"wp:term":[{"taxonomy":"product_brand","embeddable":true,"href":"https:\/\/displayproducts.eu\/lv\/wp-json\/wp\/v2\/product_brand?post=5234"},{"taxonomy":"product_cat","embeddable":true,"href":"https:\/\/displayproducts.eu\/lv\/wp-json\/wp\/v2\/product_cat?post=5234"},{"taxonomy":"product_tag","embeddable":true,"href":"https:\/\/displayproducts.eu\/lv\/wp-json\/wp\/v2\/product_tag?post=5234"}],"curies":[{"name":"wp","href":"https:\/\/api.w.org\/{rel}","templated":true}]}}