{"id":5224,"date":"2025-10-21T12:20:54","date_gmt":"2025-10-21T09:20:54","guid":{"rendered":"https:\/\/wristbandfactory.eu\/?post_type=product&#038;p=5224"},"modified":"2026-04-01T21:52:35","modified_gmt":"2026-04-01T18:52:35","slug":"tricolor-silicone-wristbands","status":"publish","type":"product","link":"https:\/\/displayproducts.eu\/lv\/p\/tricolor-silicone-wristbands\/","title":{"rendered":"Tr\u012bskr\u0101sainas silikona aproces"},"content":{"rendered":"<p>Palieliniet sava z\u012bmola atpaz\u012bstam\u012bbu ar m\u016bsu piel\u0101gotaj\u0101m tr\u012bskr\u0101su silikona aproc\u0113m. \u0160\u012bm aproc\u0113m ir tr\u012bs atsevi\u0161\u0137i kr\u0101su segmenti, kas salieti vien\u0101 viengabalain\u0101 aproc\u0113, pied\u0101v\u0101jot izteiksm\u012bgu, kontrastainu izskatu, ko vienkr\u0101sainas aproces nevar pied\u0101v\u0101t.<\/p>\n<p>\u0160\u012bs segment\u0113t\u0101s aproces ir sp\u0113c\u012bgs instruments pas\u0101kumu organizatoriem, m\u0101rketinga vad\u012bt\u0101jiem un organiz\u0101cij\u0101m. Izmantojiet t\u0101s, lai att\u0113lotu sava z\u012bmola kr\u0101sas, atbalst\u012btu k\u0101du m\u0113r\u0137i vai atbilstu konkr\u0113tai pas\u0101kuma t\u0113mai. Katru aproci m\u0113s izgatavojam no augstas kvalit\u0101tes, nealer\u0123iska silikona 100%, lai nodro\u0161in\u0101tu ilgsto\u0161u komfortu un iztur\u012bbu.<\/p>\n<p>J\u016bsu logotips vai zi\u0146ojums tiek prec\u012bzi iespiests (iegremd\u0113ts) aproces josl\u0101 un p\u0113c tam aizpild\u012bts ar vienu kontrast\u0113jo\u0161u Pantone kr\u0101su. \u0160\u012b inkrust\u0101cijas metode nodro\u0161ina, ka j\u016bsu dizains ir pasarg\u0101ts no nodiluma, garant\u0113jot ilgsto\u0161u z\u012bmola atpaz\u012bstam\u012bbu. M\u0113s varam izgatavot \u0161\u012bs aproces jebkur\u0101 izm\u0113r\u0101, tostarp standarta pieaugu\u0161o (202 mm), jaunie\u0161u vai maz\u0101ku b\u0113rnu izm\u0113ros, lai t\u0101s prec\u012bzi atbilstu j\u016bsu auditorijai.<\/p>\n<blockquote><p><b>Ra\u017eo\u0161anas piez\u012bme:<\/b> \u0160\u012bs aproces tiek izgatavotas, savienojot da\u017e\u0101du kr\u0101su silikona sekcijas. \u0160\u012b form\u0113\u0161anas procesa d\u0113\u013c robe\u017el\u012bnija starp kr\u0101s\u0101m nevar b\u016bt piln\u012bgi taisna, un taj\u0101s notiks dabiska kr\u0101su sajauk\u0161an\u0101s vai sapl\u016b\u0161ana.<\/p><\/blockquote>\n<p><b>Galven\u0101s iez\u012bmes:<\/b><\/p>\n<ul>\n<li><b>Ietekm\u012bgs tr\u012bskr\u0101su dizains:<\/b> Tr\u012bs at\u0161\u0137ir\u012bgi kr\u0101su segmenti, kas salikti kop\u0101, lai rad\u012btu izteiksm\u012bgu z\u012bmola v\u0113st\u012bjumu.<\/li>\n<li><b>Iztur\u012bgs ielikt\u0146a logotips:<\/b> J\u016bsu dizains ir iegrav\u0113ts (iegremd\u0113ts) un aizpild\u012bts ar vienkr\u0101sainu inkrust\u0101ciju, nodro\u0161inot, ka tas neizbal\u0113s un nenodils.<\/li>\n<li><b>Piln\u012bga Pantone atbilst\u012bba:<\/b> Piel\u0101gojiet visus tr\u012bs segmentus un logotipu, aizpildot to ar tie\u0161i j\u016bsu z\u012bmola Pantone kr\u0101s\u0101m.<\/li>\n<li><b>100% kvalit\u0101tes silikons:<\/b> Izgatavots no iztur\u012bga, elast\u012bga, alerg\u0113nu nerado\u0161a silikona (<span class=\"math-inline\" data-math=\"100\\\\%\">$100\\\\%$<\/span> elast\u012bgs, iztur\u012bgs silikons) ilgsto\u0161am komfortam.<\/li>\n<li><b>Daudzpus\u012bgs izm\u0113ru piel\u0101go\u0161anas veids:<\/b> Pieejams standarta pieaugu\u0161o izm\u0113r\u0101 (202 * 12) <span class=\"math-inline\" data-math=\"\\times\">*<\/span>\u00a02 mm), jaunie\u0161u un piel\u0101goti b\u0113rnu izm\u0113ri.<\/li>\n<\/ul>","protected":false},"excerpt":{"rendered":"<ul>\n<li>Tr\u012bs at\u0161\u0137ir\u012bgi, iespaid\u012bgi kr\u0101su segmenti izteiksm\u012bgam izskatam.<\/li>\n<li>Iztur\u012bgs iespiests (iegremd\u0113ts) logotips ar vienkr\u0101sainu pild\u012bjumu, kas nenodils.<\/li>\n<li>Piln\u012bb\u0101 piel\u0101gojams j\u016bsu organiz\u0101cijas Pantone kr\u0101s\u0101m.<\/li>\n<li>Pieejams pieaugu\u0161o, jaunie\u0161u un b\u0113rnu izm\u0113ros, lai tas b\u016btu piem\u0113rots jebkurai pas\u0101kuma auditorijai.<\/li>\n<li><\/li>\n<\/ul>","protected":false},"featured_media":5974,"comment_status":"closed","ping_status":"closed","template":"","meta":[],"product_brand":[],"product_cat":[49],"product_tag":[],"class_list":{"0":"post-5224","1":"product","2":"type-product","3":"status-publish","4":"has-post-thumbnail","6":"product_cat-silicone","8":"first","9":"instock","10":"shipping-taxable","11":"purchasable","12":"product-type-simple"},"_links":{"self":[{"href":"https:\/\/displayproducts.eu\/lv\/wp-json\/wp\/v2\/product\/5224","targetHints":{"allow":["GET"]}}],"collection":[{"href":"https:\/\/displayproducts.eu\/lv\/wp-json\/wp\/v2\/product"}],"about":[{"href":"https:\/\/displayproducts.eu\/lv\/wp-json\/wp\/v2\/types\/product"}],"replies":[{"embeddable":true,"href":"https:\/\/displayproducts.eu\/lv\/wp-json\/wp\/v2\/comments?post=5224"}],"wp:featuredmedia":[{"embeddable":true,"href":"https:\/\/displayproducts.eu\/lv\/wp-json\/wp\/v2\/media\/5974"}],"wp:attachment":[{"href":"https:\/\/displayproducts.eu\/lv\/wp-json\/wp\/v2\/media?parent=5224"}],"wp:term":[{"taxonomy":"product_brand","embeddable":true,"href":"https:\/\/displayproducts.eu\/lv\/wp-json\/wp\/v2\/product_brand?post=5224"},{"taxonomy":"product_cat","embeddable":true,"href":"https:\/\/displayproducts.eu\/lv\/wp-json\/wp\/v2\/product_cat?post=5224"},{"taxonomy":"product_tag","embeddable":true,"href":"https:\/\/displayproducts.eu\/lv\/wp-json\/wp\/v2\/product_tag?post=5224"}],"curies":[{"name":"wp","href":"https:\/\/api.w.org\/{rel}","templated":true}]}}