{"id":5218,"date":"2025-10-21T11:56:09","date_gmt":"2025-10-21T08:56:09","guid":{"rendered":"https:\/\/wristbandfactory.eu\/?post_type=product&#038;p=5218"},"modified":"2026-04-01T21:52:35","modified_gmt":"2026-04-01T18:52:35","slug":"remote-control-led-wristbands","status":"publish","type":"product","link":"https:\/\/displayproducts.eu\/lv\/p\/remote-control-led-wristbands\/","title":{"rendered":"Piel\u0101gotas t\u0101lvad\u012bbas LED aproces (RF un DMX)"},"content":{"rendered":"<p data-path-to-node=\"9\">P\u0101rveidojiet savu koncertu, festiv\u0101lu vai korporat\u012bvo pas\u0101kumu par neaizmirstamu gaismas \u0161ovu. M\u016bsu t\u0101lvad\u012bbas LED aproces sniedz iesp\u0113ju sinhroniz\u0113t katru viesi ar j\u016bsu m\u016bziku un programmu, radot iespaid\u012bgu, vienotu vizu\u0101lo pieredzi, kas veicina auditorijas iesaisti.<\/p>\n<p data-path-to-node=\"10\">\u0160is ir j\u016bsu centr\u0101lais centrs visiem m\u016bsu t\u0101lvad\u012bbas silikona un plastmasas apro\u010du mode\u013ciem. \u0160eit esam apkopoju\u0161i da\u017e\u0101dos stilus, lai pal\u012bdz\u0113tu jums izv\u0113l\u0113ties ide\u0101lu risin\u0101jumu atbilsto\u0161i j\u016bsu pas\u0101kuma tehniskaj\u0101m vajadz\u012bb\u0101m un bud\u017eetam.<\/p>\n<p data-path-to-node=\"11\">Visi mode\u013ci ir sader\u012bgi ar centr\u0101lo <strong><a href=\"https:\/\/displayproducts.eu\/lv\/p\/remote-dmx-controllers-for-led-wristbands\/\">T\u0101lvad\u012bbas pults un DMX kontrolieris<\/a><\/strong> kas tiek p\u0101rdots atsevi\u0161\u0137i m\u016bsu veikal\u0101 <strong><a href=\"https:\/\/displayproducts.eu\/lv\/c\/event-supplies\/\">Pas\u0101kumu piederumi<\/a><\/strong> kategorija. \u0160is kontrolieris \u013cauj vienam operatoram vienlaikus main\u012bt LED kr\u0101sas un mirgo\u0161anas re\u017e\u012bmus vis\u0101m aproc\u0113m norises viet\u0101.<\/p>\n<h3>Izv\u0113lieties savu t\u0101lvad\u012bbas modeli<\/h3>\n<p data-path-to-node=\"13\">Izv\u0113lieties konkr\u0113to modeli, pamatojoties uz j\u016bsu pas\u0101kuma pras\u012bb\u0101m attiec\u012bb\u0101 uz spilgtumu, akumulatora darb\u012bbas laiku, dizainu vai ilgtsp\u0113j\u012bbu:<\/p>\n<h4>1. \u201cSpilgtais\u201d (11 LED \/ AAA darbin\u0101ms)<\/h4>\n<p><img fetchpriority=\"high\" decoding=\"async\" class=\"alignnone wp-image-5543\" src=\"https:\/\/displayproducts.eu\/wp-content\/uploads\/2025\/10\/the-bright.jpg\" alt=\"\" width=\"300\" height=\"300\" srcset=\"https:\/\/displayproducts.eu\/wp-content\/uploads\/2025\/10\/the-bright.jpg 1080w, https:\/\/displayproducts.eu\/wp-content\/uploads\/2025\/10\/the-bright-768x768.jpg 768w, https:\/\/displayproducts.eu\/wp-content\/uploads\/2025\/10\/the-bright-12x12.jpg 12w, https:\/\/displayproducts.eu\/wp-content\/uploads\/2025\/10\/the-bright-300x300.jpg 300w, https:\/\/displayproducts.eu\/wp-content\/uploads\/2025\/10\/the-bright-600x600.jpg 600w, https:\/\/displayproducts.eu\/wp-content\/uploads\/2025\/10\/the-bright-100x100.jpg 100w, https:\/\/displayproducts.eu\/wp-content\/uploads\/2025\/10\/the-bright-64x64.jpg 64w\" sizes=\"(max-width: 300px) 100vw, 300px\" \/><\/p>\n<p data-path-to-node=\"17\">M\u016bsu jaud\u012bg\u0101kais risin\u0101jums \u2014 \u0161is modelis ir apr\u012bkots ar 11 atsevi\u0161\u0137\u0101m gaismas diod\u0113m maksim\u0101lam vizu\u0101lajam efektam stadionos. To darbina divas standarta, nomain\u0101mas AAA baterijas, kas nodro\u0161ina augstas veiktsp\u0113jas 12 stundu darb\u012bbas laiku.<\/p>\n<ul data-path-to-node=\"18\">\n<li>\n<p data-path-to-node=\"18,0,0\"><b data-path-to-node=\"18,0,0\" data-index-in-node=\"0\">Vislab\u0101k piem\u0113rots:<\/b> Liela m\u0113roga stadionu t\u016bres un br\u012bvdabas festiv\u0101li.<\/p>\n<\/li>\n<\/ul>\n<h4>2. \u201cEkolo\u0123iski draudz\u012bgs\u201d standarts<\/h4>\n<p><img decoding=\"async\" class=\"alignnone wp-image-5544\" src=\"https:\/\/displayproducts.eu\/wp-content\/uploads\/2025\/10\/eco-friendly.jpg\" alt=\"\" width=\"300\" height=\"300\" \/><\/p>\n<p data-path-to-node=\"19\"><span data-path-to-node=\"20,2\"><span class=\"citation-377\">\u0160is modelis ir m\u016bsu popul\u0101r\u0101kais un daudzpus\u012bg\u0101kais risin\u0101jums, kas izgatavots no \u0113rta ABS materi\u0101la un silikona. <\/span><\/span><span data-path-to-node=\"20,4\"> Tam ir iztur\u012bgs 12 stundu akumulatora darb\u012bbas laiks (CR2032) un 15 kr\u0101su opcijas.<\/span><\/p>\n<ul data-path-to-node=\"20\">\n<li>\n<p data-path-to-node=\"20,0,0\"><b>Vislab\u0101k piem\u0113rots:<\/b> Z\u012bmoli un pas\u0101kumi, kas koncentr\u0113jas uz ilgtsp\u0113j\u012bbu un uzticam\u012bbu.<\/p>\n<\/li>\n<\/ul>\n<h4>3. \u201cSkulptur\u0101lais\u201d (3D dizains)<\/h4>\n<p><img decoding=\"async\" class=\"alignnone wp-image-5545\" src=\"https:\/\/displayproducts.eu\/wp-content\/uploads\/2025\/10\/sculpted-1.jpg\" alt=\"\" width=\"300\" height=\"300\" srcset=\"https:\/\/displayproducts.eu\/wp-content\/uploads\/2025\/10\/sculpted-1.jpg 500w, https:\/\/displayproducts.eu\/wp-content\/uploads\/2025\/10\/sculpted-1-12x12.jpg 12w, https:\/\/displayproducts.eu\/wp-content\/uploads\/2025\/10\/sculpted-1-300x300.jpg 300w, https:\/\/displayproducts.eu\/wp-content\/uploads\/2025\/10\/sculpted-1-100x100.jpg 100w, https:\/\/displayproducts.eu\/wp-content\/uploads\/2025\/10\/sculpted-1-64x64.jpg 64w\" sizes=\"(max-width: 300px) 100vw, 300px\" \/><\/p>\n<p data-path-to-node=\"21\">Izceliet drosm\u012bgu dizaina izpausmi. \u0160im modelim ir unik\u0101ls, <b>\u0123eometriski 3D skulptur\u0113ta aug\u0161da\u013ca<\/b> (pieejams ar 2 vai 4 gaismas diod\u0113m). Tas ir augst\u0101k\u0101s kvalit\u0101tes, valk\u0101jams aksesu\u0101rs, kas izce\u013cas.<\/p>\n<ul data-path-to-node=\"22\">\n<li>\n<p data-path-to-node=\"22,0,0\"><b>Vislab\u0101k piem\u0113rots:<\/b> VIP zonas, produktu prezent\u0101cijas un augst\u0101s modes pas\u0101kumi.<\/p>\n<\/li>\n<\/ul>\n<h4>4. \u201cVieglais\u201d (20 g)<\/h4>\n<p><img loading=\"lazy\" decoding=\"async\" class=\"alignnone wp-image-5546\" src=\"https:\/\/displayproducts.eu\/wp-content\/uploads\/2025\/10\/lightweight.jpg\" alt=\"\" width=\"300\" height=\"300\" srcset=\"https:\/\/displayproducts.eu\/wp-content\/uploads\/2025\/10\/lightweight.jpg 500w, https:\/\/displayproducts.eu\/wp-content\/uploads\/2025\/10\/lightweight-12x12.jpg 12w, https:\/\/displayproducts.eu\/wp-content\/uploads\/2025\/10\/lightweight-300x300.jpg 300w, https:\/\/displayproducts.eu\/wp-content\/uploads\/2025\/10\/lightweight-100x100.jpg 100w, https:\/\/displayproducts.eu\/wp-content\/uploads\/2025\/10\/lightweight-64x64.jpg 64w\" sizes=\"(max-width: 300px) 100vw, 300px\" \/><\/p>\n<p data-path-to-node=\"24\">\u0160is modelis ir izstr\u0101d\u0101ts maksim\u0101lam komfortam, un t\u0101 svars ir <b>tikai 20 grami<\/b>, nodro\u0161inot, ka dal\u012bbnieki to var valk\u0101t visu nakti. Tam ir 15 kr\u0101su opcijas un 12 stundu darb\u012bbas laiks (CR2032 baterijas).<\/p>\n<ul data-path-to-node=\"25\">\n<li>\n<p data-path-to-node=\"25,0,0\"><b>Vislab\u0101k piem\u0113rots:<\/b> Konferences, korporat\u012bv\u0101s ball\u012btes un pas\u0101kumi, kuros galvenais ir komforts.<\/p>\n<\/li>\n<\/ul>\n<h4>5. \u201cV\u0113rtspap\u012brs\u201d (Notikumu v\u0113ro\u0161ana)<\/h4>\n<p><img loading=\"lazy\" decoding=\"async\" class=\"alignnone wp-image-5548 size-full\" src=\"https:\/\/displayproducts.eu\/wp-content\/uploads\/2025\/10\/watch-e1763320779944.jpg\" alt=\"\" width=\"480\" height=\"288\" srcset=\"https:\/\/displayproducts.eu\/wp-content\/uploads\/2025\/10\/watch-e1763320779944.jpg 480w, https:\/\/displayproducts.eu\/wp-content\/uploads\/2025\/10\/watch-e1763320779944-18x12.jpg 18w, https:\/\/displayproducts.eu\/wp-content\/uploads\/2025\/10\/watch-e1763320779944-64x38.jpg 64w\" sizes=\"(max-width: 480px) 100vw, 480px\" \/><\/p>\n<p data-path-to-node=\"27\">\u0160im modelim ir rakstur\u012bga <b>pulkste\u0146a stila<\/b> dizains ar lielu, plakanu virsmu, kas nodro\u0161ina lielisku, labi redzamu laukumu j\u016bsu piel\u0101gotajam logotipam.<\/p>\n<ul data-path-to-node=\"28\">\n<li>\n<p data-path-to-node=\"28,0,0\"><b>Vislab\u0101k piem\u0113rots:<\/b> Korporat\u012bvie pas\u0101kumi un sponsoru z\u012bmola veido\u0161ana.<\/p>\n<\/li>\n<\/ul>\n<h2 data-path-to-node=\"31\">Specifik\u0101cijas<\/h2>\n<ul data-path-to-node=\"32\">\n<li>\n<p data-path-to-node=\"32,0,1\"><span data-path-to-node=\"32,0,1,0\"><b data-path-to-node=\"32,0,1,0\" data-index-in-node=\"0\"><span class=\"citation-374\">Vad\u012bbas tehnolo\u0123ija:<\/span><\/b><span class=\"citation-374\"> RF (radiofrekvence) un DMX512. <\/span><\/span><\/p>\n<\/li>\n<li>\n<p data-path-to-node=\"32,1,1\"><span data-path-to-node=\"32,1,1,0\"><b data-path-to-node=\"32,1,1,0\" data-index-in-node=\"0\"><span class=\"citation-373\">Materi\u0101li:<\/span><\/b><span class=\"citation-373\"> Silikons, ABS, PVC. <\/span><\/span><\/p>\n<\/li>\n<li>\n<p data-path-to-node=\"32,2,0\"><b data-path-to-node=\"32,2,0\" data-index-in-node=\"0\">Akumulatora darb\u012bbas laiks:<\/b> 6 l\u012bdz 12 stundas atkar\u012bb\u0101 no mode\u013ca.<\/p>\n<\/li>\n<li>\n<p data-path-to-node=\"32,3,1\"><span data-path-to-node=\"32,3,1,0\"><b data-path-to-node=\"32,3,1,0\" data-index-in-node=\"0\"><span class=\"citation-372\">Z\u012bmola veido\u0161ana:<\/span><\/b><span class=\"citation-372\"> Piel\u0101gota vienkr\u0101saina vai daudzkr\u0101su logotipa druka. <\/span><\/span><\/p>\n<\/li>\n<li>\n<p data-path-to-node=\"32,4,0\"><b data-path-to-node=\"32,4,0\" data-index-in-node=\"0\">Minim\u0101lais pas\u016bt\u012bjuma daudzums:<\/b> 100 vien\u012bbas.<\/p>\n<\/li>\n<\/ul>\n<h3><strong><a href=\"https:\/\/displayproducts.eu\/lv\/p\/remote-dmx-controllers-for-led-wristbands\/\">T\u0101lvad\u012bbas pults un DMX kontrolieris<\/a><\/strong><\/h3>\n<p><img loading=\"lazy\" decoding=\"async\" class=\"\" src=\"https:\/\/displayproducts.eu\/wp-content\/uploads\/2025\/10\/controller-2-scaled.jpeg\" width=\"365\" height=\"365\" \/><\/p>","protected":false},"excerpt":{"rendered":"<ul>\n<li>\n<p data-path-to-node=\"9,0,0\"><b data-path-to-node=\"9,0,0\" data-index-in-node=\"0\">Centraliz\u0113ta sinhroniz\u0101cija:<\/b> Piln\u012bb\u0101 sader\u012bgs ar RF un DMX kontrolieriem, lai nodro\u0161in\u0101tu iespaid\u012bgus gaismas \u0161ovus vis\u0101 norises viet\u0101.<\/p>\n<\/li>\n<li>\n<p data-path-to-node=\"9,1,0\"><b data-path-to-node=\"9,1,0\" data-index-in-node=\"0\">Da\u017e\u0101du mode\u013cu kl\u0101sts:<\/b> Izv\u0113lieties no 11 at\u0161\u0137ir\u012bgiem mode\u013ciem, tostarp \u012bpa\u0161i viegliem, augsta spilgtuma AAA un 3D skulptur\u0113tiem dizainiem.<\/p>\n<\/li>\n<li>\n<p data-path-to-node=\"9,2,1\"><span data-path-to-node=\"9,2,1,0\"><b data-path-to-node=\"9,2,1,0\" data-index-in-node=\"0\"><span class=\"citation-351\">B2B z\u012bmola veido\u0161ana:<\/span><\/b><span class=\"citation-351\"> Visiem mode\u013ciem pieejama augstas kvalit\u0101tes piel\u0101gota logotipa druka, lai nodro\u0161in\u0101tu maksim\u0101lu sponsora redzam\u012bbu. <\/span><\/span><\/p>\n<\/li>\n<li>\n<p data-path-to-node=\"9,3,0\"><b data-path-to-node=\"9,3,0\" data-index-in-node=\"0\">T\u0101las darb\u012bbas r\u0101diusa vad\u012bba:<\/b> Uzticams sign\u0101la p\u0101rkl\u0101jums l\u012bdz 300\u2013500 metriem stadiona m\u0113roga pas\u0101kumiem.<\/p>\n<\/li>\n<\/ul>","protected":false},"featured_media":5031,"comment_status":"closed","ping_status":"closed","template":"","meta":[],"product_brand":[],"product_cat":[80],"product_tag":[],"class_list":{"0":"post-5218","1":"product","2":"type-product","3":"status-publish","4":"has-post-thumbnail","6":"product_cat-led-wristbands","8":"first","9":"instock","10":"shipping-taxable","11":"purchasable","12":"product-type-simple"},"_links":{"self":[{"href":"https:\/\/displayproducts.eu\/lv\/wp-json\/wp\/v2\/product\/5218","targetHints":{"allow":["GET"]}}],"collection":[{"href":"https:\/\/displayproducts.eu\/lv\/wp-json\/wp\/v2\/product"}],"about":[{"href":"https:\/\/displayproducts.eu\/lv\/wp-json\/wp\/v2\/types\/product"}],"replies":[{"embeddable":true,"href":"https:\/\/displayproducts.eu\/lv\/wp-json\/wp\/v2\/comments?post=5218"}],"wp:featuredmedia":[{"embeddable":true,"href":"https:\/\/displayproducts.eu\/lv\/wp-json\/wp\/v2\/media\/5031"}],"wp:attachment":[{"href":"https:\/\/displayproducts.eu\/lv\/wp-json\/wp\/v2\/media?parent=5218"}],"wp:term":[{"taxonomy":"product_brand","embeddable":true,"href":"https:\/\/displayproducts.eu\/lv\/wp-json\/wp\/v2\/product_brand?post=5218"},{"taxonomy":"product_cat","embeddable":true,"href":"https:\/\/displayproducts.eu\/lv\/wp-json\/wp\/v2\/product_cat?post=5218"},{"taxonomy":"product_tag","embeddable":true,"href":"https:\/\/displayproducts.eu\/lv\/wp-json\/wp\/v2\/product_tag?post=5218"}],"curies":[{"name":"wp","href":"https:\/\/api.w.org\/{rel}","templated":true}]}}