{"id":5209,"date":"2025-10-20T23:33:45","date_gmt":"2025-10-20T20:33:45","guid":{"rendered":"https:\/\/wristbandfactory.eu\/?post_type=product&#038;p=5209"},"modified":"2026-04-01T21:52:35","modified_gmt":"2026-04-01T18:52:35","slug":"printed-cup-holder-clip","status":"publish","type":"product","link":"https:\/\/displayproducts.eu\/lv\/p\/printed-cup-holder-clip\/","title":{"rendered":"Kr\u016bzes tur\u0113t\u0101ja klipsis ar druku"},"content":{"rendered":"<p data-path-to-node=\"12\">Uzlabojiet apmekl\u0113t\u0101ju pieredzi sav\u0101 n\u0101kamaj\u0101 festiv\u0101l\u0101 vai konferenc\u0113 ar m\u016bsu praktisko risin\u0101jumu <b data-path-to-node=\"12\" data-index-in-node=\"112\">Apdruk\u0101ts kr\u016bzes tur\u0113t\u0101ja klipsis<\/b>. \u0160is gudrais aksesu\u0101rs atrisina bie\u017ei sastopamu pas\u0101kumu probl\u0113mu: visu dienu tur\u0113t rok\u0101s atk\u0101rtoti lietojamu kr\u016bzi. \u013baujot viesiem dro\u0161i piestiprin\u0101t tuk\u0161o dz\u0113rienu trauku pie kakla lentas vai jostas cilpas, j\u016bs atbr\u012bvojat vi\u0146u rokas t\u012bklo\u0161an\u0101s, dejo\u0161anas vai uzmundrin\u0101\u0161anas aktivit\u0101t\u0113m.<\/p>\n<p data-path-to-node=\"13\"><span data-path-to-node=\"13,1\"><span class=\"citation-56\">Izstr\u0101d\u0101ts, lai neman\u0101mi darbotos ar m\u016bsu <\/span><b data-path-to-node=\"13,1\" data-index-in-node=\"37\"><span class=\"citation-56\">Kakla lentas<\/span><\/b> <\/span><span data-path-to-node=\"13,4\"><span class=\"citation-55\">un <\/span><b data-path-to-node=\"13,4\" data-index-in-node=\"4\"><span class=\"citation-55\">Atk\u0101rtoti lietojamas pas\u0101kumu kr\u016bzes<\/span><\/b><\/span><span data-path-to-node=\"13,6\">, \u0160is klips ir b\u016btisks papildin\u0101jums jebkurai videi draudz\u012bgai pas\u0101kuma strat\u0113\u0123ijai. Tas veicina kr\u016bz\u012b\u0161u atk\u0101rtotu izmanto\u0161anu, padarot t\u0101s viegli p\u0101rn\u0113s\u0101jamas, samazinot to izme\u0161anas vai pazaud\u0113\u0161anas iesp\u0113jam\u012bbu.<\/span><\/p>\n<h2 data-path-to-node=\"14\">Galven\u0101s iez\u012bmes<\/h2>\n<ul data-path-to-node=\"15\">\n<li>\n<p data-path-to-node=\"15,0,0\"><b data-path-to-node=\"15,0,0\" data-index-in-node=\"0\">Dro\u0161a sa\u0137ere:<\/b> Klip\u0161u meh\u0101nisms stingri piestiprin\u0101s pie standarta atk\u0101rtoti lietojamo plastmasas kr\u016bz\u012b\u0161u (PP) un gl\u0101\u017eu malas, nodro\u0161inot, ka kr\u016bz\u012bte ejot paliek sav\u0101 viet\u0101.<\/p>\n<\/li>\n<li>\n<p data-path-to-node=\"15,1,0\"><b data-path-to-node=\"15,1,0\" data-index-in-node=\"0\">Augstas redzam\u012bbas z\u012bmola veido\u0161ana:<\/b> Neskatoties uz kompakto izm\u0113ru, klipsim ir redzama plakana zona, kas \u012bpa\u0161i paredz\u0113ta j\u016bsu logotipa druk\u0101\u0161anai, izce\u013cot j\u016bsu z\u012bmolu katru reizi, kad lietot\u0101js iemalko dz\u0113rienu.<\/p>\n<\/li>\n<li>\n<p data-path-to-node=\"15,2,0\"><b data-path-to-node=\"15,2,0\" data-index-in-node=\"0\">Kr\u0101su koordin\u0101cija:<\/b> Izgatavots no iztur\u012bgas ABS plastmasas, pieejams pla\u0161\u0101 kr\u0101su gamm\u0101, lai atbilstu j\u016bsu z\u012bmola identit\u0101tei vai pas\u0101kuma t\u0113mai.<\/p>\n<\/li>\n<li>\n<p data-path-to-node=\"15,3,0\"><b data-path-to-node=\"15,3,0\" data-index-in-node=\"0\">Viegls dizains:<\/b> Sverot tikai 3 gramus, tas nepadara dal\u012bbnieka kakla siksni\u0146u mas\u012bv\u0101ku.<\/p>\n<\/li>\n<\/ul>\n<h2 data-path-to-node=\"16\">Specifik\u0101cijas<\/h2>\n<ul data-path-to-node=\"17\">\n<li>\n<p data-path-to-node=\"17,0,0\"><b data-path-to-node=\"17,0,0\" data-index-in-node=\"0\">Materi\u0101ls:<\/b> Iztur\u012bga ABS plastmasa.<\/p>\n<\/li>\n<li>\n<p data-path-to-node=\"17,1,0\"><b data-path-to-node=\"17,1,0\" data-index-in-node=\"0\">Izm\u0113ri:<\/b> 1,6 x 2,2 x 2,2 cm.<\/p>\n<\/li>\n<li>\n<p data-path-to-node=\"17,2,0\"><b data-path-to-node=\"17,2,0\" data-index-in-node=\"0\">Svars:<\/b> 3g.<\/p>\n<\/li>\n<li>\n<p data-path-to-node=\"17,3,0\"><b data-path-to-node=\"17,3,0\" data-index-in-node=\"0\">Sader\u012bba:<\/b> Piem\u0113rots standarta atk\u0101rtoti lietojam\u0101m festiv\u0101lu kr\u016bz\u0113m un gl\u0101z\u0113m.<\/p>\n<\/li>\n<li>\n<p data-path-to-node=\"17,4,0\"><b data-path-to-node=\"17,4,0\" data-index-in-node=\"0\">Pielikums:<\/b> Gredzena cilpa aukli\u0146\u0101m vai karab\u012bn\u0113m.<\/p>\n<\/li>\n<li>\n<p data-path-to-node=\"17,5,0\"><b data-path-to-node=\"17,5,0\" data-index-in-node=\"0\">Piel\u0101go\u0161ana:<\/b> Tampondruka uz l\u012bdzenas virsmas.<\/p>\n<\/li>\n<\/ul>\n<h2 data-path-to-node=\"18\">Lieto\u0161anas gad\u012bjumi<\/h2>\n<ul data-path-to-node=\"19\">\n<li>\n<p data-path-to-node=\"19,0,0\"><b data-path-to-node=\"19,0,0\" data-index-in-node=\"0\">M\u016bzikas festiv\u0101li:<\/b> \u013bauj faniem dejot, neturot rok\u0101s tuk\u0161u kr\u016bzi.<\/p>\n<\/li>\n<li>\n<p data-path-to-node=\"19,1,0\"><b data-path-to-node=\"19,1,0\" data-index-in-node=\"0\">Alus un v\u012bna degust\u0101cijas pas\u0101kumi:<\/b> Nodro\u0161ina degust\u0101cijas gl\u0101zes pieejam\u012bbu starp stacij\u0101m.<\/p>\n<\/li>\n<li>\n<p data-path-to-node=\"19,2,0\"><b data-path-to-node=\"19,2,0\" data-index-in-node=\"0\">Tirdzniec\u012bbas izst\u0101des:<\/b> Atbr\u012bvo rokas viz\u012btkar\u0161u apmai\u0146ai, vienlaikus nesot kafijas kr\u016bzi.<\/p>\n<\/li>\n<li>\n<p data-path-to-node=\"19,3,0\"><b data-path-to-node=\"19,3,0\" data-index-in-node=\"0\">\u0100ra pas\u0101kumi:<\/b> Nov\u0113r\u0161 kr\u016bz\u012b\u0161u pazu\u0161anu vai atst\u0101\u0161anu zem\u0113.<\/p>\n<\/li>\n<\/ul>","protected":false},"excerpt":{"rendered":"<ul>\n<li>\n<p data-path-to-node=\"11,0,0\"><b data-path-to-node=\"11,0,0\" data-index-in-node=\"0\">Br\u012bvroku \u0113rt\u012bbas:<\/b> \u013bauj dal\u012bbniekiem piestiprin\u0101t savu atk\u0101rtoti lietojamo kr\u016bzi pie kakla lentas vai jostas cilpas.<\/p>\n<\/li>\n<li>\n<p data-path-to-node=\"11,1,0\"><b data-path-to-node=\"11,1,0\" data-index-in-node=\"0\">Univers\u0101ls piegulums:<\/b> Dro\u0161i piestiprin\u0101s pie vairuma standarta plastmasas festiv\u0101la gl\u0101\u017eu malas.<\/p>\n<\/li>\n<li>\n<p data-path-to-node=\"11,2,0\"><b data-path-to-node=\"11,2,0\" data-index-in-node=\"0\">Piel\u0101gots z\u012bmols:<\/b> Apr\u012bkots ar speci\u0101lu plakanu virsmu augstas redzam\u012bbas logotipa druk\u0101\u0161anai.<\/p>\n<\/li>\n<li>\n<p data-path-to-node=\"11,3,0\"><b data-path-to-node=\"11,3,0\" data-index-in-node=\"0\">Viegls un iztur\u012bgs:<\/b> Izgatavots no iztur\u012bgas ABS plastmasas (3g), pieejams da\u017e\u0101d\u0101s kr\u0101s\u0101s.<\/p>\n<\/li>\n<\/ul>","protected":false},"featured_media":6476,"comment_status":"closed","ping_status":"closed","template":"","meta":[],"product_brand":[],"product_cat":[119],"product_tag":[],"class_list":{"0":"post-5209","1":"product","2":"type-product","3":"status-publish","4":"has-post-thumbnail","6":"product_cat-drinkware-accessories","8":"first","9":"instock","10":"shipping-taxable","11":"purchasable","12":"product-type-simple"},"_links":{"self":[{"href":"https:\/\/displayproducts.eu\/lv\/wp-json\/wp\/v2\/product\/5209","targetHints":{"allow":["GET"]}}],"collection":[{"href":"https:\/\/displayproducts.eu\/lv\/wp-json\/wp\/v2\/product"}],"about":[{"href":"https:\/\/displayproducts.eu\/lv\/wp-json\/wp\/v2\/types\/product"}],"replies":[{"embeddable":true,"href":"https:\/\/displayproducts.eu\/lv\/wp-json\/wp\/v2\/comments?post=5209"}],"wp:featuredmedia":[{"embeddable":true,"href":"https:\/\/displayproducts.eu\/lv\/wp-json\/wp\/v2\/media\/6476"}],"wp:attachment":[{"href":"https:\/\/displayproducts.eu\/lv\/wp-json\/wp\/v2\/media?parent=5209"}],"wp:term":[{"taxonomy":"product_brand","embeddable":true,"href":"https:\/\/displayproducts.eu\/lv\/wp-json\/wp\/v2\/product_brand?post=5209"},{"taxonomy":"product_cat","embeddable":true,"href":"https:\/\/displayproducts.eu\/lv\/wp-json\/wp\/v2\/product_cat?post=5209"},{"taxonomy":"product_tag","embeddable":true,"href":"https:\/\/displayproducts.eu\/lv\/wp-json\/wp\/v2\/product_tag?post=5209"}],"curies":[{"name":"wp","href":"https:\/\/api.w.org\/{rel}","templated":true}]}}