{"id":5203,"date":"2025-10-20T23:28:16","date_gmt":"2025-10-20T20:28:16","guid":{"rendered":"https:\/\/wristbandfactory.eu\/?post_type=product&#038;p=5203"},"modified":"2026-04-01T21:52:35","modified_gmt":"2026-04-01T18:52:35","slug":"led-party-glasses","status":"publish","type":"product","link":"https:\/\/displayproducts.eu\/lv\/p\/led-party-glasses\/","title":{"rendered":"Daudzkr\u0101su LED ball\u012b\u0161u brilles"},"content":{"rendered":"<p data-path-to-node=\"10\">Radiet neaizmirstamu atmosf\u0113ru sav\u0101 n\u0101kamaj\u0101 korporat\u012bvaj\u0101 ball\u012bt\u0113, m\u016bzikas festiv\u0101l\u0101 vai naktskluba pas\u0101kum\u0101 ar m\u016bsu daudzkr\u0101sainaj\u0101m LED ball\u012b\u0161u brill\u0113m. \u0160\u012bs brilles, kas rad\u012btas, lai lauztu ledu, pied\u0101v\u0101 izmaksu zi\u0146\u0101 efekt\u012bvu veidu, k\u0101 iesaist\u012bt viesus un rad\u012bt soci\u0101lo mediju cien\u012bgas foto iesp\u0113jas.<\/p>\n<p data-path-to-node=\"11\">At\u0161\u0137ir\u012bb\u0101 no standarta sp\u012bduma brill\u0113m, \u0161\u012bm brill\u0113m ir at\u0161\u0137ir\u012bgs dizains ar caursp\u012bd\u012bgiem r\u0101mjiem un \u201ct\u012bklveida\u201d stila l\u0113c\u0101m, kas \u013cauj gaismai rado\u0161i izklied\u0113ties. Darbojas ar 6 intens\u012bv\u0101m daudzkr\u0101su LED gaism\u0101m, kas nodro\u0161ina, ka valk\u0101t\u0101js izce\u013cas jebkur\u0101 p\u016b\u013ca vid\u016b. Vienk\u0101r\u0161a iesl\u0113g\u0161anas\/izsl\u0113g\u0161anas poga \u013cauj lietot\u0101jiem p\u0101rsl\u0113gties starp \u201cpast\u0101v\u012bgu\u201d sp\u012bdumu mier\u012bgam noska\u0146ojumam vai \u201cmirgojo\u0161u\u201d rakstu ener\u0123iskiem br\u012b\u017eiem.<\/p>\n<h2 data-path-to-node=\"12\">Galven\u0101s iez\u012bmes<\/h2>\n<ul data-path-to-node=\"13\">\n<li>\n<p data-path-to-node=\"13,0,0\"><b data-path-to-node=\"13,0,0\" data-index-in-node=\"0\">Vizu\u0101lais izc\u0113lums:<\/b> Caursp\u012bd\u012bgu r\u0101mju un daudzkr\u0101su LED gaismas kombin\u0101cija rada spilgtu gaismas \u0161ovu.<\/p>\n<\/li>\n<li>\n<p data-path-to-node=\"13,1,0\"><b data-path-to-node=\"13,1,0\" data-index-in-node=\"0\">Lietot\u0101ja kontrole:<\/b> Viegli lietojama poga, lai p\u0101rsl\u0113gtu gaismas re\u017e\u012bmus (nep\u0101rtraukts\/zibspuldze\/izsl\u0113gts).<\/p>\n<\/li>\n<li>\n<p data-path-to-node=\"13,2,0\"><b data-path-to-node=\"13,2,0\" data-index-in-node=\"0\">Gatavs pas\u0101kumam:<\/b> Lieliski piem\u0113rots suven\u012bru galdiem, VIP d\u0101vanu som\u0101m vai masveida d\u0101vanu izlozei deju gr\u012bdai.<\/p>\n<\/li>\n<li>\n<p data-path-to-node=\"13,3,0\"><b data-path-to-node=\"13,3,0\" data-index-in-node=\"0\">\u0112rt\u012bbas:<\/b> Pieg\u0101dei jau ir uzst\u0101d\u012btas pogas baterijas, t\u0101p\u0113c t\u0101s darbojas uzreiz p\u0113c iz\u0146em\u0161anas no kastes.<\/p>\n<\/li>\n<\/ul>\n<h2 data-path-to-node=\"14\">Specifik\u0101cijas<\/h2>\n<ul data-path-to-node=\"15\">\n<li>\n<p data-path-to-node=\"15,0,0\"><b data-path-to-node=\"15,0,0\" data-index-in-node=\"0\">Produkta veids:<\/b> LED gaismas brilles.<\/p>\n<\/li>\n<li>\n<p data-path-to-node=\"15,1,0\"><b data-path-to-node=\"15,1,0\" data-index-in-node=\"0\">R\u0101mja stils:<\/b> Caursp\u012bd\u012bga plastmasa ar sietveida\/re\u017e\u0123a l\u0113c\u0101m.<\/p>\n<\/li>\n<li>\n<p data-path-to-node=\"15,2,0\"><b data-path-to-node=\"15,2,0\" data-index-in-node=\"0\">Gaismas avots:<\/b> 6 x daudzkr\u0101su gaismas diodes.<\/p>\n<\/li>\n<li>\n<p data-path-to-node=\"15,3,0\"><b data-path-to-node=\"15,3,0\" data-index-in-node=\"0\">Re\u017e\u012bmi:<\/b> 2 iestat\u012bjumi (past\u0101v\u012bgi iesl\u0113gts, mirgo).<\/p>\n<\/li>\n<li>\n<p data-path-to-node=\"15,4,0\"><b data-path-to-node=\"15,4,0\" data-index-in-node=\"0\">Jauda:<\/b> Pogas baterijas (iek\u013cautas komplekt\u0101 un nomain\u0101mas).<\/p>\n<\/li>\n<li>\n<p data-path-to-node=\"15,5,0\"><b data-path-to-node=\"15,5,0\" data-index-in-node=\"0\">Minim\u0101lais pas\u016bt\u012bjuma daudzums:<\/b> 100 gab.<\/p>\n<\/li>\n<\/ul>\n<h2 data-path-to-node=\"16\">Lieto\u0161anas gad\u012bjumi<\/h2>\n<ul data-path-to-node=\"17\">\n<li>\n<p data-path-to-node=\"17,0,0\"><b data-path-to-node=\"17,0,0\" data-index-in-node=\"0\">Korporat\u012bv\u0101s ball\u012btes:<\/b> Jautri aksesu\u0101ri fotokab\u012bn\u0113m un deju gr\u012bd\u0101m.<\/p>\n<\/li>\n<li>\n<p data-path-to-node=\"17,1,0\"><b data-path-to-node=\"17,1,0\" data-index-in-node=\"0\">Festiv\u0101li un koncerti:<\/b> Augstas pe\u013c\u0146as preces vai VIP aksesu\u0101ri.<\/p>\n<\/li>\n<li>\n<p data-path-to-node=\"17,2,0\"><b data-path-to-node=\"17,2,0\" data-index-in-node=\"0\">Naktsklubi:<\/b> P\u0101rdodiet tos b\u0101r\u0101 vai atdodiet, lai uzlabotu kluba apgaismojumu.<\/p>\n<\/li>\n<li>\n<p data-path-to-node=\"17,3,0\"><b data-path-to-node=\"17,3,0\" data-index-in-node=\"0\">K\u0101zas:<\/b> Silmaina d\u0101vana ball\u012btei p\u0113c ball\u012btes.<\/p>\n<\/li>\n<\/ul>","protected":false},"excerpt":{"rendered":"<ul>\n<li>\n<p data-path-to-node=\"9,0,0\"><b data-path-to-node=\"9,0,0\" data-index-in-node=\"0\">Augsta ietekme:<\/b> 6 spilgtas daudzkr\u0101su gaismas diodes katr\u0101 p\u0101r\u012b.<\/p>\n<\/li>\n<li>\n<p data-path-to-node=\"9,1,0\"><b data-path-to-node=\"9,1,0\" data-index-in-node=\"0\">Divk\u0101r\u0161ie re\u017e\u012bmi:<\/b> P\u0101rsl\u0113gties starp nep\u0101rtraukti iesl\u0113gtu un mirgojo\u0161u re\u017e\u012bmu.<\/p>\n<\/li>\n<li>\n<p data-path-to-node=\"9,2,0\"><b data-path-to-node=\"9,2,0\" data-index-in-node=\"0\">Unik\u0101ls dizains:<\/b> Caursp\u012bd\u012bgs r\u0101mis ar \u201ct\u012bklveida\u201d l\u0113c\u0101m.<\/p>\n<\/li>\n<li>\n<p data-path-to-node=\"9,3,0\"><b data-path-to-node=\"9,3,0\" data-index-in-node=\"0\">Gatavs lieto\u0161anai:<\/b> Baterijas ir iek\u013cautas un iepriek\u0161 uzst\u0101d\u012btas.<\/p>\n<\/li>\n<\/ul>","protected":false},"featured_media":6552,"comment_status":"closed","ping_status":"closed","template":"","meta":[],"product_brand":[],"product_cat":[76],"product_tag":[],"class_list":{"0":"post-5203","1":"product","2":"type-product","3":"status-publish","4":"has-post-thumbnail","6":"product_cat-glow-led-products","8":"first","9":"instock","10":"shipping-taxable","11":"product-type-simple"},"_links":{"self":[{"href":"https:\/\/displayproducts.eu\/lv\/wp-json\/wp\/v2\/product\/5203","targetHints":{"allow":["GET"]}}],"collection":[{"href":"https:\/\/displayproducts.eu\/lv\/wp-json\/wp\/v2\/product"}],"about":[{"href":"https:\/\/displayproducts.eu\/lv\/wp-json\/wp\/v2\/types\/product"}],"replies":[{"embeddable":true,"href":"https:\/\/displayproducts.eu\/lv\/wp-json\/wp\/v2\/comments?post=5203"}],"wp:featuredmedia":[{"embeddable":true,"href":"https:\/\/displayproducts.eu\/lv\/wp-json\/wp\/v2\/media\/6552"}],"wp:attachment":[{"href":"https:\/\/displayproducts.eu\/lv\/wp-json\/wp\/v2\/media?parent=5203"}],"wp:term":[{"taxonomy":"product_brand","embeddable":true,"href":"https:\/\/displayproducts.eu\/lv\/wp-json\/wp\/v2\/product_brand?post=5203"},{"taxonomy":"product_cat","embeddable":true,"href":"https:\/\/displayproducts.eu\/lv\/wp-json\/wp\/v2\/product_cat?post=5203"},{"taxonomy":"product_tag","embeddable":true,"href":"https:\/\/displayproducts.eu\/lv\/wp-json\/wp\/v2\/product_tag?post=5203"}],"curies":[{"name":"wp","href":"https:\/\/api.w.org\/{rel}","templated":true}]}}