{"id":5195,"date":"2025-10-20T22:09:07","date_gmt":"2025-10-20T19:09:07","guid":{"rendered":"https:\/\/wristbandfactory.eu\/?post_type=product&#038;p=5195"},"modified":"2026-04-01T21:52:04","modified_gmt":"2026-04-01T18:52:04","slug":"promotional-recycled-aluminium-cups","status":"publish","type":"product","link":"https:\/\/displayproducts.eu\/lv\/p\/promotional-recycled-aluminium-cups\/","title":{"rendered":"Atk\u0101rtoti lietojamas alum\u012bnija gl\u0101zes ar apdruku"},"content":{"rendered":"<p>Sniedziet sp\u0113c\u012bgu pazi\u0146ojumu par sava z\u012bmola ap\u0146em\u0161anos nodro\u0161in\u0101t ilgtsp\u0113j\u012bbu. \u0160\u012bs 500 ml atk\u0101rtoti lietojam\u0101s kr\u016bzes ir izgatavotas no GRS sertific\u0113ta p\u0101rstr\u0101d\u0101ta alum\u012bnija, pied\u0101v\u0101jot augst\u0101k\u0101s kvalit\u0101tes un videi draudz\u012bgu alternat\u012bvu plastmasai j\u016bsu n\u0101kamaj\u0101 konferenc\u0113, festiv\u0101l\u0101 vai korporat\u012bvaj\u0101 pas\u0101kum\u0101. To glud\u0101, sp\u012bd\u012bg\u0101 sudraba apdare nodro\u0161ina perfektu, augstv\u0113rt\u012bgu audeklu j\u016bsu logotipam.<\/p>\n<p>T\u0101 ir vair\u0101k nek\u0101 tikai kr\u016bze; tas ir v\u0113st\u012bjums. P\u0101rstr\u0101d\u0101t\u0101 alum\u012bnija materi\u0101ls ir viegls, bet iztur\u012bgs, un tam ir GRS (Global Recycled Standard) sertifik\u0101ts. \u0160\u012b sertifik\u0101cija garant\u0113 materi\u0101la p\u0101rstr\u0101d\u0101to izcelsmi, nodro\u0161inot piln\u012bgu p\u0101rredzam\u012bbu j\u016bsu ilgtsp\u0113j\u012bgam m\u0101rketingam. <span class=\"citation-5 citation-end-5\">At\u0161\u0137ir\u012bb\u0101 no citiem materi\u0101liem, alum\u012bniju var p\u0101rstr\u0101d\u0101t gandr\u012bz bezgal\u012bgi, nezaud\u0113jot t\u0101 s\u0101kotn\u0113j\u0101s \u012bpa\u0161\u012bbas, un \u0161is process pat\u0113r\u0113 daudz maz\u0101k ener\u0123ijas nek\u0101 jauna ra\u017eo\u0161ana.<\/span> \u0160\u012b produkta izv\u0113le apliecina j\u016bsu z\u012bmola v\u0113rt\u012bbas.<\/p>\n<p><b>Galven\u0101s iez\u012bmes:<\/b><\/p>\n<ul>\n<li><b>Ietilp\u012bba:<\/b> 500 ml<\/li>\n<li><b>Materi\u0101ls:<\/b> GRS sertific\u0113ts p\u0101rstr\u0101d\u0101ts alum\u012bnijs<\/li>\n<li><b>Apdare:<\/b> Sp\u012bd\u012bgs sudrabs<\/li>\n<li><b>Videi draudz\u012bgs:<\/b> Atk\u0101rtoti lietojams un bezgal\u012bgi p\u0101rstr\u0101d\u0101jams<\/li>\n<li><b>Viegls svars:<\/b> Viesiem \u0113rti n\u0113s\u0101t<\/li>\n<li><b>Sertific\u0113ts:<\/b><span class=\"citation-4 citation-end-4\"> GRS (Glob\u0101lais p\u0101rstr\u0101des standarts) garant\u0113 p\u0101rstr\u0101d\u0101tu saturu<\/span><\/li>\n<li><b>Z\u012bmola veido\u0161ana:<\/b> Ide\u0101li piem\u0113rots l\u0101zergrav\u0113\u0161anai vai logotipa druk\u0101\u0161anai<\/li>\n<\/ul>","protected":false},"excerpt":{"rendered":"<ul>\n<li>Izr\u0101diet savu z\u012bmolu uz augst\u0101k\u0101s kvalit\u0101tes 500 ml p\u0101rstr\u0101d\u0101ta alum\u012bnija kr\u016bzes.<\/li>\n<li>Viegls, iztur\u012bgs un ar gludu, sp\u012bd\u012bgu sudraba apdari.<\/li>\n<li>GRS sertific\u0113ts, lai garant\u0113tu ilgtsp\u0113j\u012bgus, p\u0101rstr\u0101d\u0101tus materi\u0101lus.<\/li>\n<li>Lieliski piem\u0113rots videi draudz\u012bgiem pas\u0101kumiem, korporat\u012bvaj\u0101m d\u0101van\u0101m un festiv\u0101liem.<\/li>\n<\/ul>","protected":false},"featured_media":6593,"comment_status":"closed","ping_status":"closed","template":"","meta":[],"product_brand":[],"product_cat":[111],"product_tag":[],"class_list":{"0":"post-5195","1":"product","2":"type-product","3":"status-publish","4":"has-post-thumbnail","6":"product_cat-reusable-event-cups","8":"first","9":"instock","10":"shipping-taxable","11":"purchasable","12":"product-type-simple"},"_links":{"self":[{"href":"https:\/\/displayproducts.eu\/lv\/wp-json\/wp\/v2\/product\/5195","targetHints":{"allow":["GET"]}}],"collection":[{"href":"https:\/\/displayproducts.eu\/lv\/wp-json\/wp\/v2\/product"}],"about":[{"href":"https:\/\/displayproducts.eu\/lv\/wp-json\/wp\/v2\/types\/product"}],"replies":[{"embeddable":true,"href":"https:\/\/displayproducts.eu\/lv\/wp-json\/wp\/v2\/comments?post=5195"}],"wp:featuredmedia":[{"embeddable":true,"href":"https:\/\/displayproducts.eu\/lv\/wp-json\/wp\/v2\/media\/6593"}],"wp:attachment":[{"href":"https:\/\/displayproducts.eu\/lv\/wp-json\/wp\/v2\/media?parent=5195"}],"wp:term":[{"taxonomy":"product_brand","embeddable":true,"href":"https:\/\/displayproducts.eu\/lv\/wp-json\/wp\/v2\/product_brand?post=5195"},{"taxonomy":"product_cat","embeddable":true,"href":"https:\/\/displayproducts.eu\/lv\/wp-json\/wp\/v2\/product_cat?post=5195"},{"taxonomy":"product_tag","embeddable":true,"href":"https:\/\/displayproducts.eu\/lv\/wp-json\/wp\/v2\/product_tag?post=5195"}],"curies":[{"name":"wp","href":"https:\/\/api.w.org\/{rel}","templated":true}]}}