{"id":5183,"date":"2025-10-20T22:05:04","date_gmt":"2025-10-20T19:05:04","guid":{"rendered":"https:\/\/wristbandfactory.eu\/?post_type=product&#038;p=5183"},"modified":"2026-04-01T21:52:35","modified_gmt":"2026-04-01T18:52:35","slug":"reusable-event-cups-solid-frosted-finish-550ml","status":"publish","type":"product","link":"https:\/\/displayproducts.eu\/lv\/p\/reusable-event-cups-solid-frosted-finish-550ml\/","title":{"rendered":"Atk\u0101rtoti lietojamas pas\u0101kumu kr\u016bz\u012btes (vienkr\u0101saina un mat\u0113ta apdare) 550 ml"},"content":{"rendered":"<p data-path-to-node=\"8\">Padariet sava pas\u0101kuma est\u0113tiku v\u0113l pievilc\u012bg\u0101ku ar m\u016bsu 550 ml atk\u0101rtoti lietojamaj\u0101m kr\u016bz\u0113m, kas pieejamas tr\u012bs da\u017e\u0101d\u0101s, augst\u0101k\u0101s kvalit\u0101tes apdar\u0113s. \u0160\u012bs kr\u016bzes ir ide\u0101ls risin\u0101jums pas\u0101kumu organizatoriem, uz\u0146\u0113mumiem un norises viet\u0101m, kur\u0101m nepiecie\u0161ams z\u012bmols, kas sniedzas t\u0101l\u0101k par tikai logotipu.<\/p>\n<p data-path-to-node=\"9\">Izv\u0113lieties apdari, kas vislab\u0101k atbilst j\u016bsu z\u012bmola identit\u0101tei:<\/p>\n<ul data-path-to-node=\"10\">\n<li>\n<p data-path-to-node=\"10,0,0\"><b>Vienm\u0113r\u012bgi balta:<\/b> Pied\u0101v\u0101 t\u012bru, klasisku un labi redzamu audeklu j\u016bsu z\u012bmola rekl\u0101mai.<\/p>\n<\/li>\n<li>\n<p data-path-to-node=\"10,1,0\"><b>Vienm\u0113r\u012bgi melna:<\/b> Nodro\u0161ina augst\u0101k\u0101s kvalit\u0101tes, augsta kontrasta izskatu, kas ir ide\u0101li piem\u0113rots VIP pas\u0101kumiem un izsmalcin\u0101tai z\u012bmola rekl\u0101mai.<\/p>\n<\/li>\n<li>\n<p data-path-to-node=\"10,2,0\"><b>Caursp\u012bd\u012bgs mat\u0113ts:<\/b> Nodro\u0161ina modernu, elegantu un stil\u012bgu izskatu.<\/p>\n<\/li>\n<\/ul>\n<p data-path-to-node=\"11\">Izgatavotas no iztur\u012bga, stipra un viegla polipropil\u0113na (PP), \u0161\u012bs kr\u016bzes ir paredz\u0113tas atk\u0101rtotai lieto\u0161anai festiv\u0101los, koncertos un korporat\u012bvos pas\u0101kumos. T\u0101s ir viegli mazg\u0101jamas un kalpo k\u0101 ilgtsp\u0113j\u012bga alternat\u012bva vienreizlietojam\u0101m dz\u0113rienu gl\u0101z\u0113m.<\/p>\n<p data-path-to-node=\"12\">Liel\u0101 550 ml ietilp\u012bba ir ide\u0101li piem\u0113rota visu veidu dz\u0113rienu pasnieg\u0161anai, savuk\u0101rt liel\u0101 virsma nodro\u0161ina lielisku pamatni j\u016bsu pas\u016bt\u012bjuma apdrukai. \u0160\u012b kr\u016bze ne tikai samazina atkritumus, bet ar\u012b kalpo k\u0101 suven\u012brs, ko \u0146emt l\u012bdzi m\u0101j\u0101s, pagarinot j\u016bsu z\u012bmola atpaz\u012bstam\u012bbu ilgi p\u0113c pas\u0101kuma.<\/p>\n<p data-path-to-node=\"13\"><b>Galven\u0101s iez\u012bmes:<\/b><\/p>\n<ul data-path-to-node=\"14\">\n<li>\n<p data-path-to-node=\"14,0,0\"><b>Premium apdares iesp\u0113jas:<\/b> Pieejams vienkr\u0101sain\u0101 balt\u0101, vienkr\u0101sain\u0101 meln\u0101 vai caursp\u012bd\u012bg\u0101 mat\u0113t\u0101 apdar\u0113.<\/p>\n<\/li>\n<li>\n<p data-path-to-node=\"14,1,0\"><b>Liela 550 ml ietilp\u012bba:<\/b> Ide\u0101ls, daudzpus\u012bgs izm\u0113rs festiv\u0101liem, stadioniem un konferenc\u0113m.<\/p>\n<\/li>\n<li>\n<p data-path-to-node=\"14,2,0\"><b>Iztur\u012bgs PP materi\u0101ls:<\/b> Iztur\u012bgs, viegls un triecieniztur\u012bgs polipropil\u0113ns, kas paredz\u0113ts atk\u0101rtotai lieto\u0161anai.<\/p>\n<\/li>\n<li>\n<p data-path-to-node=\"14,3,0\"><b>Ilgtsp\u0113j\u012bgs risin\u0101jums:<\/b> Atk\u0101rtoti lietojama un mazg\u0101jama alternat\u012bva vienreizlietojam\u0101m pas\u0101kumu kr\u016bz\u012bt\u0113m.<\/p>\n<\/li>\n<li>\n<p data-path-to-node=\"14,4,0\"><b>Liela z\u012bmola veido\u0161anas zona:<\/b> Pla\u0161a vieta piel\u0101gotai druk\u0101\u0161anai, ko papildina unik\u0101l\u0101 apdare.<\/p>\n<\/li>\n<\/ul>","protected":false},"excerpt":{"rendered":"<ul>\n<li>\n<p data-path-to-node=\"7,0,0\">Izv\u0113lieties apdari: pieejams vienkr\u0101sain\u0101 balt\u0101, vienkr\u0101sain\u0101 meln\u0101 vai caursp\u012bd\u012bg\u0101 mat\u0113t\u0101 kr\u0101s\u0101.<\/p>\n<\/li>\n<li>\n<p data-path-to-node=\"7,1,0\">Ide\u0101li piem\u0113rots augst\u0101k\u0101s klases z\u012bmola populariz\u0113\u0161anai korporat\u012bvos pas\u0101kumos, festiv\u0101los un stadionos.<\/p>\n<\/li>\n<li>\n<p data-path-to-node=\"7,2,0\">Iztur\u012bgs, viegls un viegli mazg\u0101jams atk\u0101rtoti lietojams PP materi\u0101ls.<\/p>\n<\/li>\n<li>\n<p data-path-to-node=\"7,3,0\">Liela 550 ml ietilp\u012bba pla\u0161a dz\u0113rienu kl\u0101sta pasnieg\u0161anai.<\/p>\n<\/li>\n<li><\/li>\n<\/ul>","protected":false},"featured_media":6624,"comment_status":"closed","ping_status":"closed","template":"","meta":[],"product_brand":[],"product_cat":[111],"product_tag":[],"class_list":{"0":"post-5183","1":"product","2":"type-product","3":"status-publish","4":"has-post-thumbnail","6":"product_cat-reusable-event-cups","8":"first","9":"instock","10":"shipping-taxable","11":"purchasable","12":"product-type-simple"},"_links":{"self":[{"href":"https:\/\/displayproducts.eu\/lv\/wp-json\/wp\/v2\/product\/5183","targetHints":{"allow":["GET"]}}],"collection":[{"href":"https:\/\/displayproducts.eu\/lv\/wp-json\/wp\/v2\/product"}],"about":[{"href":"https:\/\/displayproducts.eu\/lv\/wp-json\/wp\/v2\/types\/product"}],"replies":[{"embeddable":true,"href":"https:\/\/displayproducts.eu\/lv\/wp-json\/wp\/v2\/comments?post=5183"}],"wp:featuredmedia":[{"embeddable":true,"href":"https:\/\/displayproducts.eu\/lv\/wp-json\/wp\/v2\/media\/6624"}],"wp:attachment":[{"href":"https:\/\/displayproducts.eu\/lv\/wp-json\/wp\/v2\/media?parent=5183"}],"wp:term":[{"taxonomy":"product_brand","embeddable":true,"href":"https:\/\/displayproducts.eu\/lv\/wp-json\/wp\/v2\/product_brand?post=5183"},{"taxonomy":"product_cat","embeddable":true,"href":"https:\/\/displayproducts.eu\/lv\/wp-json\/wp\/v2\/product_cat?post=5183"},{"taxonomy":"product_tag","embeddable":true,"href":"https:\/\/displayproducts.eu\/lv\/wp-json\/wp\/v2\/product_tag?post=5183"}],"curies":[{"name":"wp","href":"https:\/\/api.w.org\/{rel}","templated":true}]}}