{"id":5179,"date":"2025-10-20T21:58:37","date_gmt":"2025-10-20T18:58:37","guid":{"rendered":"https:\/\/wristbandfactory.eu\/?post_type=product&#038;p=5179"},"modified":"2026-04-01T21:52:35","modified_gmt":"2026-04-01T18:52:35","slug":"gold-laser-engraved-medals","status":"publish","type":"product","link":"https:\/\/displayproducts.eu\/lv\/p\/gold-laser-engraved-medals\/","title":{"rendered":"Zelta l\u0101zergrav\u0113tas meda\u013cas"},"content":{"rendered":"<p>Atz\u012bstiet lab\u0101ko sniegumu un sviniet pan\u0101kumus sav\u0101 n\u0101kamaj\u0101 pas\u0101kum\u0101 ar \u0161\u012bm klasiskaj\u0101m zelta meda\u013c\u0101m. T\u0101s nodro\u0161ina augstas kvalit\u0101tes un taust\u0101mu veidu, k\u0101 atz\u012bt darbinieku, sportistu vai dal\u012bbnieku sasniegumus, stiprinot j\u016bsu organiz\u0101cijas ap\u0146em\u0161anos sasniegt izcil\u012bbu.<\/p>\n<p>M\u016bsu standarta meda\u013cas diametrs ir 7 cm, t\u0101 ir izgatavota no iztur\u012bga met\u0101la, un tai ir p\u0101rsteidzo\u0161s reljefs dizains ar tradicion\u0101lu zelta apdari. T\u0101s virsma ir \u012bpa\u0161i sagatavota l\u0101zera mar\u0137\u0113\u0161anai, nodro\u0161inot, ka j\u016bsu logotips, pas\u0101kuma nosaukums vai uzvar\u0113t\u0101ja dati tiek iegrav\u0113ti ar izcilu precizit\u0101ti un skaidr\u012bbu. Standarta meda\u013ca tiek pieg\u0101d\u0101ta gatava prezent\u0101cijai ar atbilsto\u0161u met\u0101la gredzenu un klasisku sarkanu poliestera lenti.<\/p>\n<p>Lai ieg\u016btu piln\u012bb\u0101 z\u012bmola risin\u0101jumu, \u0161o meda\u013cu var izgatavot ar\u012b p\u0113c \u012bpa\u0161a pas\u016bt\u012bjuma. Izv\u0113lieties no da\u017e\u0101diem izm\u0113riem, apdar\u0113m un piel\u0101got\u0101m lent\u012b\u0161u kr\u0101s\u0101m, lai t\u0101s lieliski atbilstu j\u016bsu organiz\u0101cijas z\u012bmola identit\u0101tei vai pas\u0101kuma t\u0113mai. Sazinieties ar mums, lai apspriestu savu piel\u0101goto meda\u013cas projektu.<\/p>\n<p><b>Galven\u0101s iez\u012bmes:<\/b><\/p>\n<ul>\n<li><b>Materi\u0101ls:<\/b> Augstas kvalit\u0101tes met\u0101ls<\/li>\n<li><b>Apdare:<\/b> Reljefs dizains ar zelta toni<\/li>\n<li><b>Piel\u0101go\u0161ana:<\/b> Speci\u0101li izstr\u0101d\u0101ts l\u0101zermar\u0137\u0113\u0161anai<\/li>\n<li><b>Standarta modelis:<\/b> 7 cm diametrs ar sarkanu poliestera lenti<\/li>\n<li><b>Piel\u0101goti pas\u016bt\u012bjumi:<\/b> Pieejams da\u017e\u0101dos izm\u0113ros un apdar\u0113s<\/li>\n<li><b>Lentes opcijas:<\/b> Noliktav\u0101 ir sarkana kr\u0101sa; da\u017e\u0101das kr\u0101sas pieejamas p\u0113c pas\u016bt\u012bjuma<\/li>\n<\/ul>\n<p>&nbsp;<\/p>","protected":false},"excerpt":{"rendered":"<ul>\n<li>Augst\u0101k\u0101s kvalit\u0101tes met\u0101la meda\u013ca ar klasisku zelta apdari.<\/li>\n<li>Pieejams k\u0101 noliktav\u0101 eso\u0161a prece (7 cm) vai p\u0113c individu\u0101la pas\u016bt\u012bjuma.<\/li>\n<li>Speci\u0101li sagatavota virsma prec\u012bzai l\u0101zergrav\u0113\u0161anai.<\/li>\n<li>Noliktav\u0101 eso\u0161\u0101 prece ietver sarkanu lent\u012bti; individu\u0101lie pas\u016bt\u012bjumi ir pieejami da\u017e\u0101d\u0101s kr\u0101s\u0101s.<\/li>\n<\/ul>\n<p>&nbsp;<\/p>","protected":false},"featured_media":6503,"comment_status":"closed","ping_status":"closed","template":"","meta":[],"product_brand":[],"product_cat":[68,102],"product_tag":[],"class_list":{"0":"post-5179","1":"product","2":"type-product","3":"status-publish","4":"has-post-thumbnail","6":"product_cat-event-supplies","7":"product_cat-medals","9":"first","10":"instock","11":"shipping-taxable","12":"purchasable","13":"product-type-simple"},"_links":{"self":[{"href":"https:\/\/displayproducts.eu\/lv\/wp-json\/wp\/v2\/product\/5179","targetHints":{"allow":["GET"]}}],"collection":[{"href":"https:\/\/displayproducts.eu\/lv\/wp-json\/wp\/v2\/product"}],"about":[{"href":"https:\/\/displayproducts.eu\/lv\/wp-json\/wp\/v2\/types\/product"}],"replies":[{"embeddable":true,"href":"https:\/\/displayproducts.eu\/lv\/wp-json\/wp\/v2\/comments?post=5179"}],"wp:featuredmedia":[{"embeddable":true,"href":"https:\/\/displayproducts.eu\/lv\/wp-json\/wp\/v2\/media\/6503"}],"wp:attachment":[{"href":"https:\/\/displayproducts.eu\/lv\/wp-json\/wp\/v2\/media?parent=5179"}],"wp:term":[{"taxonomy":"product_brand","embeddable":true,"href":"https:\/\/displayproducts.eu\/lv\/wp-json\/wp\/v2\/product_brand?post=5179"},{"taxonomy":"product_cat","embeddable":true,"href":"https:\/\/displayproducts.eu\/lv\/wp-json\/wp\/v2\/product_cat?post=5179"},{"taxonomy":"product_tag","embeddable":true,"href":"https:\/\/displayproducts.eu\/lv\/wp-json\/wp\/v2\/product_tag?post=5179"}],"curies":[{"name":"wp","href":"https:\/\/api.w.org\/{rel}","templated":true}]}}