{"id":5175,"date":"2025-10-20T21:51:42","date_gmt":"2025-10-20T18:51:42","guid":{"rendered":"https:\/\/wristbandfactory.eu\/?post_type=product&#038;p=5175"},"modified":"2026-04-01T21:52:04","modified_gmt":"2026-04-01T18:52:04","slug":"led-shot-glass-with-lanyard","status":"publish","type":"product","link":"https:\/\/displayproducts.eu\/lv\/p\/led-shot-glass-with-lanyard\/","title":{"rendered":"LED \u0161\u0101vienu gl\u0101ze ar aukli\u0146u"},"content":{"rendered":"<p>Padariet savu n\u0101kamo korporat\u012bvo ball\u012bti, festiv\u0101lu vai rekl\u0101mas pas\u0101kumu neaizmirstamu. \u0160\u012b LED apgaismojuma \u0161otu gl\u0101ze ir sp\u0113c\u012bgs instruments, lai uzlabotu viesu pieredzi un palielin\u0101tu z\u012bmola atpaz\u012bstam\u012bbu, \u012bpa\u0161i v\u0101j\u0101 apgaismojum\u0101.<\/p>\n<p>\u0160\u012b 50 ml \u0161otu gl\u0101ze ir izgatavota no iztur\u012bgas, BPA nesaturo\u0161as PS plastmasas. Viesi to var \u0113rti n\u0113s\u0101t, pateicoties komplekt\u0101 iek\u013cautajai kakla siksni\u0146ai, t\u0101d\u0113j\u0101di j\u016bsu logotips b\u016bs redzams visu nakti. Vienk\u0101r\u0161a poga pamatn\u0113 aktiviz\u0113 spilgtas, daudzkr\u0101sainas LED gaismas, kas pied\u0101v\u0101 tr\u012bs dinamiskus re\u017e\u012bmus: nep\u0101rtrauktu deg\u0161anu, \u0101tru mirgo\u0161anu un l\u0113nu mirgo\u0161anu.<\/p>\n<p>\u0160\u012b gl\u0101ze ir lieliski piem\u0113rota sagaid\u012b\u0161anas dz\u0113rienu, \u012bpa\u0161u tostu pasnieg\u0161anai vai k\u0101 valk\u0101jams rekl\u0101mas suven\u012brs. Baterijas ir iek\u013cautas komplekt\u0101, nodro\u0161inot, ka t\u0101s ir gatavas t\u016bl\u012bt\u0113jai lieto\u0161anai.<\/p>\n<p><b>Galven\u0101s iez\u012bmes:<\/b><\/p>\n<ul>\n<li><b>Ietilp\u012bba:<\/b> 50 ml<\/li>\n<li><b>Materi\u0101ls:<\/b> Iztur\u012bga, BPA nesaturo\u0161a PS plastmasa<\/li>\n<li><b>Apgaismojums:<\/b> 3 gaismas re\u017e\u012bmi (nep\u0101rtraukta gaisma, \u0101tra mirgo\u0161ana, l\u0113na mirgo\u0161ana)<\/li>\n<li><b>Valk\u0101jams:<\/b> \u0112rt\u012bbas labad iek\u013cauta poliestera kakla siksni\u0146a<\/li>\n<li><b>Gatavs lieto\u0161anai:<\/b> Pogas formas baterijas ir iek\u013cautas un uzst\u0101d\u012btas<\/li>\n<li><b>Aktiviz\u0113\u0161ana:<\/b> Vienk\u0101r\u0161a spiedpoga pamatn\u0113<\/li>\n<\/ul>","protected":false},"excerpt":{"rendered":"<ul>\n<li>Apr\u012bkots ar 3 LED gaismas re\u017e\u012bmiem (past\u0101v\u012bga gaisma un mirgo\u0161ana) labai redzam\u012bbai.<\/li>\n<li>Iek\u013cauta \u0113rta kakla siksni\u0146a br\u012bvroku n\u0113s\u0101\u0161anai pas\u0101kumos.<\/li>\n<li>Iztur\u012bgs, 50 ml ietilp\u012bba un izgatavots no BPA nesaturo\u0161as plastmasas.<\/li>\n<li>Gatavs t\u016bl\u012bt\u0113jai lieto\u0161anai ar iek\u013caut\u0101m un uzst\u0101d\u012bt\u0101m baterij\u0101m.<\/li>\n<li><\/li>\n<\/ul>","protected":false},"featured_media":6549,"comment_status":"closed","ping_status":"closed","template":"","meta":[],"product_brand":[],"product_cat":[43,68,119,45],"product_tag":[],"class_list":{"0":"post-5175","1":"product","2":"type-product","3":"status-publish","4":"has-post-thumbnail","6":"product_cat-lanyards","7":"product_cat-event-supplies","8":"product_cat-drinkware-accessories","9":"product_cat-other","11":"first","12":"instock","13":"shipping-taxable","14":"purchasable","15":"product-type-simple"},"_links":{"self":[{"href":"https:\/\/displayproducts.eu\/lv\/wp-json\/wp\/v2\/product\/5175","targetHints":{"allow":["GET"]}}],"collection":[{"href":"https:\/\/displayproducts.eu\/lv\/wp-json\/wp\/v2\/product"}],"about":[{"href":"https:\/\/displayproducts.eu\/lv\/wp-json\/wp\/v2\/types\/product"}],"replies":[{"embeddable":true,"href":"https:\/\/displayproducts.eu\/lv\/wp-json\/wp\/v2\/comments?post=5175"}],"wp:featuredmedia":[{"embeddable":true,"href":"https:\/\/displayproducts.eu\/lv\/wp-json\/wp\/v2\/media\/6549"}],"wp:attachment":[{"href":"https:\/\/displayproducts.eu\/lv\/wp-json\/wp\/v2\/media?parent=5175"}],"wp:term":[{"taxonomy":"product_brand","embeddable":true,"href":"https:\/\/displayproducts.eu\/lv\/wp-json\/wp\/v2\/product_brand?post=5175"},{"taxonomy":"product_cat","embeddable":true,"href":"https:\/\/displayproducts.eu\/lv\/wp-json\/wp\/v2\/product_cat?post=5175"},{"taxonomy":"product_tag","embeddable":true,"href":"https:\/\/displayproducts.eu\/lv\/wp-json\/wp\/v2\/product_tag?post=5175"}],"curies":[{"name":"wp","href":"https:\/\/api.w.org\/{rel}","templated":true}]}}