{"id":5171,"date":"2025-10-20T21:47:54","date_gmt":"2025-10-20T18:47:54","guid":{"rendered":"https:\/\/wristbandfactory.eu\/?post_type=product&#038;p=5171"},"modified":"2026-04-01T21:52:35","modified_gmt":"2026-04-01T18:52:35","slug":"printable-gold-medals","status":"publish","type":"product","link":"https:\/\/displayproducts.eu\/lv\/p\/printable-gold-medals\/","title":{"rendered":"Druk\u0101jamas zelta meda\u013cas"},"content":{"rendered":"<p>Izveidojiet piel\u0101gotas balvas savam konkursam, ceremonijai vai korporat\u012bvajai atzin\u012bbas programmai. \u0160\u012bs augstas kvalit\u0101tes met\u0101la meda\u013cas pied\u0101v\u0101 profesion\u0101lu un ilgsto\u0161u veidu, k\u0101 atz\u012bm\u0113t pan\u0101kumus un uzlabot j\u016bsu organiz\u0101cijas presti\u017eu.<\/p>\n<p>\u0160ai meda\u013cai ir spilgts, gluds zelta p\u0101rkl\u0101jums, kas pie\u0161\u0137ir klasisku izskatu jebkuram sasniegumam. T\u0101 ir \u012bpa\u0161i izstr\u0101d\u0101ta personaliz\u0101cijai. Meda\u013cai ir speci\u0101la gluda zona, kas ir ide\u0101li piem\u0113rota j\u016bsu pilnkr\u0101su piel\u0101gota logotipa, teksta vai dizaina uzkl\u0101\u0161anai, izmantojot sublim\u0101ciju (sublim\u0101cijas disks\/druka nav iek\u013cauta). \u0160is process \u013cauj atsevi\u0161\u0137i izdruk\u0101t savus z\u012bmola dizainus un uzkl\u0101t tos, lai ieg\u016btu asu un spilgtu rezult\u0101tu. Katra meda\u013ca ir gatava pasnieg\u0161anai, un tai ir pievienota sarkana poliestera kakla lente.<\/p>\n<p><b>Galven\u0101s iez\u012bmes:<\/b><\/p>\n<ul>\n<li><b>Materi\u0101ls:<\/b> Augstas kvalit\u0101tes met\u0101ls.<\/li>\n<li><b>Apdare:<\/b> Pul\u0113ts zelta tonis.<\/li>\n<li><b>Piel\u0101go\u0161ana:<\/b> Paredz\u0113ts piel\u0101gotas sublim\u0101cijas drukas uzkl\u0101\u0161anai.<\/li>\n<li><b>Iek\u013cauts:<\/b> N\u0101k komplekt\u0101 ar iztur\u012bgu sarkanu poliestera kakla lent\u012bti.<\/li>\n<li><b>Lieto\u0161anas gad\u012bjums:<\/b> Lieliski piem\u0113rots sporta turn\u012briem, akad\u0113misk\u0101m balv\u0101m un darbinieku atzin\u012bbai.<\/li>\n<\/ul>","protected":false},"excerpt":{"rendered":"<ul>\n<li>Augst\u0101k\u0101s kvalit\u0101tes met\u0101la meda\u013ca ar pul\u0113tu zelta apdari.<\/li>\n<li>Paredz\u0113ts piel\u0101gotai sublim\u0101cijas druk\u0101\u0161anai (druk\u0101jamais ieliktnis nav iek\u013cauts).<\/li>\n<li>Ide\u0101li piem\u0113rots korporat\u012bvaj\u0101m balv\u0101m, sporta l\u012bg\u0101m un skolas pas\u0101kumiem.<\/li>\n<li>Komplekt\u0101 ietilpst klasiska sarkana poliestera kakla lente.<\/li>\n<\/ul>\n<p>&nbsp;<\/p>","protected":false},"featured_media":6561,"comment_status":"closed","ping_status":"closed","template":"","meta":[],"product_brand":[],"product_cat":[68,102],"product_tag":[],"class_list":{"0":"post-5171","1":"product","2":"type-product","3":"status-publish","4":"has-post-thumbnail","6":"product_cat-event-supplies","7":"product_cat-medals","9":"first","10":"instock","11":"shipping-taxable","12":"purchasable","13":"product-type-simple"},"_links":{"self":[{"href":"https:\/\/displayproducts.eu\/lv\/wp-json\/wp\/v2\/product\/5171","targetHints":{"allow":["GET"]}}],"collection":[{"href":"https:\/\/displayproducts.eu\/lv\/wp-json\/wp\/v2\/product"}],"about":[{"href":"https:\/\/displayproducts.eu\/lv\/wp-json\/wp\/v2\/types\/product"}],"replies":[{"embeddable":true,"href":"https:\/\/displayproducts.eu\/lv\/wp-json\/wp\/v2\/comments?post=5171"}],"wp:featuredmedia":[{"embeddable":true,"href":"https:\/\/displayproducts.eu\/lv\/wp-json\/wp\/v2\/media\/6561"}],"wp:attachment":[{"href":"https:\/\/displayproducts.eu\/lv\/wp-json\/wp\/v2\/media?parent=5171"}],"wp:term":[{"taxonomy":"product_brand","embeddable":true,"href":"https:\/\/displayproducts.eu\/lv\/wp-json\/wp\/v2\/product_brand?post=5171"},{"taxonomy":"product_cat","embeddable":true,"href":"https:\/\/displayproducts.eu\/lv\/wp-json\/wp\/v2\/product_cat?post=5171"},{"taxonomy":"product_tag","embeddable":true,"href":"https:\/\/displayproducts.eu\/lv\/wp-json\/wp\/v2\/product_tag?post=5171"}],"curies":[{"name":"wp","href":"https:\/\/api.w.org\/{rel}","templated":true}]}}