{"id":5144,"date":"2025-10-14T23:32:11","date_gmt":"2025-10-14T20:32:11","guid":{"rendered":"https:\/\/wristbandfactory.eu\/?post_type=product&#038;p=5144"},"modified":"2026-04-01T21:52:35","modified_gmt":"2026-04-01T18:52:35","slug":"numbered-plain-tyvek-wristbands","status":"publish","type":"product","link":"https:\/\/displayproducts.eu\/lv\/p\/numbered-plain-tyvek-wristbands\/","title":{"rendered":"Numur\u0113tas bez apdrukas Tyvek aproces"},"content":{"rendered":"<p>Racionaliz\u0113jiet piek\u013cuves kontroli savam pas\u0101kumam un uzlabojiet dro\u0161\u012bbu ar m\u016bsu iztur\u012bgaj\u0101m vienk\u0101r\u0161aj\u0101m Tyvek aproc\u0113m. \u0160\u012bs aproces, kas paredz\u0113tas profesion\u0101lai lieto\u0161anai, pied\u0101v\u0101 uzticamu un rentablu risin\u0101jumu viesu p\u0101rvald\u012bbai, ieejas kontrolei un identifik\u0101cijas vienk\u0101r\u0161o\u0161anai jebkur\u0101 pulc\u0113\u0161an\u0101s laik\u0101.<\/p>\n<h3>Rad\u012bts dro\u0161\u012bbai un redzam\u012bbai<\/h3>\n<p>M\u016bsu aproces ir izgatavotas no autentiska DuPont\u2122 Tyvek\u00ae materi\u0101la, t\u0101s ir \u016bdensnecaurlaid\u012bgas, pl\u012bsumiztur\u012bgas un apr\u012bkotas ar dro\u0161u, pret viltojumiem dro\u0161u l\u012bmlenti. Katrai aprocei ir unik\u0101ls, iepriek\u0161 iespiests s\u0113rijas numurs, lai nov\u0113rstu kr\u0101p\u0161anu un vienk\u0101r\u0161otu viesu skait\u012b\u0161anu.<\/p>\n<h3>Izv\u0113lieties platumu: 19 mm vai 25 mm<\/h3>\n<p>Izv\u0113lieties izm\u0113ru, kas vislab\u0101k atbilst j\u016bsu pas\u0101kuma redzam\u012bbas pras\u012bb\u0101m:<\/p>\n<h3>19 mm standarta platums (nozares standarts)<\/h3>\n<p>Popul\u0101r\u0101k\u0101 izv\u0113le 90% pas\u0101kumiem. T\u0101 pied\u0101v\u0101 perfektu l\u012bdzsvaru starp komfortu un redzam\u012bbu.<\/p>\n<ul>\n<li><b>Vislab\u0101k piem\u0113rots:<\/b> Vienas dienas festiv\u0101li, koncerti, naktsklubi un priv\u0101tas ball\u012btes.<\/li>\n<li><b>Ieguvums:<\/b> Neman\u0101mi saj\u016btams uz plaukstas loc\u012btavas, bet apsardzes darbiniekiem viegli p\u0101rbaud\u0101ms.<\/li>\n<\/ul>\n<h3>25 mm \u012bpa\u0161i plats (maksim\u0101la redzam\u012bba)<\/h3>\n<p>Nodro\u0161ina liel\u0101ku virsmas laukumu, padarot kr\u0101su un numer\u0101ciju redzamu no liel\u0101ka att\u0101luma.<\/p>\n<ul>\n<li><b>Vislab\u0101k piem\u0113rots:<\/b> VIP identifik\u0101cija, p\u0101rpild\u012btas norises vietas vai pas\u0101kumi, kuros nepiecie\u0161amas ar roku rakst\u012btas piez\u012bmes uz grupas.<\/li>\n<li><b>Ieguvums:<\/b> Augst\u0101ka redzam\u012bba veicina \u0101tr\u0101ku p\u016b\u013ca apstr\u0101di ieejas punktos.<\/li>\n<\/ul>\n<h3>Galven\u0101s iez\u012bmes:<\/h3>\n<ul>\n<li><b>Sec\u012bg\u0101 numer\u0101cija:<\/b> Katrai joslai ir unik\u0101ls numurs uzlabotai dro\u0161\u012bbai un viesu izseko\u0161anai.<\/li>\n<li><b>\u012asts DuPont\u2122 Tyvek\u00ae:<\/b> \u016adensnecaurlaid\u012bgs un pl\u012bsumiztur\u012bgs materi\u0101ls uzticamai lieto\u0161anai pas\u0101kumos.<\/li>\n<li><b>Aizsardz\u012bba pret viltojumiem:<\/b> Dro\u0161a vienreizlietojama l\u012bmlente nov\u0113r\u0161 p\u0101rne\u0161anu starp viesiem.<\/li>\n<li><b>Divas platuma opcijas:<\/b> Pieejams standarta (19 mm) vai plat\u0101 (25 mm) versij\u0101.<\/li>\n<li><b>Spilgtas kr\u0101su opcijas:<\/b> Pieejams neona, met\u0101lisk\u0101s un standarta kr\u0101s\u0101s, lai viesi b\u016btu viegli vizu\u0101li segment\u0113jami.<\/li>\n<li><b>Lieto\u0161anas gad\u012bjums:<\/b> Ide\u0101li piem\u0113rots piek\u013cuves kontrolei, vecuma p\u0101rbaudei un viesu identifik\u0101cijai.<\/li>\n<\/ul>","protected":false},"excerpt":{"rendered":"<ul>\n<li>Pied\u0101v\u0101 unik\u0101lu sec\u012bgu numer\u0101ciju dro\u0161ai piek\u013cuves kontrolei un viesu izseko\u0161anai.<\/li>\n<li>Izgatavots no \u012bsta DuPont\u2122 Tyvek\u00ae (\u016bdensnecaurlaid\u012bga un pl\u012bsumiztur\u012bga).<\/li>\n<li>Pla\u0161s spilgtu kr\u0101su kl\u0101sts, lai viesi b\u016btu viegli vizu\u0101li atpaz\u012bstami.<\/li>\n<li>Aizsargl\u012bmju aizdare ar viltojumiem nov\u0113r\u0161 p\u0101rvieto\u0161anu starp dal\u012bbniekiem.<\/li>\n<\/ul>","protected":false},"featured_media":6111,"comment_status":"closed","ping_status":"closed","template":"","meta":[],"product_brand":[],"product_cat":[66,41,68],"product_tag":[],"class_list":{"0":"post-5144","1":"product","2":"type-product","3":"status-publish","4":"has-post-thumbnail","6":"product_cat-wristbands","7":"product_cat-tyvek","8":"product_cat-event-supplies","10":"first","11":"instock","12":"shipping-taxable","13":"purchasable","14":"product-type-simple"},"_links":{"self":[{"href":"https:\/\/displayproducts.eu\/lv\/wp-json\/wp\/v2\/product\/5144","targetHints":{"allow":["GET"]}}],"collection":[{"href":"https:\/\/displayproducts.eu\/lv\/wp-json\/wp\/v2\/product"}],"about":[{"href":"https:\/\/displayproducts.eu\/lv\/wp-json\/wp\/v2\/types\/product"}],"replies":[{"embeddable":true,"href":"https:\/\/displayproducts.eu\/lv\/wp-json\/wp\/v2\/comments?post=5144"}],"wp:featuredmedia":[{"embeddable":true,"href":"https:\/\/displayproducts.eu\/lv\/wp-json\/wp\/v2\/media\/6111"}],"wp:attachment":[{"href":"https:\/\/displayproducts.eu\/lv\/wp-json\/wp\/v2\/media?parent=5144"}],"wp:term":[{"taxonomy":"product_brand","embeddable":true,"href":"https:\/\/displayproducts.eu\/lv\/wp-json\/wp\/v2\/product_brand?post=5144"},{"taxonomy":"product_cat","embeddable":true,"href":"https:\/\/displayproducts.eu\/lv\/wp-json\/wp\/v2\/product_cat?post=5144"},{"taxonomy":"product_tag","embeddable":true,"href":"https:\/\/displayproducts.eu\/lv\/wp-json\/wp\/v2\/product_tag?post=5144"}],"curies":[{"name":"wp","href":"https:\/\/api.w.org\/{rel}","templated":true}]}}