{"id":5130,"date":"2025-10-13T13:22:52","date_gmt":"2025-10-13T10:22:52","guid":{"rendered":"https:\/\/wristbandfactory.eu\/?post_type=product&#038;p=5130"},"modified":"2026-04-01T21:52:35","modified_gmt":"2026-04-01T18:52:35","slug":"fluorescent-fabric-wristbands-uv-reactive","status":"publish","type":"product","link":"https:\/\/displayproducts.eu\/lv\/p\/fluorescent-fabric-wristbands-uv-reactive\/","title":{"rendered":"Fluoresc\u0113jo\u0161as auduma aproces (UV rea\u0123\u0113jo\u0161as)"},"content":{"rendered":"<p data-path-to-node=\"8\">P\u0101rvaldiet sava pas\u0101kuma dro\u0161\u012bbu v\u0101ji apgaismot\u0101 vid\u0113 ar m\u016bsu fluoresc\u0113jo\u0161\u0101m auduma aproc\u0113m. \u0160is ir ide\u0101ls risin\u0101jums naktsklubiem, koncertiem un vakara festiv\u0101liem, kuriem nepiecie\u0161ama laba redzam\u012bba un uzticama piek\u013cuves kontrole.<\/p>\n<h3>Augstas redzam\u012bbas UV\/meln\u0101s gaismas funkcija<\/h3>\n<p data-path-to-node=\"10\">Aproce ir izgatavota no m\u012bksta, piesk\u0101rienam pat\u012bkama poliestera ko\u0161\u0101s fluoresc\u0113jo\u0161\u0101s kr\u0101s\u0101s. \u0160is materi\u0101ls ir labi redzams dienasgaism\u0101 un <b>spilgti sp\u012bd UV\/meln\u0101 gaism\u0101<\/b>, uzlabojot gan person\u0101la dro\u0161\u012bbas p\u0101rbaudes, gan j\u016bsu z\u012bmola kl\u0101tb\u016btni tums\u0101.<\/p>\n<h3>Konfigur\u0113jiet savu dro\u0161\u012bbas sl\u0113dzeni<\/h3>\n<p data-path-to-node=\"12\">Nodro\u0161iniet stabilu piek\u013cuves kontroli, izv\u0113loties sl\u0113dzeni, kas atbilst j\u016bsu pas\u0101kuma vajadz\u012bb\u0101m. \u0160\u012bs fluoresc\u0113jo\u0161\u0101s lentes ir sader\u012bgas ar visu m\u016bsu sl\u0113dze\u0146u kl\u0101stu:<\/p>\n<ul data-path-to-node=\"13\">\n<li>\n<p data-path-to-node=\"13,0,0\"><b>Augstas dro\u0161\u012bbas sl\u0113dzene:<\/b> Regul\u0113jama, vienvirziena dro\u0161\u012bbas aizdare (izgatavota no ABS), lai nov\u0113rstu p\u0101rvieto\u0161anu un neat\u013cautu iek\u013c\u016b\u0161anu.<\/p>\n<\/li>\n<li>\n<p data-path-to-node=\"13,1,0\"><b>Atk\u0101rtoti lietojama sl\u0113dzene:<\/b> Regul\u0113jama p\u0113rl\u012bte elast\u012bgai lieto\u0161anai vai pas\u0101kumiem, kuros aproces var no\u0146emt.<\/p>\n<\/li>\n<li>\n<p data-path-to-node=\"13,2,0\"><b>Videi draudz\u012bga bambusa sl\u0113dzene:<\/b> Ilgtsp\u0113j\u012bga, vienreiz lietojama sl\u0113dzene, kas labi sader ar jebkuru auduma siksni\u0146u.<\/p>\n<\/li>\n<\/ul>\n<p data-path-to-node=\"14\">Iztur\u012bg\u0101, \u0113rt\u0101 poliestera lente ir ide\u0101la virsma j\u016bsu pas\u016bt\u012bjuma druk\u0101tajam logotipam, nodro\u0161inot, ka j\u016bsu z\u012bmols ir redzams pat tums\u0101.<\/p>\n<h3 data-path-to-node=\"15\">Galven\u0101s iez\u012bmes:<\/h3>\n<ul data-path-to-node=\"16\">\n<li>\n<p data-path-to-node=\"16,0,0\"><b>Augstas redzam\u012bbas materi\u0101ls:<\/b> Spilgti sp\u012bd UV\/melnaj\u0101 gaism\u0101, lai to b\u016btu viegli identific\u0113t tums\u0101.<\/p>\n<\/li>\n<li>\n<p data-path-to-node=\"16,1,0\"><b>Vair\u0101kas blo\u0137\u0113\u0161anas iesp\u0113jas:<\/b> Izv\u0113lieties starp augstas dro\u0161\u012bbas (vienreiz\u0113j\u0101s lieto\u0161anas), atk\u0101rtoti lietojamiem vai videi draudz\u012bgiem bambusa aizb\u0101\u017e\u0146iem.<\/p>\n<\/li>\n<li>\n<p data-path-to-node=\"16,2,0\"><b>Iztur\u012bgs poliestera audums:<\/b> M\u012bksts, iztur\u012bgs materi\u0101ls, kas paredz\u0113ts \u0113rtai ilgsto\u0161ai valk\u0101\u0161anai.<\/p>\n<\/li>\n<li>\n<p data-path-to-node=\"16,3,0\"><b>Piln\u012bb\u0101 piel\u0101gojams:<\/b> Ide\u0101la virsma pas\u0101kuma logotipa vai sponsora z\u012bmola pas\u016bt\u012bjuma druk\u0101\u0161anai.<\/p>\n<\/li>\n<li>\n<p data-path-to-node=\"16,4,0\"><b>Univers\u0101ls piegulums:<\/b> Regul\u0113jam\u0101 sl\u0113dzenes konstrukcija \u0113rti piegu\u013c jebkura izm\u0113ra plaukstas loc\u012btavai.<\/p>\n<\/li>\n<\/ul>","protected":false},"excerpt":{"rendered":"<ul>\n<li>\n<p data-path-to-node=\"7,0,0\"><b>Rea\u0123\u0113 uz UV\/melno gaismu:<\/b> Spilgti sp\u012bd v\u0101j\u0101 apgaismojum\u0101, lai to b\u016btu viegli identific\u0113t.<\/p>\n<\/li>\n<li>\n<p data-path-to-node=\"7,1,0\"><b>Blo\u0137\u0113\u0161anas opcijas:<\/b> Izv\u0113lieties augstas dro\u0161\u012bbas sl\u0113dzeni, atk\u0101rtoti lietojamu p\u0113rl\u012bti vai videi draudz\u012bgu bambusa sl\u0113dzeni.<\/p>\n<\/li>\n<li>\n<p data-path-to-node=\"7,2,0\"><b>Iztur\u012bgs un \u0113rts:<\/b> Izgatavots no m\u012bksta, iztur\u012bga poliestera materi\u0101la \u0113rtai valk\u0101\u0161anai vair\u0101ku dienu laik\u0101.<\/p>\n<\/li>\n<li>\n<p data-path-to-node=\"7,3,0\"><b>Piln\u012bb\u0101 piel\u0101gojams:<\/b> Ide\u0101ls audekls j\u016bsu piel\u0101gotajam logotipa vai pas\u0101kuma v\u0113st\u012bjuma apdrukai.<\/p>\n<\/li>\n<\/ul>","protected":false},"featured_media":6383,"comment_status":"closed","ping_status":"closed","template":"","meta":[],"product_brand":[],"product_cat":[66,47,68],"product_tag":[],"class_list":{"0":"post-5130","1":"product","2":"type-product","3":"status-publish","4":"has-post-thumbnail","6":"product_cat-wristbands","7":"product_cat-fabric-wristbands","8":"product_cat-event-supplies","10":"first","11":"instock","12":"shipping-taxable","13":"purchasable","14":"product-type-simple"},"_links":{"self":[{"href":"https:\/\/displayproducts.eu\/lv\/wp-json\/wp\/v2\/product\/5130","targetHints":{"allow":["GET"]}}],"collection":[{"href":"https:\/\/displayproducts.eu\/lv\/wp-json\/wp\/v2\/product"}],"about":[{"href":"https:\/\/displayproducts.eu\/lv\/wp-json\/wp\/v2\/types\/product"}],"replies":[{"embeddable":true,"href":"https:\/\/displayproducts.eu\/lv\/wp-json\/wp\/v2\/comments?post=5130"}],"wp:featuredmedia":[{"embeddable":true,"href":"https:\/\/displayproducts.eu\/lv\/wp-json\/wp\/v2\/media\/6383"}],"wp:attachment":[{"href":"https:\/\/displayproducts.eu\/lv\/wp-json\/wp\/v2\/media?parent=5130"}],"wp:term":[{"taxonomy":"product_brand","embeddable":true,"href":"https:\/\/displayproducts.eu\/lv\/wp-json\/wp\/v2\/product_brand?post=5130"},{"taxonomy":"product_cat","embeddable":true,"href":"https:\/\/displayproducts.eu\/lv\/wp-json\/wp\/v2\/product_cat?post=5130"},{"taxonomy":"product_tag","embeddable":true,"href":"https:\/\/displayproducts.eu\/lv\/wp-json\/wp\/v2\/product_tag?post=5130"}],"curies":[{"name":"wp","href":"https:\/\/api.w.org\/{rel}","templated":true}]}}