{"id":5108,"date":"2025-10-06T22:07:55","date_gmt":"2025-10-06T19:07:55","guid":{"rendered":"https:\/\/wristbandfactory.eu\/?post_type=product&#038;p=5108"},"modified":"2026-04-01T21:52:35","modified_gmt":"2026-04-01T18:52:35","slug":"custom-engraved-printed-wooden-medals","status":"publish","type":"product","link":"https:\/\/displayproducts.eu\/lv\/p\/custom-engraved-printed-wooden-medals\/","title":{"rendered":"P\u0113c pas\u016bt\u012bjuma grav\u0113tas un apdruk\u0101tas koka meda\u013cas"},"content":{"rendered":"<p>Pie\u0161\u0137iriet saviem apbalvojumiem dabisku un ilgtsp\u0113j\u012bgu est\u0113tiku ar m\u016bsu piel\u0101gotaj\u0101m koka meda\u013c\u0101m. \u0160\u012bs meda\u013cas ir lieliski piem\u0113rotas pas\u0101kumiem br\u012bv\u0101 dab\u0101, videi draudz\u012bgiem z\u012bmoliem un unik\u0101l\u0101m atzin\u012bb\u0101m, pied\u0101v\u0101jot siltu, zemniecisku alternat\u012bvu tradicion\u0101laj\u0101m met\u0101la apbalvojumiem. Izgatavotas jebk\u0101d\u0101 piel\u0101got\u0101 form\u0101, t\u0101s ir neaizmirstams un videi draudz\u012bgs veids, k\u0101 atz\u012bm\u0113t sasniegumus.<\/p>\n<p><b>Daudzpus\u012bgas dizaina iesp\u0113jas<\/b> M\u0113s pied\u0101v\u0101jam tr\u012bs at\u0161\u0137ir\u012bgas metodes, k\u0101 iedz\u012bvin\u0101t j\u016bsu dizainu uz koka virsmas:<\/p>\n<ol start=\"1\">\n<li><b>Iegrav\u0113ts logotips:<\/b> Lai ieg\u016btu klasisku, rustik\u0101lu izskatu, j\u016bsu dizains tiek l\u0101zergrav\u0113ts tie\u0161i kok\u0101, radot skaistu, taust\u0101mu apdari, kas izce\u013c dabisko koksnes \u0161\u0137iedru.<\/li>\n<li><b>Sietspiede:<\/b> Ide\u0101li piem\u0113rots trekniem, vienkr\u0101sainiem logotipiem, kas skaidri izce\u013cas uz koka fona.<\/li>\n<li><b>Pilnkr\u0101su UV druka:<\/b> Lai rad\u012btu spilgtus, sare\u017e\u0123\u012btus m\u0101kslas darbus, m\u016bsu uzlabotais UV drukas process prec\u012bzi un iztur\u012bgi uzkl\u0101j j\u016bsu pilnkr\u0101su dizainu tie\u0161i uz koka virsmas.<\/li>\n<\/ol>\n<p>Katru meda\u013cu var personaliz\u0113t ar individu\u0101liem v\u0101rdiem un cipariem, kas iegrav\u0113ti aizmugur\u0113.<\/p>\n<p><b>Augst\u0101k\u0101s kvalit\u0101tes un ilgtsp\u0113j\u012bgas lentes<\/b> Lai apbalvojumu papildin\u0101tu, katrai meda\u013cai ir pievienota augst\u0101k\u0101s kvalit\u0101tes 80 cm gara lente, kas ab\u0101s pus\u0113s ir apdruk\u0101ta pilnkr\u0101su kr\u0101s\u0101. J\u016bs varat izv\u0113l\u0113ties starp standarta cilpu d\u016brienu poliestera lenti vai <b>videi draudz\u012bga rPET lente<\/b> izgatavots no p\u0101rstr\u0101d\u0101tiem materi\u0101liem, v\u0113l vair\u0101k uzlabojot j\u016bsu pas\u0101kuma ilgtsp\u0113j\u012bbas pievilc\u012bbu.<\/p>\n<p><b>Galven\u0101s iez\u012bmes:<\/b><\/p>\n<ul>\n<li><b>Dab\u012bg\u0101 koka materi\u0101ls:<\/b> Nodro\u0161ina unik\u0101lu, zemniecisku un videi draudz\u012bgu est\u0113tiku.<\/li>\n<li><b>Tr\u012bs dizaina iesp\u0113jas:<\/b> Izv\u0113lieties l\u0101zergrav\u0113jumu, vienkr\u0101sainu sietspiedi vai pilnkr\u0101su UV druku.<\/li>\n<li><b>Piln\u012bb\u0101 piel\u0101gota forma:<\/b> Izveidojiet meda\u013cu jebk\u0101d\u0101 form\u0101, kas lieliski atbilst j\u016bsu pas\u0101kumam vai z\u012bmolam.<\/li>\n<li><b>Iek\u013cautas pilnkr\u0101su druk\u0101tas lentes:<\/b> J\u016bsu dizains ir iespiests ab\u0101s lentes pus\u0113s.<\/li>\n<li><b>Videi draudz\u012bga rPET lentes opcija:<\/b> Ilgtsp\u0113j\u012bga lentes izv\u0113le, kas izgatavota no p\u0101rstr\u0101d\u0101tiem materi\u0101liem.<\/li>\n<li><b>Individu\u0101la v\u0101rda un numura grav\u0113\u0161ana:<\/b> Personaliz\u0113jiet katru meda\u013cu sa\u0146\u0113m\u0113jam aizmugur\u0113.<\/li>\n<\/ul>","protected":false},"excerpt":{"rendered":"<p>Izv\u0113lieties unik\u0101lu un ilgtsp\u0113j\u012bgu apbalvojumu ar m\u016bsu piel\u0101gotaj\u0101m koka meda\u013c\u0101m. J\u016bsu dizainu var izgatavot jebk\u0101d\u0101 form\u0101, iegrav\u0113jot, sietspiedes vai UV apdrukas tehnik\u0101 ar piln\u0101m, ko\u0161\u0101m kr\u0101s\u0101m.<\/p>","protected":false},"featured_media":6458,"comment_status":"closed","ping_status":"closed","template":"","meta":[],"product_brand":[],"product_cat":[102,45],"product_tag":[],"class_list":{"0":"post-5108","1":"product","2":"type-product","3":"status-publish","4":"has-post-thumbnail","6":"product_cat-medals","7":"product_cat-other","9":"first","10":"instock","11":"shipping-taxable","12":"purchasable","13":"product-type-simple"},"_links":{"self":[{"href":"https:\/\/displayproducts.eu\/lv\/wp-json\/wp\/v2\/product\/5108","targetHints":{"allow":["GET"]}}],"collection":[{"href":"https:\/\/displayproducts.eu\/lv\/wp-json\/wp\/v2\/product"}],"about":[{"href":"https:\/\/displayproducts.eu\/lv\/wp-json\/wp\/v2\/types\/product"}],"replies":[{"embeddable":true,"href":"https:\/\/displayproducts.eu\/lv\/wp-json\/wp\/v2\/comments?post=5108"}],"wp:featuredmedia":[{"embeddable":true,"href":"https:\/\/displayproducts.eu\/lv\/wp-json\/wp\/v2\/media\/6458"}],"wp:attachment":[{"href":"https:\/\/displayproducts.eu\/lv\/wp-json\/wp\/v2\/media?parent=5108"}],"wp:term":[{"taxonomy":"product_brand","embeddable":true,"href":"https:\/\/displayproducts.eu\/lv\/wp-json\/wp\/v2\/product_brand?post=5108"},{"taxonomy":"product_cat","embeddable":true,"href":"https:\/\/displayproducts.eu\/lv\/wp-json\/wp\/v2\/product_cat?post=5108"},{"taxonomy":"product_tag","embeddable":true,"href":"https:\/\/displayproducts.eu\/lv\/wp-json\/wp\/v2\/product_tag?post=5108"}],"curies":[{"name":"wp","href":"https:\/\/api.w.org\/{rel}","templated":true}]}}