{"id":5103,"date":"2025-10-06T22:03:40","date_gmt":"2025-10-06T19:03:40","guid":{"rendered":"https:\/\/wristbandfactory.eu\/?post_type=product&#038;p=5103"},"modified":"2026-04-01T21:52:35","modified_gmt":"2026-04-01T18:52:35","slug":"custom-3d-medals-with-uv-color-printing","status":"publish","type":"product","link":"https:\/\/displayproducts.eu\/lv\/p\/custom-3d-medals-with-uv-color-printing\/","title":{"rendered":"Piel\u0101gotas 3D meda\u013cas ar UV kr\u0101su druku"},"content":{"rendered":"<p>Atkl\u0101jiet nep\u0101rsp\u0113jamas dizaina iesp\u0113jas ar m\u016bsu piel\u0101gotaj\u0101m 3D meda\u013c\u0101m ar UV kr\u0101su druku. \u0160\u012b modern\u0101 tehnika apvieno liet\u0101s 3D reljef\u0101s meda\u013cas taustes dzi\u013cumu ar pilnkr\u0101su drukas spilgtaj\u0101m deta\u013c\u0101m, radot apbalvojumu ar satrieco\u0161u vizu\u0101lo un tekstur\u0101lo efektu, kas noteikti atst\u0101s iespaidu.<\/p>\n<p><b>Kr\u0101sa satiek tekst\u016bru<\/b> At\u0161\u0137ir\u012bb\u0101 no tradicion\u0101laj\u0101m metod\u0113m, UV druka uzkl\u0101j j\u016bsu pilnkr\u0101su dizainu tie\u0161i uz meda\u013cas virsmas, perfekti piel\u0101gojoties j\u016bsu piel\u0101got\u0101 3D dizaina paceltaj\u0101m un padzi\u013cin\u0101taj\u0101m zon\u0101m. Tas \u013cauj sare\u017e\u0123\u012btiem, kr\u0101sainiem logotipiem un m\u0101kslas darbiem past\u0101v\u0113t l\u012bdz\u0101s taust\u0101mam, met\u0101liskam reljefam. Pati meda\u013ca ir izgatavota no augst\u0101k\u0101s kvalit\u0101tes cinka sakaus\u0113juma, kas \u013cauj izveidot sare\u017e\u0123\u012btas piel\u0101gotas formas un izgriezumus.<\/p>\n<p><b>Augst\u0101k\u0101s kvalit\u0101tes pilnkr\u0101su lentes<\/b> Lai papildin\u0101tu augst\u0101k\u0101s kvalit\u0101tes meda\u013cu, katrai balvai ir pievienota augstas kvalit\u0101tes lente, kas ab\u0101s pus\u0113s ir apdruk\u0101ta ko\u0161\u0101s kr\u0101s\u0101s. Izv\u0113lieties starp klasisko poliesteru vai videi draudz\u012bgo lenti. <b>rPET lente<\/b> izgatavots no p\u0101rstr\u0101d\u0101tiem materi\u0101liem, lai atbilstu j\u016bsu organiz\u0101cijas ilgtsp\u0113j\u012bbas m\u0113r\u0137iem.<\/p>\n<p><b>Piln\u012bgas piel\u0101go\u0161anas iesp\u0113jas<\/b><\/p>\n<ul>\n<li><b>Meda\u013ca:<\/b> J\u016bsu dizainu var izgatavot jebkur\u0101 piel\u0101got\u0101 form\u0101 l\u012bdz 65 mm. Izv\u0113lieties no 8 da\u017e\u0101d\u0101m met\u0101la pamatnes ap\u0161uvuma kr\u0101s\u0101m. P\u0113c izv\u0113les varat pievienot paceltu vai iegremd\u0113tu logotipa dizainu aizmugur\u0113, k\u0101 ar\u012b iegrav\u0113t individu\u0101lus v\u0101rdus un ciparus.<\/li>\n<li><b>Lente:<\/b> Iek\u013cauta 80 cm gara, ar cilp\u0101m sa\u0161\u016bta lente ar pilnkr\u0101su apdruku ab\u0101s pus\u0113s.<\/li>\n<\/ul>\n<p>&nbsp;<\/p>\n<p><b>\u201cUzvaro\u0161o meda\u013cu\u201d pakete<\/b> Ir pieejams ar\u012b m\u016bsu unik\u0101lais komplekts \u201cUzvar\u0113t\u0101ju meda\u013cas\u201d, kas \u013cauj pas\u016bt\u012bjum\u0101 iek\u013caut 1., 2. un 3. vietas meda\u013cu komplektu, lai izveidotu piln\u012bgu apbalvojumu komplektu j\u016bsu sacens\u012bb\u0101m.<\/p>\n<p><b>Galven\u0101s iez\u012bmes:<\/b><\/p>\n<ul>\n<li><b>UV druka uz 3D virsm\u0101m:<\/b> Pilnkr\u0101su dizaini, kas uzkl\u0101ti tie\u0161i uz pacelt\u0101 un padzi\u013cin\u0101t\u0101 met\u0101la.<\/li>\n<li><b>Augst\u0101k\u0101s kvalit\u0101tes cinka sakaus\u0113juma materi\u0101ls:<\/b> \u013bauj veidot sare\u017e\u0123\u012btas 3D reljefa formas un piel\u0101gotus izgriezumus.<\/li>\n<li><b>Iek\u013cautas pilnkr\u0101su druk\u0101tas lentes:<\/b> J\u016bsu dizains ir iespiests ab\u0101s lentes pus\u0113s.<\/li>\n<li><b>Videi draudz\u012bga rPET lentes opcija:<\/b> Ilgtsp\u0113j\u012bga lentes izv\u0113le, kas izgatavota no p\u0101rstr\u0101d\u0101tiem materi\u0101liem.<\/li>\n<li><b>Piln\u012bb\u0101 piel\u0101gota forma:<\/b> J\u016bsu meda\u013cu var atliet jebkur\u0101 form\u0101, lai t\u0101 p\u0101rst\u0101v\u0113tu j\u016bsu z\u012bmolu vai notikumu.<\/li>\n<li><b>Pieejam\u0101 pakete \u201cUzvar\u0113t\u0101ju meda\u013cas\u201d:<\/b> Viegli iek\u013caujiet 1., 2. un 3. vietas meda\u013cas.<\/li>\n<li><b>Individu\u0101la v\u0101rda un numura grav\u0113\u0161ana:<\/b> Personaliz\u0113jiet katru meda\u013cu sa\u0146\u0113m\u0113jam.<\/li>\n<li><b>8 da\u017e\u0101das p\u0101rkl\u0101juma kr\u0101sas:<\/b> Izv\u0113lieties savam dizainam perfektu met\u0101lisku apdari.<\/li>\n<\/ul>\n<p>&nbsp;<\/p>\n<h3><\/h3>","protected":false},"excerpt":{"rendered":"<p>Izbaudiet n\u0101kamo meda\u013cu dizaina l\u012bmeni ar m\u016bsu UV druk\u0101taj\u0101m 3D meda\u013c\u0101m. \u0160\u012b tehnika druk\u0101 spilgtus, pilnkr\u0101su dizainus tie\u0161i uz paceltaj\u0101m un padzi\u013cin\u0101taj\u0101m met\u0101la virsm\u0101m.<\/p>","protected":false},"featured_media":6447,"comment_status":"closed","ping_status":"closed","template":"","meta":[],"product_brand":[],"product_cat":[68,102,45],"product_tag":[],"class_list":{"0":"post-5103","1":"product","2":"type-product","3":"status-publish","4":"has-post-thumbnail","6":"product_cat-event-supplies","7":"product_cat-medals","8":"product_cat-other","10":"first","11":"instock","12":"shipping-taxable","13":"purchasable","14":"product-type-simple"},"_links":{"self":[{"href":"https:\/\/displayproducts.eu\/lv\/wp-json\/wp\/v2\/product\/5103","targetHints":{"allow":["GET"]}}],"collection":[{"href":"https:\/\/displayproducts.eu\/lv\/wp-json\/wp\/v2\/product"}],"about":[{"href":"https:\/\/displayproducts.eu\/lv\/wp-json\/wp\/v2\/types\/product"}],"replies":[{"embeddable":true,"href":"https:\/\/displayproducts.eu\/lv\/wp-json\/wp\/v2\/comments?post=5103"}],"wp:featuredmedia":[{"embeddable":true,"href":"https:\/\/displayproducts.eu\/lv\/wp-json\/wp\/v2\/media\/6447"}],"wp:attachment":[{"href":"https:\/\/displayproducts.eu\/lv\/wp-json\/wp\/v2\/media?parent=5103"}],"wp:term":[{"taxonomy":"product_brand","embeddable":true,"href":"https:\/\/displayproducts.eu\/lv\/wp-json\/wp\/v2\/product_brand?post=5103"},{"taxonomy":"product_cat","embeddable":true,"href":"https:\/\/displayproducts.eu\/lv\/wp-json\/wp\/v2\/product_cat?post=5103"},{"taxonomy":"product_tag","embeddable":true,"href":"https:\/\/displayproducts.eu\/lv\/wp-json\/wp\/v2\/product_tag?post=5103"}],"curies":[{"name":"wp","href":"https:\/\/api.w.org\/{rel}","templated":true}]}}