{"id":5098,"date":"2025-10-06T21:55:28","date_gmt":"2025-10-06T18:55:28","guid":{"rendered":"https:\/\/wristbandfactory.eu\/?post_type=product&#038;p=5098"},"modified":"2026-04-01T21:52:35","modified_gmt":"2026-04-01T18:52:35","slug":"standard-shape-medals-with-full-color-doming","status":"publish","type":"product","link":"https:\/\/displayproducts.eu\/lv\/p\/standard-shape-medals-with-full-color-doming\/","title":{"rendered":"Standarta formas meda\u013cas ar pilnkr\u0101su kupolu"},"content":{"rendered":"<p>Pas\u0101kumiem, kuros nepiecie\u0161ams \u0101trs, vienk\u0101r\u0161s un \u013coti rentabls apbalvo\u0161anas risin\u0101jums, m\u016bsu standarta formas dzelzs meda\u013cas ir lieliska izv\u0113le. Izmantojot standarta 50 mm meda\u013cas formu (piem\u0113ram, apa\u013cu), m\u0113s varam pied\u0101v\u0101t zem\u0101ko cenu un \u0101tr\u0101ko izpildes laiku, vienlaikus nodro\u0161inot skaistu, pilnkr\u0101su piel\u0101gotu dizainu j\u016bsu pas\u0101kumam.<\/p>\n<p><b>Maksim\u0101la ietekme uz minim\u0101lu bud\u017eetu<\/b> \u0160\u012bs meda\u013cas ir ide\u0101li piem\u0113rotas dal\u012bbas apbalvojumiem, skolas sporta dien\u0101m vai jebkuram citam pas\u0101kumam, kam nepiecie\u0161ams liels daudzums augstas kvalit\u0101tes meda\u013cu par pie\u0146emamu cenu. Priek\u0161pus\u0113 ir spilgts, pilnkr\u0101su dizains, ko aizsarg\u0101 sp\u012bd\u012bgs un iztur\u012bgs kupols. Meda\u013cas pamatne ir izgatavota no mas\u012bva dzelzs, kas tai pie\u0161\u0137ir pat\u012bkamu svaru un saj\u016btu.<\/p>\n<p><b>Vienk\u0101r\u0161a un racionaliz\u0113ta piel\u0101go\u0161ana<\/b><\/p>\n<ul>\n<li><b>Meda\u013ca:<\/b> Meda\u013ca ir standarta 50 mm form\u0101. J\u016bs varat izv\u0113l\u0113ties no 8 da\u017e\u0101d\u0101m met\u0101la p\u0101rkl\u0101juma kr\u0101s\u0101m un personaliz\u0113t aizmuguri ar iegrav\u0113tu logotipu vai individu\u0101liem v\u0101rdiem un cipariem.<\/li>\n<li><b>Lente:<\/b> Katrai meda\u013cai ir pievienota 80 cm gara poliestera lente ar V veida \u0161uv\u0113m. Lentes var izgatavot l\u012bdz pat 3 j\u016bsu izv\u0113l\u0113taj\u0101s kr\u0101s\u0101s, un j\u016bs varat pievienot savu sietspiedes logotipu vien\u0101 vai ab\u0101s pus\u0113s.<\/li>\n<\/ul>\n<p>&nbsp;<\/p>\n<p><b>\u201cUzvaro\u0161o meda\u013cu\u201d pakete<\/b> Pat ar m\u016bsu bud\u017eetam draudz\u012bg\u0101ko variantu j\u016bs joproj\u0101m varat atz\u012bm\u0113t savus lab\u0101kos sasniegumus. Ir pieejams m\u016bsu unik\u0101lais \u201cUzvar\u0113t\u0101ju meda\u013cu\u201d komplekts, kas \u013cauj pas\u016bt\u012bjum\u0101 iek\u013caut 1., 2. un 3. vietas meda\u013cu komplektu.<\/p>\n<p><b>Galven\u0101s iez\u012bmes:<\/b><\/p>\n<ul>\n<li><b>Visizdev\u012bg\u0101k\u0101 meda\u013cas iesp\u0113ja:<\/b> M\u016bsu visizdev\u012bg\u0101kais pied\u0101v\u0101jums lieliem pas\u016bt\u012bjumiem un ierobe\u017eotiem bud\u017eetiem.<\/li>\n<li><b>Standarta 50 mm forma:<\/b> \u013bauj \u0101tr\u0101k ra\u017eot un samazin\u0101t izmaksas.<\/li>\n<li><b>Pilnkr\u0101su kupolveida apdare:<\/b> Izce\u013c j\u016bsu sare\u017e\u0123\u012bto, kr\u0101saino logotipu ar aizsarg\u0101jo\u0161u, sp\u012bd\u012bgu sl\u0101ni.<\/li>\n<li><b>Pieejam\u0101 pakete \u201cUzvar\u0113t\u0101ju meda\u013cas\u201d:<\/b> Viegli iek\u013caujiet 1., 2. un 3. vietas meda\u013cas.<\/li>\n<li><b>Individu\u0101la v\u0101rda un numura grav\u0113\u0161ana:<\/b> Personaliz\u0113jiet katru meda\u013cu sa\u0146\u0113m\u0113jam.<\/li>\n<li><b>Papildus iegrav\u0113ts logotips aizmugur\u0113:<\/b> Pievienojiet papildu z\u012bmolu meda\u013cas aizmugur\u0113.<\/li>\n<li><b>Iek\u013cautas piel\u0101gojamas V veida \u0161uves lentes:<\/b> Izv\u0113lieties kr\u0101sas un pievienojiet savu logotipu.<\/li>\n<li><b>8 da\u017e\u0101das p\u0101rkl\u0101juma kr\u0101sas:<\/b> Izv\u0113lieties savai meda\u013cai perfektu met\u0101lisku apdari.<\/li>\n<\/ul>\n<p>&nbsp;<\/p>\n<h3><\/h3>","protected":false},"excerpt":{"rendered":"<p>M\u016bsu \u0101tr\u0101kais un pieejam\u0101kais apbalvojumu risin\u0101jums. \u0160\u012bm standarta formas dzelzs meda\u013c\u0101m ir j\u016bsu spilgts, pilnkr\u0101su kupolveida logotips, kas pied\u0101v\u0101 maksim\u0101lu iespaidu par minim\u0101lu bud\u017eetu.<\/p>","protected":false},"featured_media":6643,"comment_status":"closed","ping_status":"closed","template":"","meta":[],"product_brand":[],"product_cat":[68,102,45],"product_tag":[],"class_list":{"0":"post-5098","1":"product","2":"type-product","3":"status-publish","4":"has-post-thumbnail","6":"product_cat-event-supplies","7":"product_cat-medals","8":"product_cat-other","10":"first","11":"instock","12":"shipping-taxable","13":"purchasable","14":"product-type-simple"},"_links":{"self":[{"href":"https:\/\/displayproducts.eu\/lv\/wp-json\/wp\/v2\/product\/5098","targetHints":{"allow":["GET"]}}],"collection":[{"href":"https:\/\/displayproducts.eu\/lv\/wp-json\/wp\/v2\/product"}],"about":[{"href":"https:\/\/displayproducts.eu\/lv\/wp-json\/wp\/v2\/types\/product"}],"replies":[{"embeddable":true,"href":"https:\/\/displayproducts.eu\/lv\/wp-json\/wp\/v2\/comments?post=5098"}],"wp:featuredmedia":[{"embeddable":true,"href":"https:\/\/displayproducts.eu\/lv\/wp-json\/wp\/v2\/media\/6643"}],"wp:attachment":[{"href":"https:\/\/displayproducts.eu\/lv\/wp-json\/wp\/v2\/media?parent=5098"}],"wp:term":[{"taxonomy":"product_brand","embeddable":true,"href":"https:\/\/displayproducts.eu\/lv\/wp-json\/wp\/v2\/product_brand?post=5098"},{"taxonomy":"product_cat","embeddable":true,"href":"https:\/\/displayproducts.eu\/lv\/wp-json\/wp\/v2\/product_cat?post=5098"},{"taxonomy":"product_tag","embeddable":true,"href":"https:\/\/displayproducts.eu\/lv\/wp-json\/wp\/v2\/product_tag?post=5098"}],"curies":[{"name":"wp","href":"https:\/\/api.w.org\/{rel}","templated":true}]}}